{"id":15033,"date":"2015-02-16T02:45:49","date_gmt":"2015-02-16T02:45:49","guid":{"rendered":"https:\/\/gruptravi.com\/reserva-el-pintor\/"},"modified":"2022-08-17T08:46:37","modified_gmt":"2022-08-17T07:46:37","slug":"reserva-el-pintor","status":"publish","type":"page","link":"https:\/\/gruptravi.com\/ca\/reserva-el-pintor\/","title":{"rendered":"Reserva El Pintor"},"content":{"rendered":"<div class=\"row \"><div class=\"vamtam-grid grid-1-1  vamtam-first-level grid-1-1  first has-background extended no-extended-padding\" style=\"background-color:#F5F3F0;padding-top:0.05px;padding-bottom:40px;\" id=\"vamtam-column-39bab385a07d1c8742bd43760eac7fbe\" ><div class=\"limit-wrapper\"><div class=\"extended-column-inner\"><style>#vamtam-column-39bab385a07d1c8742bd43760eac7fbe,#vamtam-column-39bab385a07d1c8742bd43760eac7fbe p,#vamtam-column-39bab385a07d1c8742bd43760eac7fbe em,#vamtam-column-39bab385a07d1c8742bd43760eac7fbe h1,#vamtam-column-39bab385a07d1c8742bd43760eac7fbe h2,#vamtam-column-39bab385a07d1c8742bd43760eac7fbe h3,#vamtam-column-39bab385a07d1c8742bd43760eac7fbe h4,#vamtam-column-39bab385a07d1c8742bd43760eac7fbe h5,#vamtam-column-39bab385a07d1c8742bd43760eac7fbe h6,#vamtam-column-39bab385a07d1c8742bd43760eac7fbe h1 a:not(:hover),#vamtam-column-39bab385a07d1c8742bd43760eac7fbe h2 a:not(:hover),#vamtam-column-39bab385a07d1c8742bd43760eac7fbe h3 a:not(:hover),#vamtam-column-39bab385a07d1c8742bd43760eac7fbe h4 a:not(:hover),#vamtam-column-39bab385a07d1c8742bd43760eac7fbe h5 a:not(:hover),#vamtam-column-39bab385a07d1c8742bd43760eac7fbe h6 a:not(:hover),#vamtam-column-39bab385a07d1c8742bd43760eac7fbe .column-title,#vamtam-column-39bab385a07d1c8742bd43760eac7fbe .sep-text h2.regular-title-wrapper,#vamtam-column-39bab385a07d1c8742bd43760eac7fbe .text-divider-double,#vamtam-column-39bab385a07d1c8742bd43760eac7fbe .sep-text .sep-text-line,#vamtam-column-39bab385a07d1c8742bd43760eac7fbe .sep,#vamtam-column-39bab385a07d1c8742bd43760eac7fbe .sep-2,#vamtam-column-39bab385a07d1c8742bd43760eac7fbe .sep-3,#vamtam-column-39bab385a07d1c8742bd43760eac7fbe .portfolio-filters .inner-wrapper .cbp-filter-item,#vamtam-column-39bab385a07d1c8742bd43760eac7fbe .portfolio-filters .inner-wrapper .cbp-filter-item:hover,#vamtam-column-39bab385a07d1c8742bd43760eac7fbe .portfolio-filters .inner-wrapper .cbp-filter-item.cbp-filter-item-active,#vamtam-column-39bab385a07d1c8742bd43760eac7fbe td,#vamtam-column-39bab385a07d1c8742bd43760eac7fbe th,#vamtam-column-39bab385a07d1c8742bd43760eac7fbe caption{color:#272727;}<\/style><div class=\"vamtam-blank-space  vamtam-hide-lowres\" style=\"margin-bottom:-40px\"><\/div>\n<div class=\"row \"><div class=\"vamtam-grid grid-1-4  grid-1-4  first unextended has-extended-padding\" style=\"padding-top:0.05px;padding-bottom:0.05px;\" id=\"vamtam-column-bada5f22b45a5873800bb0eb62c9e832\" ><\/div>\n<div class=\"vamtam-grid grid-1-2  grid-1-2 vamtam-add-ornaments-all has-background unextended no-extended-padding\" style=\"background-color:#ffffff;padding-top:20px;padding-bottom:10px;\" id=\"vamtam-column-43f35fc42d84ff21aba2df510ccfb934\" ><style>#vamtam-column-43f35fc42d84ff21aba2df510ccfb934,#vamtam-column-43f35fc42d84ff21aba2df510ccfb934 p,#vamtam-column-43f35fc42d84ff21aba2df510ccfb934 em,#vamtam-column-43f35fc42d84ff21aba2df510ccfb934 h1,#vamtam-column-43f35fc42d84ff21aba2df510ccfb934 h2,#vamtam-column-43f35fc42d84ff21aba2df510ccfb934 h3,#vamtam-column-43f35fc42d84ff21aba2df510ccfb934 h4,#vamtam-column-43f35fc42d84ff21aba2df510ccfb934 h5,#vamtam-column-43f35fc42d84ff21aba2df510ccfb934 h6,#vamtam-column-43f35fc42d84ff21aba2df510ccfb934 h1 a:not(:hover),#vamtam-column-43f35fc42d84ff21aba2df510ccfb934 h2 a:not(:hover),#vamtam-column-43f35fc42d84ff21aba2df510ccfb934 h3 a:not(:hover),#vamtam-column-43f35fc42d84ff21aba2df510ccfb934 h4 a:not(:hover),#vamtam-column-43f35fc42d84ff21aba2df510ccfb934 h5 a:not(:hover),#vamtam-column-43f35fc42d84ff21aba2df510ccfb934 h6 a:not(:hover),#vamtam-column-43f35fc42d84ff21aba2df510ccfb934 .column-title,#vamtam-column-43f35fc42d84ff21aba2df510ccfb934 .sep-text h2.regular-title-wrapper,#vamtam-column-43f35fc42d84ff21aba2df510ccfb934 .text-divider-double,#vamtam-column-43f35fc42d84ff21aba2df510ccfb934 .sep-text .sep-text-line,#vamtam-column-43f35fc42d84ff21aba2df510ccfb934 .sep,#vamtam-column-43f35fc42d84ff21aba2df510ccfb934 .sep-2,#vamtam-column-43f35fc42d84ff21aba2df510ccfb934 .sep-3,#vamtam-column-43f35fc42d84ff21aba2df510ccfb934 .portfolio-filters .inner-wrapper .cbp-filter-item,#vamtam-column-43f35fc42d84ff21aba2df510ccfb934 .portfolio-filters .inner-wrapper .cbp-filter-item:hover,#vamtam-column-43f35fc42d84ff21aba2df510ccfb934 .portfolio-filters .inner-wrapper .cbp-filter-item.cbp-filter-item-active,#vamtam-column-43f35fc42d84ff21aba2df510ccfb934 td,#vamtam-column-43f35fc42d84ff21aba2df510ccfb934 th,#vamtam-column-43f35fc42d84ff21aba2df510ccfb934 caption{color:#333;}#vamtam-column-43f35fc42d84ff21aba2df510ccfb934:before{background-color:#fff;}#vamtam-column-43f35fc42d84ff21aba2df510ccfb934:after{background-color:#fff;}<\/style><div class=\"row \"><div class=\"vamtam-grid grid-1-1  grid-1-1  first unextended no-extended-padding\" style=\"padding-top:0.05px;padding-bottom:0.05px;\" id=\"vamtam-column-7b79fe0278a8a8a5d7b9826ae06a50a6\" ><p style=\"text-align: center;\">\u2748<\/p><\/div><\/div>\n<div class=\"row \"><div class=\"vamtam-grid grid-1-1  grid-1-1  first unextended no-extended-padding\" style=\"padding-top:0.05px;padding-bottom:0.05px;\" id=\"vamtam-column-5ac87c9485900dd4aef5eba1c92df77e\" ><p>\n<div class=\"wpcf7 no-js\" id=\"wpcf7-f15032-o1\" lang=\"ca\" dir=\"ltr\">\n<div class=\"screen-reader-response\"><p role=\"status\" aria-live=\"polite\" aria-atomic=\"true\"><\/p> <ul><\/ul><\/div>\n<form action=\"\/ca\/wp-json\/wp\/v2\/pages\/15033#wpcf7-f15032-o1\" method=\"post\" class=\"wpcf7-form init\" aria-label=\"Formulari de contacte\" novalidate=\"novalidate\" data-status=\"init\">\n<div style=\"display: none;\">\n<input type=\"hidden\" name=\"_wpcf7\" value=\"15032\" \/>\n<input type=\"hidden\" name=\"_wpcf7_version\" value=\"5.9.8\" \/>\n<input type=\"hidden\" name=\"_wpcf7_locale\" value=\"ca\" \/>\n<input type=\"hidden\" name=\"_wpcf7_unit_tag\" value=\"wpcf7-f15032-o1\" \/>\n<input type=\"hidden\" name=\"_wpcf7_container_post\" value=\"0\" \/>\n<input type=\"hidden\" name=\"_wpcf7_posted_data_hash\" value=\"\" \/>\n<input type=\"hidden\" name=\"_wpcf7_recaptcha_response\" value=\"\" \/>\n<\/div>\n<p><label> El seu nom i cognoms*<br \/>\n<span class=\"wpcf7-form-control-wrap\" data-name=\"your-name\"><input size=\"40\" maxlength=\"400\" class=\"wpcf7-form-control wpcf7-text wpcf7-validates-as-required\" aria-required=\"true\" aria-invalid=\"false\" value=\"\" type=\"text\" name=\"your-name\" \/><\/span> <\/label>\n<\/p>\n<p><label> El seu correu electr\u00f2nic*<br \/>\n<span class=\"wpcf7-form-control-wrap\" data-name=\"your-email\"><input size=\"40\" maxlength=\"400\" class=\"wpcf7-form-control wpcf7-email wpcf7-validates-as-required wpcf7-text wpcf7-validates-as-email\" aria-required=\"true\" aria-invalid=\"false\" value=\"\" type=\"email\" name=\"your-email\" \/><\/span> <\/label>\n<\/p>\n<p><label> Data*<br \/>\n<span class=\"wpcf7-form-control-wrap\" data-name=\"date-580\"><input class=\"wpcf7-form-control wpcf7-date wpcf7-validates-as-required wpcf7-validates-as-date\" aria-required=\"true\" aria-invalid=\"false\" value=\"\" type=\"date\" name=\"date-580\" \/><\/span><\/label>\n<\/p>\n<p><label> Hora*<br \/>\n<span class=\"wpcf7-form-control-wrap\" data-name=\"tu-hora\"><input size=\"40\" maxlength=\"400\" class=\"wpcf7-form-control wpcf7-text wpcf7-validates-as-required\" aria-required=\"true\" aria-invalid=\"false\" value=\"\" type=\"text\" name=\"tu-hora\" \/><\/span><\/label>\n<\/p>\n<p><label> Comensals*<br \/>\n<span class=\"wpcf7-form-control-wrap\" data-name=\"comensales\"><input class=\"wpcf7-form-control wpcf7-number wpcf7-validates-as-required wpcf7-validates-as-number\" min=\"1\" aria-required=\"true\" aria-invalid=\"false\" value=\"1\" type=\"number\" name=\"comensales\" \/><\/span><\/label>\n<\/p>\n<p><label>Tel\u00e8fon*<br \/>\n<span class=\"wpcf7-form-control-wrap\" data-name=\"tel-704\"><input size=\"40\" maxlength=\"400\" class=\"wpcf7-form-control wpcf7-tel wpcf7-validates-as-required wpcf7-text wpcf7-validates-as-tel\" aria-required=\"true\" aria-invalid=\"false\" value=\"\" type=\"tel\" name=\"tel-704\" \/><\/span><\/label>\n<\/p>\n<p><label>El seu missatge (opcional)<br \/>\n<span class=\"wpcf7-form-control-wrap\" data-name=\"your-message\"><textarea cols=\"40\" rows=\"10\" maxlength=\"2000\" class=\"wpcf7-form-control wpcf7-textarea\" aria-invalid=\"false\" name=\"your-message\"><\/textarea><\/span> <\/label>\n<\/p>\n<p><span class=\"wpcf7-form-control-wrap\" data-name=\"acceptance-761\"><span class=\"wpcf7-form-control wpcf7-acceptance\"><span class=\"wpcf7-list-item\"><label><input type=\"checkbox\" name=\"acceptance-761\" value=\"1\" aria-invalid=\"false\" \/><span class=\"wpcf7-list-item-label\">He llegit i accepto la <a href=\"\/ca\/politica-de-privacitat\" target=\"_blank\">Pol\u00edtica de privacitat<\/a><\/span><\/label><\/span><\/span><\/span>\n<\/p>\n<p><input class=\"wpcf7-form-control wpcf7-submit has-spinner\" type=\"submit\" value=\"Enviar\" \/>\n<\/p>\n<p>Important: La reserva no queda completa fins la confirmaci\u00f3 del restaurant v\u00eda e-mail o v\u00eda telef\u00f2nica.<br \/>\n*Camps obligat\u00f2ris\n<\/p><p style=\"display: none !important;\" class=\"akismet-fields-container\" data-prefix=\"_wpcf7_ak_\"><label>&#916;<textarea name=\"_wpcf7_ak_hp_textarea\" cols=\"45\" rows=\"8\" maxlength=\"100\"><\/textarea><\/label><input type=\"hidden\" id=\"ak_js_1\" name=\"_wpcf7_ak_js\" value=\"80\"\/><script>document.getElementById( \"ak_js_1\" ).setAttribute( \"value\", ( new Date() ).getTime() );<\/script><\/p><div class=\"wpcf7-response-output\" aria-hidden=\"true\"><\/div>\n<\/form>\n<\/div>\n<\/p><\/div><\/div><\/div><\/div>\n<div class=\"vamtam-blank-space \" style=\"height:60px\"><\/div>\n<div class=\"row \"><div class=\"vamtam-grid grid-1-1  grid-1-1  first unextended no-extended-padding\" style=\"padding-top:0.05px;padding-bottom:0.05px;\" id=\"vamtam-column-6ba09c1663953f285c6c52dab29b5889\" ><p style=\"text-align: center;\">\u2748<\/p><\/div><\/div>\n<div class=\"vamtam-blank-space  vamtam-hide-lowres\" style=\"height:60px\"><\/div><\/div><\/div><\/div><\/div>\n<div class=\"vamtam-blank-space  vamtam-hide-lowres\" style=\"margin-bottom:-40px\"><\/div>\n<div class=\"limit-wrapper\"><div class=\"row \"><div class=\"vamtam-grid grid-1-3  vamtam-first-level grid-1-3  first unextended no-extended-padding\" style=\"padding-top:40px;padding-bottom:60px;\" id=\"vamtam-column-05c2a8e57a3e0d4859a8308f94e53bbb\" ><\/div>\n<div class=\"vamtam-grid grid-1-3  vamtam-first-level grid-1-3 vamtam-add-ornaments-all has-background unextended left-border no-extended-padding\" style=\"background-color:#23282F;padding-top:0.05px;padding-bottom:40px;\" id=\"vamtam-column-dbb85fa1583d02b73d54033312c5961b\" ><style>#vamtam-column-dbb85fa1583d02b73d54033312c5961b,#vamtam-column-dbb85fa1583d02b73d54033312c5961b p,#vamtam-column-dbb85fa1583d02b73d54033312c5961b em,#vamtam-column-dbb85fa1583d02b73d54033312c5961b h1,#vamtam-column-dbb85fa1583d02b73d54033312c5961b h2,#vamtam-column-dbb85fa1583d02b73d54033312c5961b h3,#vamtam-column-dbb85fa1583d02b73d54033312c5961b h4,#vamtam-column-dbb85fa1583d02b73d54033312c5961b h5,#vamtam-column-dbb85fa1583d02b73d54033312c5961b h6,#vamtam-column-dbb85fa1583d02b73d54033312c5961b h1 a:not(:hover),#vamtam-column-dbb85fa1583d02b73d54033312c5961b h2 a:not(:hover),#vamtam-column-dbb85fa1583d02b73d54033312c5961b h3 a:not(:hover),#vamtam-column-dbb85fa1583d02b73d54033312c5961b h4 a:not(:hover),#vamtam-column-dbb85fa1583d02b73d54033312c5961b h5 a:not(:hover),#vamtam-column-dbb85fa1583d02b73d54033312c5961b h6 a:not(:hover),#vamtam-column-dbb85fa1583d02b73d54033312c5961b .column-title,#vamtam-column-dbb85fa1583d02b73d54033312c5961b .sep-text h2.regular-title-wrapper,#vamtam-column-dbb85fa1583d02b73d54033312c5961b .text-divider-double,#vamtam-column-dbb85fa1583d02b73d54033312c5961b .sep-text .sep-text-line,#vamtam-column-dbb85fa1583d02b73d54033312c5961b .sep,#vamtam-column-dbb85fa1583d02b73d54033312c5961b .sep-2,#vamtam-column-dbb85fa1583d02b73d54033312c5961b .sep-3,#vamtam-column-dbb85fa1583d02b73d54033312c5961b .portfolio-filters .inner-wrapper .cbp-filter-item,#vamtam-column-dbb85fa1583d02b73d54033312c5961b .portfolio-filters .inner-wrapper .cbp-filter-item:hover,#vamtam-column-dbb85fa1583d02b73d54033312c5961b .portfolio-filters .inner-wrapper .cbp-filter-item.cbp-filter-item-active,#vamtam-column-dbb85fa1583d02b73d54033312c5961b td,#vamtam-column-dbb85fa1583d02b73d54033312c5961b th,#vamtam-column-dbb85fa1583d02b73d54033312c5961b caption{color:#f5f5f5;}#vamtam-column-dbb85fa1583d02b73d54033312c5961b:before{background-color:#23282f;}#vamtam-column-dbb85fa1583d02b73d54033312c5961b:after{background-color:#23282f;}<\/style><div class=\"row \"><div class=\"vamtam-grid grid-1-1  grid-1-1 vamtam-add-ornaments-all first has-background unextended no-extended-padding\" style=\"background-color:#cd9b33;padding-top:20px;padding-bottom:20px;\" id=\"vamtam-column-7ddb2c44c923cae2c2922d7cfe6efa7f\" ><style>#vamtam-column-7ddb2c44c923cae2c2922d7cfe6efa7f,#vamtam-column-7ddb2c44c923cae2c2922d7cfe6efa7f p,#vamtam-column-7ddb2c44c923cae2c2922d7cfe6efa7f em,#vamtam-column-7ddb2c44c923cae2c2922d7cfe6efa7f h1,#vamtam-column-7ddb2c44c923cae2c2922d7cfe6efa7f h2,#vamtam-column-7ddb2c44c923cae2c2922d7cfe6efa7f h3,#vamtam-column-7ddb2c44c923cae2c2922d7cfe6efa7f h4,#vamtam-column-7ddb2c44c923cae2c2922d7cfe6efa7f h5,#vamtam-column-7ddb2c44c923cae2c2922d7cfe6efa7f h6,#vamtam-column-7ddb2c44c923cae2c2922d7cfe6efa7f h1 a:not(:hover),#vamtam-column-7ddb2c44c923cae2c2922d7cfe6efa7f h2 a:not(:hover),#vamtam-column-7ddb2c44c923cae2c2922d7cfe6efa7f h3 a:not(:hover),#vamtam-column-7ddb2c44c923cae2c2922d7cfe6efa7f h4 a:not(:hover),#vamtam-column-7ddb2c44c923cae2c2922d7cfe6efa7f h5 a:not(:hover),#vamtam-column-7ddb2c44c923cae2c2922d7cfe6efa7f h6 a:not(:hover),#vamtam-column-7ddb2c44c923cae2c2922d7cfe6efa7f .column-title,#vamtam-column-7ddb2c44c923cae2c2922d7cfe6efa7f .sep-text h2.regular-title-wrapper,#vamtam-column-7ddb2c44c923cae2c2922d7cfe6efa7f .text-divider-double,#vamtam-column-7ddb2c44c923cae2c2922d7cfe6efa7f .sep-text .sep-text-line,#vamtam-column-7ddb2c44c923cae2c2922d7cfe6efa7f .sep,#vamtam-column-7ddb2c44c923cae2c2922d7cfe6efa7f .sep-2,#vamtam-column-7ddb2c44c923cae2c2922d7cfe6efa7f .sep-3,#vamtam-column-7ddb2c44c923cae2c2922d7cfe6efa7f .portfolio-filters .inner-wrapper .cbp-filter-item,#vamtam-column-7ddb2c44c923cae2c2922d7cfe6efa7f .portfolio-filters .inner-wrapper .cbp-filter-item:hover,#vamtam-column-7ddb2c44c923cae2c2922d7cfe6efa7f .portfolio-filters .inner-wrapper .cbp-filter-item.cbp-filter-item-active,#vamtam-column-7ddb2c44c923cae2c2922d7cfe6efa7f td,#vamtam-column-7ddb2c44c923cae2c2922d7cfe6efa7f th,#vamtam-column-7ddb2c44c923cae2c2922d7cfe6efa7f caption{color:#fff;}#vamtam-column-7ddb2c44c923cae2c2922d7cfe6efa7f:before{background-color:#cd9b33;}#vamtam-column-7ddb2c44c923cae2c2922d7cfe6efa7f:after{background-color:#cd9b33;}<\/style><div class=\"row \"><div class=\"vamtam-grid grid-1-1  grid-1-1  first unextended animation-fade-in animated-active no-extended-padding\" style=\"padding-top:0.05px;padding-bottom:0.05px;\" id=\"vamtam-column-af633fa2e956eaec08278e73f01993f3\" ><p style=\"text-align: center;\"><span class='icon shortcode theme  use-hover' style='color:#ffffff;font-size:120px !important;'>&#59656;<\/span>\n<span class=\"vamtam-blank-space \" style=\"margin-bottom:-10px\"><\/span>\n<h3 style=\"text-align: center;\">Truqui&#8217;ns<\/h3>\n<h5 style=\"text-align: center;\">(+34) 93 301 40 65<\/h5>\n<p style=\"text-align: center;\">FACI LA SEVA CONSULTA<\/p>\n<p style=\"text-align: center;\"><a href=\"https:\/\/www.tripadvisor.es\/Restaurant_Review-g187497-d717238-Reviews-El_Pintor-Barcelona_Catalonia.html\"> <span class='icon shortcode theme  use-hover' style='color:#ffffff;font-size:38px !important;'>&#59657;<\/span><\/a><\/p>\n<p style=\"text-align: center;\"><a href=\"https:\/\/www.instagram.com\/restaurantelpintor\/?hl=es\"><span class='icon shortcode   use-hover' style='color:#ffffff;font-size:20px !important;'>&#58158;<\/span><\/a>\u00a0 <a href=\"https:\/\/www.facebook.com\/Restaurant-El-Pintor-1074767496015304\/\"><span class='icon shortcode   use-hover' style='color:#ffffff;font-size:20px !important;'>&#58155;<\/span><\/a><\/p>\n<p style=\"text-align: center;\"><\/div><\/div><\/div><\/div>\n<div class=\"vamtam-blank-space \" style=\"height:50px\"><\/div>\n<div class=\"row \"><div class=\"vamtam-grid grid-1-1  grid-1-1  first unextended animation-fade-in animated-active no-extended-padding\" style=\"padding-top:0.05px;padding-bottom:0.05px;\" id=\"vamtam-column-08d742ab8b9b465483df35f6d1d7ef81\" ><span class=\"vamtam-blank-space  vamtam-hide-lowres\" style=\"height:30px\"><\/span>\n<h5 style=\"text-align: center;\">Horari de Cu\u00efna<\/h5>\n<p class=\"color-accent-4\" style=\"text-align: center;\">De dilluns a diumenge<br \/>\n13:00 \u2013 16:00h.<br \/>\n20:00 \u2013 23:00h.<\/p>\n<p style=\"text-align: center;\"><strong>\u00a0<\/strong><\/p><\/div><\/div><\/div>\n<div class=\"vamtam-grid grid-1-3  vamtam-first-level grid-1-3  unextended no-extended-padding\" style=\"padding-top:40px;padding-bottom:0.05px;\" id=\"vamtam-column-dc0cfd3cd4f18ab151049c1c370b5193\" ><\/div><\/div><\/div>\n<div class=\"limit-wrapper\"><div class=\"row \"><div class=\"vamtam-grid grid-1-1  vamtam-first-level grid-1-1  first vamtam-hide-lowres unextended no-extended-padding\" style=\"padding-top:60px;padding-bottom:10px;\" id=\"vamtam-column-2d6bf09097ae6caca4e4011ac629353a\" ><div class=\"row \"><div class=\"vamtam-grid grid-1-1  grid-1-1  first unextended no-extended-padding\" style=\"padding-top:0.05px;padding-bottom:0.05px;\" id=\"vamtam-column-f5824ad07175c20e12d5f56cd2abb856\" ><p style=\"text-align: center;\">\u2748<\/p><\/div><\/div><\/div><\/div><\/div>\n","protected":false},"excerpt":{"rendered":"<p>\u2748 \u2748 Truqui&#8217;ns (+34) 93 301 40 65 FACI LA SEVA CONSULTA \u00a0 Horari de Cu\u00efna De dilluns a diumenge 13:00 \u2013 16:00h. 20:00 \u2013 23:00h. \u00a0 \u2748<\/p>\n","protected":false},"author":3,"featured_media":0,"parent":0,"menu_order":0,"comment_status":"closed","ping_status":"closed","template":"","meta":{"footnotes":""},"yoast_head":"<!-- This site is optimized with the Yoast SEO plugin v24.5 - https:\/\/yoast.com\/wordpress\/plugins\/seo\/ -->\n<title>Reserva El Pintor - Grup Travi<\/title>\n<meta name=\"description\" content=\"Reserva El Pintor. Aqu\u00ed podr\u00e0s fer la teva reserva al nostre restaurant El Pintor. Omple el nostre formulari o truca&#039;ns al 93 301 40 65.\" \/>\n<meta name=\"robots\" content=\"index, follow, max-snippet:-1, max-image-preview:large, max-video-preview:-1\" \/>\n<link rel=\"canonical\" href=\"https:\/\/gruptravi.com\/ca\/reserva-el-pintor\/\" \/>\n<meta property=\"og:locale\" content=\"ca_ES\" \/>\n<meta property=\"og:type\" content=\"article\" \/>\n<meta property=\"og:title\" content=\"Reserva El Pintor\" \/>\n<meta property=\"og:description\" content=\"Reserva El Pintor. Aqu\u00ed podr\u00e0s fer la teva reserva al nostre restaurant El Pintor. Omple el nostre formulari o truca&#039;ns al 93 301 40 65.\" \/>\n<meta property=\"og:url\" content=\"https:\/\/gruptravi.com\/ca\/reserva-el-pintor\/\" \/>\n<meta property=\"og:site_name\" content=\"Grup Travi\" \/>\n<meta property=\"article:modified_time\" content=\"2022-08-17T07:46:37+00:00\" \/>\n<meta property=\"og:image\" content=\"https:\/\/gruptravi.com\/wp-content\/uploads\/2021\/07\/ElXalet_local_noche-10.jpg\" \/>\n\t<meta property=\"og:image:width\" content=\"2000\" \/>\n\t<meta property=\"og:image:height\" content=\"1333\" \/>\n\t<meta property=\"og:image:type\" content=\"image\/jpeg\" \/>\n<meta name=\"twitter:card\" content=\"summary_large_image\" \/>\n<meta name=\"twitter:title\" content=\"Reserva El Pintor\" \/>\n<meta name=\"twitter:description\" content=\"Reserva El Pintor. Aqu\u00ed podr\u00e0s fer la teva reserva al nostre restaurant El Pintor. Omple el nostre formulari o truca&#039;ns al 93 301 40 65.\" \/>\n<meta name=\"twitter:image\" content=\"https:\/\/gruptravi.com\/wp-content\/uploads\/2021\/07\/ElXalet_local_noche-10.jpg\" \/>\n<meta name=\"twitter:label1\" content=\"Temps estimat de lectura\" \/>\n\t<meta name=\"twitter:data1\" content=\"2 minuts\" \/>\n<script type=\"application\/ld+json\" class=\"yoast-schema-graph\">{\"@context\":\"https:\/\/schema.org\",\"@graph\":[{\"@type\":\"WebPage\",\"@id\":\"https:\/\/gruptravi.com\/ca\/reserva-el-pintor\/\",\"url\":\"https:\/\/gruptravi.com\/ca\/reserva-el-pintor\/\",\"name\":\"Reserva El Pintor - Grup Travi\",\"isPartOf\":{\"@id\":\"https:\/\/gruptravi.com\/ca\/#website\"},\"datePublished\":\"2015-02-16T02:45:49+00:00\",\"dateModified\":\"2022-08-17T07:46:37+00:00\",\"description\":\"Reserva El Pintor. Aqu\u00ed podr\u00e0s fer la teva reserva al nostre restaurant El Pintor. Omple el nostre formulari o truca'ns al 93 301 40 65.\",\"breadcrumb\":{\"@id\":\"https:\/\/gruptravi.com\/ca\/reserva-el-pintor\/#breadcrumb\"},\"inLanguage\":\"ca\",\"potentialAction\":[{\"@type\":\"ReadAction\",\"target\":[\"https:\/\/gruptravi.com\/ca\/reserva-el-pintor\/\"]}]},{\"@type\":\"BreadcrumbList\",\"@id\":\"https:\/\/gruptravi.com\/ca\/reserva-el-pintor\/#breadcrumb\",\"itemListElement\":[{\"@type\":\"ListItem\",\"position\":1,\"name\":\"Portada\",\"item\":\"https:\/\/gruptravi.com\/ca\/\"},{\"@type\":\"ListItem\",\"position\":2,\"name\":\"Reserva El Pintor\"}]},{\"@type\":\"WebSite\",\"@id\":\"https:\/\/gruptravi.com\/ca\/#website\",\"url\":\"https:\/\/gruptravi.com\/ca\/\",\"name\":\"Grup Travi\",\"description\":\"\",\"potentialAction\":[{\"@type\":\"SearchAction\",\"target\":{\"@type\":\"EntryPoint\",\"urlTemplate\":\"https:\/\/gruptravi.com\/ca\/?s={search_term_string}\"},\"query-input\":{\"@type\":\"PropertyValueSpecification\",\"valueRequired\":true,\"valueName\":\"search_term_string\"}}],\"inLanguage\":\"ca\"}]}<\/script>\n<!-- \/ Yoast SEO plugin. -->","yoast_head_json":{"title":"Reserva El Pintor - Grup Travi","description":"Reserva El Pintor. Aqu\u00ed podr\u00e0s fer la teva reserva al nostre restaurant El Pintor. Omple el nostre formulari o truca'ns al 93 301 40 65.","robots":{"index":"index","follow":"follow","max-snippet":"max-snippet:-1","max-image-preview":"max-image-preview:large","max-video-preview":"max-video-preview:-1"},"canonical":"https:\/\/gruptravi.com\/ca\/reserva-el-pintor\/","og_locale":"ca_ES","og_type":"article","og_title":"Reserva El Pintor","og_description":"Reserva El Pintor. Aqu\u00ed podr\u00e0s fer la teva reserva al nostre restaurant El Pintor. Omple el nostre formulari o truca'ns al 93 301 40 65.","og_url":"https:\/\/gruptravi.com\/ca\/reserva-el-pintor\/","og_site_name":"Grup Travi","article_modified_time":"2022-08-17T07:46:37+00:00","og_image":[{"width":2000,"height":1333,"url":"https:\/\/gruptravi.com\/wp-content\/uploads\/2021\/07\/ElXalet_local_noche-10.jpg","type":"image\/jpeg"}],"twitter_card":"summary_large_image","twitter_title":"Reserva El Pintor","twitter_description":"Reserva El Pintor. Aqu\u00ed podr\u00e0s fer la teva reserva al nostre restaurant El Pintor. Omple el nostre formulari o truca'ns al 93 301 40 65.","twitter_image":"https:\/\/gruptravi.com\/wp-content\/uploads\/2021\/07\/ElXalet_local_noche-10.jpg","twitter_misc":{"Temps estimat de lectura":"2 minuts"},"schema":{"@context":"https:\/\/schema.org","@graph":[{"@type":"WebPage","@id":"https:\/\/gruptravi.com\/ca\/reserva-el-pintor\/","url":"https:\/\/gruptravi.com\/ca\/reserva-el-pintor\/","name":"Reserva El Pintor - Grup Travi","isPartOf":{"@id":"https:\/\/gruptravi.com\/ca\/#website"},"datePublished":"2015-02-16T02:45:49+00:00","dateModified":"2022-08-17T07:46:37+00:00","description":"Reserva El Pintor. Aqu\u00ed podr\u00e0s fer la teva reserva al nostre restaurant El Pintor. Omple el nostre formulari o truca'ns al 93 301 40 65.","breadcrumb":{"@id":"https:\/\/gruptravi.com\/ca\/reserva-el-pintor\/#breadcrumb"},"inLanguage":"ca","potentialAction":[{"@type":"ReadAction","target":["https:\/\/gruptravi.com\/ca\/reserva-el-pintor\/"]}]},{"@type":"BreadcrumbList","@id":"https:\/\/gruptravi.com\/ca\/reserva-el-pintor\/#breadcrumb","itemListElement":[{"@type":"ListItem","position":1,"name":"Portada","item":"https:\/\/gruptravi.com\/ca\/"},{"@type":"ListItem","position":2,"name":"Reserva El Pintor"}]},{"@type":"WebSite","@id":"https:\/\/gruptravi.com\/ca\/#website","url":"https:\/\/gruptravi.com\/ca\/","name":"Grup Travi","description":"","potentialAction":[{"@type":"SearchAction","target":{"@type":"EntryPoint","urlTemplate":"https:\/\/gruptravi.com\/ca\/?s={search_term_string}"},"query-input":{"@type":"PropertyValueSpecification","valueRequired":true,"valueName":"search_term_string"}}],"inLanguage":"ca"}]}},"_links":{"self":[{"href":"https:\/\/gruptravi.com\/ca\/wp-json\/wp\/v2\/pages\/15033"}],"collection":[{"href":"https:\/\/gruptravi.com\/ca\/wp-json\/wp\/v2\/pages"}],"about":[{"href":"https:\/\/gruptravi.com\/ca\/wp-json\/wp\/v2\/types\/page"}],"author":[{"embeddable":true,"href":"https:\/\/gruptravi.com\/ca\/wp-json\/wp\/v2\/users\/3"}],"replies":[{"embeddable":true,"href":"https:\/\/gruptravi.com\/ca\/wp-json\/wp\/v2\/comments?post=15033"}],"version-history":[{"count":4,"href":"https:\/\/gruptravi.com\/ca\/wp-json\/wp\/v2\/pages\/15033\/revisions"}],"predecessor-version":[{"id":15735,"href":"https:\/\/gruptravi.com\/ca\/wp-json\/wp\/v2\/pages\/15033\/revisions\/15735"}],"wp:attachment":[{"href":"https:\/\/gruptravi.com\/ca\/wp-json\/wp\/v2\/media?parent=15033"}],"curies":[{"name":"wp","href":"https:\/\/api.w.org\/{rel}","templated":true}]}}