{"id":15346,"date":"2021-04-26T11:31:28","date_gmt":"2021-04-26T11:31:28","guid":{"rendered":"https:\/\/gruptravi.com\/aviso-legal\/"},"modified":"2022-02-25T17:48:31","modified_gmt":"2022-02-25T16:48:31","slug":"avis-legal","status":"publish","type":"page","link":"https:\/\/gruptravi.com\/ca\/avis-legal\/","title":{"rendered":"Avis legal"},"content":{"rendered":"<div class=\"limit-wrapper\"><div class=\"row \"><div class=\"vamtam-grid grid-1-1  vamtam-first-level grid-1-1  first unextended no-extended-padding\" style=\"padding-top:0.05px;padding-bottom:0.05px;\" id=\"vamtam-column-f216629d8abee48f9593612d66a4eb91\" ><p><\/p>\r\n<p>Aquest web ha estat creat per GRUP TRAVI (MASIA CAN CORTADA SA \u2013 CAN TRAVI NOU S.L. \u2013 EL XALET DE MONTJUIC SL.) amb car\u00e0cter informatiu per al seu \u00fas personal i gratu\u00eft.<\/p>\r\n<p>GRUP TRAVI (MASIA CAN CORTADA SA \u2013 CAN TRAVI NOU SL \u2013 EL XALET DE MONTJUIC SL.) en compliment de la normativa vigent en mat\u00e8ria de protecci\u00f3 de dades de car\u00e0cter personal Llei Org\u00e0nica 3\/2018 i en concordan\u00e7a amb all\u00f2 que s&#8217;ha expressat en el Reglament ( RGPDUE) 2016\/679 del Parlament Europeu i del Consell, aix\u00ed com de la regulaci\u00f3 existent en mat\u00e8ria de Serveis de la Societat de la Informaci\u00f3 i de Comer\u00e7 Electr\u00f2nic (Llei 34\/2002), posa en el seu coneixement les presents condicions generals d&#8217;\u00fas que es apliquen a totes les operacions realitzades a trav\u00e9s de la web: WWW.GRUPTRAVI.COM<\/p>\r\n<p>D&#8217;acord amb la llei 34\/2002 de \u201cServeis de la Societat d&#8217;Informaci\u00f3 i el Comer\u00e7 Electr\u00f2nic\u201d en vigor des del juliol del 2002, comuniquem que aquest lloc web pertany a:<\/p>\r\n<p>Nom fiscal de la societat: GRUP TRAVI (M\u00c0SIA CAN CORTADA SA \u2013 CAN TRAVI NOU S.L. \u2013 EL XALET DE MONTJUIC SL.)<\/p>\r\n<p>CIF de la societat: A58628348 \u2013 B08904062 \u2013 B63246839<\/p>\r\n<p>Domicili de la societat: CARRER JORGE MANRIQUE, S\/N CP. 08035 BARCELONA<\/p>\r\n<p>Tel\u00e8fon: 34 93 428 03 01<\/p>\r\n<p>Adre\u00e7a de correu electr\u00f2nic de la societat: info@gruptravi.com<\/p>\r\n<p>Dades legals i\/o registrals de la societat:<\/p>\r\n<p>Inscrita al:<\/p>\r\n<p>Tom 36701 \u2013 40265 \u2013 35853<\/p>\r\n<p>Foli 23 \u2013 122 \u2013 29<\/p>\r\n<p>Full B 34940 \u2013 B 103325 \u2013 B 268415<\/p>\r\n<p>Registre Mercantil de Barcelona<\/p>\r\n<p><strong>CONDICIONS D&#8217;\u00daS<\/strong><\/p>\r\n<p><strong>1.<\/strong><strong>a) Utilitzaci\u00f3 l\u00edcita<\/strong><\/p>\r\n<p><strong>\u00a0<\/strong>L&#8217;usuari\/\u00e0ria d&#8217;aquesta p\u00e0gina web i dels seus serveis s&#8217;obliga a fer-ne un \u00fas conforme amb les lleis i els usos del tr\u00e0nsit, i s&#8217;abstindr\u00e0 d&#8217;utilitzar la web i els seus serveis amb finalitats o efectes il\u00b7l\u00edcits o que siguin lesius de els drets i interessos de tercers, o que de qualsevol manera puguin danyar, inutilitzar, sobrecarregar o deteriorar la web i els serveis o impedir la normal utilitzaci\u00f3 o gaudi de la web i dels serveis per part dels usuaris. Els qui incompleixin aquesta obligaci\u00f3 respondran, davant de GRUP TRAVI (MASIA CAN CORTADA SA \u2013 CAN TRAVI NOU S.L. \u2013 EL XALET DE MONTJUIC SL.) i davant de tercers, de qualssevol danys i perjudicis que poguessin causar-se com a conseq\u00fc\u00e8ncia de l&#8217;incompliment de la dita obligaci\u00f3.<\/p>\r\n<p><strong>1.<\/strong><strong>b) Garantia d&#8217;errades<\/strong><\/p>\r\n<p>GRUP TRAVI (MASIA CAN CORTADA SA \u2013 CAN TRAVI NOU S.L. \u2013 EL XALET DE MONTJUIC SL.) no garanteix la inexist\u00e8ncia d&#8217;errors en l&#8217;acc\u00e9s a la web, o en el contingut; en el cas que se citin o reprodueixin publicacions de car\u00e0cter oficial, aquesta reproducci\u00f3 tindr\u00e0 car\u00e0cter merament informatiu i s&#8217;haur\u00e0 de considerar a tots els efectes com a v\u00e0lida la publicaci\u00f3 en el seu butllet\u00ed o font oficial corresponent.<\/p>\r\n<p><strong>1<\/strong><strong>. <\/strong><strong>c) Disponibilitat del servei<\/strong><\/p>\r\n<p>GRUP TRAVI (MASIA CAN CORTADA SA \u2013 CAN TRAVI NOU SL \u2013 EL XALET DE MONTJUIC SL.) es reserva la facultat d&#8217;efectuar, en qualsevol moment i sense necessitat de previ av\u00eds, modificacions i actualitzacions sobre la informaci\u00f3 continguda a la seva web oa la seva configuraci\u00f3 o presentaci\u00f3. GRUP TRAVI (MASIA CAN CORTADA SA \u2013 CAN TRAVI NOU S.L. \u2013 EL XALET DE MONTJUIC SL.) no garanteix la disponibilitat i continu\u00eftat del funcionament de la web i dels serveis. Quan aix\u00f2 sigui raonablement possible, s&#8217;advertir\u00e0 pr\u00e8viament les interrupcions en el funcionament de la web i dels serveis. GRUP TRAVI (MASIA CAN CORTADA SA \u2013 CAN TRAVI NOU SL \u2013 EL XALET DE MONTJUIC SL.) exclou qualsevol responsabilitat pels danys i perjudicis de tota naturalesa que es puguin deure a la manca de disponibilitat o de continu\u00eftat del funcionament del web i dels serveis, a la defraudaci\u00f3 de la utilitat que els usuaris haguessin pogut atribuir a la web i als serveis, a la fal\u00b7libilitat de la web i dels serveis, i en particular, encara que no de manera exclusiva, a les fallades en l&#8217;acc\u00e9s a les diferents p\u00e0gines web o aquelles des de les quals es presten els serveis.<\/p>\r\n<p><strong>Responsabilitat per l\u00fas de la informaci\u00f3 continguda<\/strong><\/p>\r\n<p>L&#8217;usuari\/\u00e0ria \u00e9s conscient i accepta volunt\u00e0riament que l&#8217;\u00fas de la web, dels serveis i dels continguts t\u00e9 lloc, en tot cas, sota la seva \u00fanica i exclusiva responsabilitat. Tant l&#8217;acc\u00e9s a la web, com l&#8217;\u00fas que es pugui fer de la informaci\u00f3 que cont\u00e9 s\u00f3n de l&#8217;exclusiva responsabilitat de qui el realitza. GRUP TRAVI (MASIA CAN CORTADA SA \u2013 CAN TRAVI NOU SL \u2013 EL XALET DE MONTJUIC SL.) no respondr\u00e0 de cap conseq\u00fc\u00e8ncia, dany o perjudici que poguessin derivar-se del dit acc\u00e9s o \u00fas d&#8217;informaci\u00f3 ni de l&#8217;aplicaci\u00f3 que se&#8217;n faci per donar suport qualsevol opini\u00f3 o decisi\u00f3 personal o empresarial. GRUP TRAVI (MASIA CAN CORTADA SA \u2013 CAN TRAVI NOU S.L. \u2013 EL XALET DE MONTJUIC SL.) no assumeix cap responsabilitat derivada de la connexi\u00f3 o continguts dels enlla\u00e7os de tercers a qu\u00e8 es fa refer\u00e8ncia a la web.<\/p>\r\n<p><strong>Propietat intel\u00b7lectual<\/strong><\/p>\r\n<p>Els drets de propietat intel\u00b7lectual de la web, aix\u00ed com dels seus diferents continguts s\u00f3n titularitat de GRUP TRAVI (MASIA CAN CORTADA SA \u2013 CAN TRAVI NOU S.L. \u2013 EL XALET DE MONTJUIC SL.)\u00a0Queda terminantment prohibit fer qualsevol alteraci\u00f3 d&#8217;aquesta p\u00e0gina. GRUP TRAVI (MASIA CAN CORTADA SA \u2013 CAN TRAVI NOU S.L. \u2013 EL XALET DE MONTJUIC SL.) no assumeix cap responsabilitat que es pugui derivar de manipulacions o alteracions no autoritzades. GRUP TRAVI (MASIA CAN CORTADA SA \u2013 CAN TRAVI NOU SL \u2013 EL XALET DE MONTJUIC SL.) no concedeix cap llic\u00e8ncia o autoritzaci\u00f3 d&#8217;\u00fas de cap mena sobre els seus drets de propietat industrial i intel\u00b7lectual o sobre qualsevol altra propietat o dret relacionat amb la web , els serveis o els continguts.\u00a0Queda prohibida la reproducci\u00f3 total o parcial dels continguts d&#8217;aquesta web sense citar-ne l&#8217;origen o sense sol\u00b7licitar autoritzaci\u00f3 expressa per fer-ho. La utilitzaci\u00f3 no autoritzada de la informaci\u00f3 continguda en aquesta web, aix\u00ed com els perjudicis ocasionats als drets de propietat intel\u00b7lectual i industrial de GRUP TRAVI (MASIA CAN CORTADA SA \u2013 CAN TRAVI NOU SL \u2013 EL XALET DE MONTJUIC SL.) donar\u00e0 lloc a l&#8217;exercici de les accions que corresponguin i, si escau, a les responsabilitats que se&#8217;n derivin.<\/p>\r\n<p><strong>Protecci\u00f3 de Dades de Car\u00e0cter Personal<\/strong><\/p>\r\n<p>En els sup\u00f2sits en qu\u00e8 per accedir a alguna de les p\u00e0gines o serveis de GRUP TRAVI (MASIA CAN CORTADA SA \u2013 CAN TRAVI NOU SL \u2013 EL XALET DE MONTJUIC SL.) calgui la recollida de dades de car\u00e0cter personal, s&#8217;informa que els aquests seran tractats de conformitat amb el que estableix la normativa vigent relativa a la Protecci\u00f3 de Dades de Car\u00e0cter Personal i altres normes de desenvolupament, d&#8217;acord amb el que estableix l&#8217;AV\u00cdS DE PRIVACITAT D&#8217;AQUESTA WEB i al consentiment que els usuaris han de acceptar pr\u00e8viament a fer qualsevol tipus de comunicaci\u00f3 amb GRUP TRAVI (MASIA CAN CORTADA SA \u2013 CAN TRAVI NOU SL \u2013 EL XALET DE MONTJUIC SL.) des d&#8217;aquesta p\u00e0gina web.En cas que ens faciliti la seva adre\u00e7a de correu electr\u00f2nic, s&#8217;ent\u00e9n que est\u00e0 prestant el consentiment i acceptant aquest AV\u00cdS LEGAL i l&#8217;AV\u00cdS DE PRIVACITAT, perqu\u00e8 aquesta sigui utilitzada per a l&#8217;enviament de comunicacions relacionades amb els serveis prestats oa prestar i respondre a les vostres consultes o peticions per GRUP TRAVI (MASIA CAN CORTADA SA \u2013 CAN TRAVI NOU SL \u2013 EL XALET DE MONTJUIC SL.)<\/p>\r\n<p><strong>Llei aplicable i jurisdicci\u00f3<\/strong><\/p>\r\n<p><strong>\u00a0<\/strong>La utilitzaci\u00f3 d&#8217;aquesta p\u00e0gina web es regeix per la llei espanyola, amb independ\u00e8ncia de l&#8217;entorn legal de l&#8217;usuari\/\u00e0ria. Qualsevol disputa que pugui sorgir en la interpretaci\u00f3 d&#8217;aquestes condicions es resoldr\u00e0 als tribunals del lloc on tingui fixada la seva activitat GRUP TRAVI (MASIA CAN CORTADA SA \u2013 CAN TRAVI NOU S.L. \u2013 EL XALET DE MONTJUIC SL.)<\/p>\r\n<p><\/p><\/div><\/div><\/div>","protected":false},"excerpt":{"rendered":"<p>Aquest web ha estat creat per GRUP TRAVI (MASIA CAN CORTADA SA \u2013 CAN TRAVI NOU S.L. \u2013 EL XALET DE MONTJUIC SL.) amb car\u00e0cter informatiu per al seu \u00fas personal i gratu\u00eft. GRUP TRAVI (MASIA CAN CORTADA SA \u2013&#8230;<\/p>\n","protected":false},"author":3,"featured_media":0,"parent":0,"menu_order":0,"comment_status":"closed","ping_status":"open","template":"","meta":{"footnotes":""},"yoast_head":"<!-- This site is optimized with the Yoast SEO plugin v24.5 - https:\/\/yoast.com\/wordpress\/plugins\/seo\/ -->\n<title>Avis legal - Grup Travi<\/title>\n<meta name=\"robots\" content=\"index, follow, max-snippet:-1, max-image-preview:large, max-video-preview:-1\" \/>\n<link rel=\"canonical\" href=\"https:\/\/gruptravi.com\/ca\/avis-legal\/\" \/>\n<meta property=\"og:locale\" content=\"ca_ES\" \/>\n<meta property=\"og:type\" content=\"article\" \/>\n<meta property=\"og:title\" content=\"Avis legal - Grup Travi\" \/>\n<meta property=\"og:description\" content=\"Aquest web ha estat creat per GRUP TRAVI (MASIA CAN CORTADA SA \u2013 CAN TRAVI NOU S.L. \u2013 EL XALET DE MONTJUIC SL.) amb car\u00e0cter informatiu per al seu \u00fas personal i gratu\u00eft. GRUP TRAVI (MASIA CAN CORTADA SA \u2013...\" \/>\n<meta property=\"og:url\" content=\"https:\/\/gruptravi.com\/ca\/avis-legal\/\" \/>\n<meta property=\"og:site_name\" content=\"Grup Travi\" \/>\n<meta property=\"article:modified_time\" content=\"2022-02-25T16:48:31+00:00\" \/>\n<meta name=\"twitter:card\" content=\"summary_large_image\" \/>\n<meta name=\"twitter:label1\" content=\"Temps estimat de lectura\" \/>\n\t<meta name=\"twitter:data1\" content=\"7 minuts\" \/>\n<script type=\"application\/ld+json\" class=\"yoast-schema-graph\">{\"@context\":\"https:\/\/schema.org\",\"@graph\":[{\"@type\":\"WebPage\",\"@id\":\"https:\/\/gruptravi.com\/ca\/avis-legal\/\",\"url\":\"https:\/\/gruptravi.com\/ca\/avis-legal\/\",\"name\":\"Avis legal - Grup Travi\",\"isPartOf\":{\"@id\":\"https:\/\/gruptravi.com\/ca\/#website\"},\"datePublished\":\"2021-04-26T11:31:28+00:00\",\"dateModified\":\"2022-02-25T16:48:31+00:00\",\"breadcrumb\":{\"@id\":\"https:\/\/gruptravi.com\/ca\/avis-legal\/#breadcrumb\"},\"inLanguage\":\"ca\",\"potentialAction\":[{\"@type\":\"ReadAction\",\"target\":[\"https:\/\/gruptravi.com\/ca\/avis-legal\/\"]}]},{\"@type\":\"BreadcrumbList\",\"@id\":\"https:\/\/gruptravi.com\/ca\/avis-legal\/#breadcrumb\",\"itemListElement\":[{\"@type\":\"ListItem\",\"position\":1,\"name\":\"Portada\",\"item\":\"https:\/\/gruptravi.com\/ca\/\"},{\"@type\":\"ListItem\",\"position\":2,\"name\":\"Avis legal\"}]},{\"@type\":\"WebSite\",\"@id\":\"https:\/\/gruptravi.com\/ca\/#website\",\"url\":\"https:\/\/gruptravi.com\/ca\/\",\"name\":\"Grup Travi\",\"description\":\"\",\"potentialAction\":[{\"@type\":\"SearchAction\",\"target\":{\"@type\":\"EntryPoint\",\"urlTemplate\":\"https:\/\/gruptravi.com\/ca\/?s={search_term_string}\"},\"query-input\":{\"@type\":\"PropertyValueSpecification\",\"valueRequired\":true,\"valueName\":\"search_term_string\"}}],\"inLanguage\":\"ca\"}]}<\/script>\n<!-- \/ Yoast SEO plugin. -->","yoast_head_json":{"title":"Avis legal - Grup Travi","robots":{"index":"index","follow":"follow","max-snippet":"max-snippet:-1","max-image-preview":"max-image-preview:large","max-video-preview":"max-video-preview:-1"},"canonical":"https:\/\/gruptravi.com\/ca\/avis-legal\/","og_locale":"ca_ES","og_type":"article","og_title":"Avis legal - Grup Travi","og_description":"Aquest web ha estat creat per GRUP TRAVI (MASIA CAN CORTADA SA \u2013 CAN TRAVI NOU S.L. \u2013 EL XALET DE MONTJUIC SL.) amb car\u00e0cter informatiu per al seu \u00fas personal i gratu\u00eft. GRUP TRAVI (MASIA CAN CORTADA SA \u2013...","og_url":"https:\/\/gruptravi.com\/ca\/avis-legal\/","og_site_name":"Grup Travi","article_modified_time":"2022-02-25T16:48:31+00:00","twitter_card":"summary_large_image","twitter_misc":{"Temps estimat de lectura":"7 minuts"},"schema":{"@context":"https:\/\/schema.org","@graph":[{"@type":"WebPage","@id":"https:\/\/gruptravi.com\/ca\/avis-legal\/","url":"https:\/\/gruptravi.com\/ca\/avis-legal\/","name":"Avis legal - Grup Travi","isPartOf":{"@id":"https:\/\/gruptravi.com\/ca\/#website"},"datePublished":"2021-04-26T11:31:28+00:00","dateModified":"2022-02-25T16:48:31+00:00","breadcrumb":{"@id":"https:\/\/gruptravi.com\/ca\/avis-legal\/#breadcrumb"},"inLanguage":"ca","potentialAction":[{"@type":"ReadAction","target":["https:\/\/gruptravi.com\/ca\/avis-legal\/"]}]},{"@type":"BreadcrumbList","@id":"https:\/\/gruptravi.com\/ca\/avis-legal\/#breadcrumb","itemListElement":[{"@type":"ListItem","position":1,"name":"Portada","item":"https:\/\/gruptravi.com\/ca\/"},{"@type":"ListItem","position":2,"name":"Avis legal"}]},{"@type":"WebSite","@id":"https:\/\/gruptravi.com\/ca\/#website","url":"https:\/\/gruptravi.com\/ca\/","name":"Grup Travi","description":"","potentialAction":[{"@type":"SearchAction","target":{"@type":"EntryPoint","urlTemplate":"https:\/\/gruptravi.com\/ca\/?s={search_term_string}"},"query-input":{"@type":"PropertyValueSpecification","valueRequired":true,"valueName":"search_term_string"}}],"inLanguage":"ca"}]}},"_links":{"self":[{"href":"https:\/\/gruptravi.com\/ca\/wp-json\/wp\/v2\/pages\/15346"}],"collection":[{"href":"https:\/\/gruptravi.com\/ca\/wp-json\/wp\/v2\/pages"}],"about":[{"href":"https:\/\/gruptravi.com\/ca\/wp-json\/wp\/v2\/types\/page"}],"author":[{"embeddable":true,"href":"https:\/\/gruptravi.com\/ca\/wp-json\/wp\/v2\/users\/3"}],"replies":[{"embeddable":true,"href":"https:\/\/gruptravi.com\/ca\/wp-json\/wp\/v2\/comments?post=15346"}],"version-history":[{"count":4,"href":"https:\/\/gruptravi.com\/ca\/wp-json\/wp\/v2\/pages\/15346\/revisions"}],"predecessor-version":[{"id":15580,"href":"https:\/\/gruptravi.com\/ca\/wp-json\/wp\/v2\/pages\/15346\/revisions\/15580"}],"wp:attachment":[{"href":"https:\/\/gruptravi.com\/ca\/wp-json\/wp\/v2\/media?parent=15346"}],"curies":[{"name":"wp","href":"https:\/\/api.w.org\/{rel}","templated":true}]}}