{"id":15349,"date":"2022-02-07T13:04:15","date_gmt":"2022-02-07T13:04:15","guid":{"rendered":"https:\/\/gruptravi.com\/?page_id=15349"},"modified":"2022-02-25T18:38:52","modified_gmt":"2022-02-25T17:38:52","slug":"ofertes-de-treball","status":"publish","type":"page","link":"https:\/\/gruptravi.com\/ca\/ofertes-de-treball\/","title":{"rendered":"Ofertes de treball"},"content":{"rendered":"<div class=\"limit-wrapper\"><div class=\"row \"><div class=\"vamtam-grid grid-1-1  vamtam-first-level grid-1-1  first unextended no-extended-padding\" style=\"padding-top:0.05px;padding-bottom:0.05px;\" id=\"vamtam-column-45646916ee8ff8b0c161ad74d6069c99\" ><p><\/p>\r\n<p>El Responsable del tractament d&#8217;acord amb la LO 3\/2018 i el RGPDUE 2016\/679 us informa que:<\/p>\r\n<p>Vost\u00e8 en la seva qualitat de candidat o postulant, en enviar el seu Curriculum Vitae autoritza GRUP TRAVI (MASIA CAN CORTADA SA \u2013 CAN TRAVI NOU SL \u2013 EL XALET DE MONTJUIC SL.) amb CIF N\u00ba A58628348 \/ B08904062 \/ B63246839 grup, participades o associades, a la recollida, emmagatzematge, tractament i cessi\u00f3 de les vostres dades personals, aix\u00ed com de la informaci\u00f3 que pugui existir en un futur continguda dels seus informes laborals i avaluacions, i qualsevol altra \u00fatil a tals fins, per a la prestaci\u00f3 de serveis vinculats a la relaci\u00f3 laboral o altres relacions que poguessin establir-se en el futur amb l&#8217;empresa o companyies del grup, participades o associades, aix\u00ed com per possibilitar el compliment de les obligacions legals de l&#8217;empresa i altres derivades de qualsevol relaci\u00f3 laboral existent oa existir en el futur.<\/p>\r\n<p>Aquestes dades podrien ser cedides a tercers per a prop\u00f2sits administratius, avaluatoris o laborals, sent GRUP TRAVI (MASIA CAN CORTADA SA \u2013 CAN TRAVI NOU S.L. \u2013 EL XALET DE MONTJUIC SL.) garant de la seguretat i protecci\u00f3 de les dades esmentades.<\/p>\r\n<p>Vost\u00e8 t\u00e9 dret a obtenir confirmaci\u00f3 sobre si estem tractant les seves dades personals, per tant, t\u00e9 dret a accedir a les seves dades personals, rectificar les dades inexactes o sol\u00b7licitar la seva supressi\u00f3 quan les dades ja no siguin necess\u00e0ries, mitjan\u00e7ant comunicaci\u00f3 escrita a: PLAZA JOSEP PALLACH, 14 CP.08035 BARCELONA o info@gruptravi.com<\/p>\r\n<p>I accepta l&#8217;\u00fas de les galetes \u201ccookies permanents\u201d d&#8217;aquesta web en aquest apartat.<\/p>\r\n<p>En general, mantenim la informaci\u00f3 facilitada fins al moment en qu\u00e8 finalitzi o s&#8217;anul\u00b7li l&#8217;oferta o fins al venciment de qualsevol per\u00edode de selecci\u00f3.<\/p>\r\n<p><\/p><\/div><\/div><\/div>","protected":false},"excerpt":{"rendered":"<p>El Responsable del tractament d&#8217;acord amb la LO 3\/2018 i el RGPDUE 2016\/679 us informa que: Vost\u00e8 en la seva qualitat de candidat o postulant, en enviar el seu Curriculum Vitae autoritza GRUP TRAVI (MASIA CAN CORTADA SA \u2013 CAN&#8230;<\/p>\n","protected":false},"author":3,"featured_media":0,"parent":0,"menu_order":0,"comment_status":"closed","ping_status":"open","template":"","meta":{"footnotes":""},"yoast_head":"<!-- This site is optimized with the Yoast SEO plugin v24.5 - https:\/\/yoast.com\/wordpress\/plugins\/seo\/ -->\n<title>Ofertes de treball - Grup Travi<\/title>\n<meta name=\"robots\" content=\"index, follow, max-snippet:-1, max-image-preview:large, max-video-preview:-1\" \/>\n<link rel=\"canonical\" href=\"https:\/\/gruptravi.com\/ca\/ofertes-de-treball\/\" \/>\n<meta property=\"og:locale\" content=\"ca_ES\" \/>\n<meta property=\"og:type\" content=\"article\" \/>\n<meta property=\"og:title\" content=\"Ofertes de treball - Grup Travi\" \/>\n<meta property=\"og:description\" content=\"El Responsable del tractament d&#8217;acord amb la LO 3\/2018 i el RGPDUE 2016\/679 us informa que: Vost\u00e8 en la seva qualitat de candidat o postulant, en enviar el seu Curriculum Vitae autoritza GRUP TRAVI (MASIA CAN CORTADA SA \u2013 CAN...\" \/>\n<meta property=\"og:url\" content=\"https:\/\/gruptravi.com\/ca\/ofertes-de-treball\/\" \/>\n<meta property=\"og:site_name\" content=\"Grup Travi\" \/>\n<meta property=\"article:modified_time\" content=\"2022-02-25T17:38:52+00:00\" \/>\n<meta name=\"twitter:card\" content=\"summary_large_image\" \/>\n<meta name=\"twitter:label1\" content=\"Temps estimat de lectura\" \/>\n\t<meta name=\"twitter:data1\" content=\"1 minut\" \/>\n<script type=\"application\/ld+json\" class=\"yoast-schema-graph\">{\"@context\":\"https:\/\/schema.org\",\"@graph\":[{\"@type\":\"WebPage\",\"@id\":\"https:\/\/gruptravi.com\/ca\/ofertes-de-treball\/\",\"url\":\"https:\/\/gruptravi.com\/ca\/ofertes-de-treball\/\",\"name\":\"Ofertes de treball - Grup Travi\",\"isPartOf\":{\"@id\":\"https:\/\/gruptravi.com\/ca\/#website\"},\"datePublished\":\"2022-02-07T13:04:15+00:00\",\"dateModified\":\"2022-02-25T17:38:52+00:00\",\"breadcrumb\":{\"@id\":\"https:\/\/gruptravi.com\/ca\/ofertes-de-treball\/#breadcrumb\"},\"inLanguage\":\"ca\",\"potentialAction\":[{\"@type\":\"ReadAction\",\"target\":[\"https:\/\/gruptravi.com\/ca\/ofertes-de-treball\/\"]}]},{\"@type\":\"BreadcrumbList\",\"@id\":\"https:\/\/gruptravi.com\/ca\/ofertes-de-treball\/#breadcrumb\",\"itemListElement\":[{\"@type\":\"ListItem\",\"position\":1,\"name\":\"Portada\",\"item\":\"https:\/\/gruptravi.com\/ca\/\"},{\"@type\":\"ListItem\",\"position\":2,\"name\":\"Ofertes de treball\"}]},{\"@type\":\"WebSite\",\"@id\":\"https:\/\/gruptravi.com\/ca\/#website\",\"url\":\"https:\/\/gruptravi.com\/ca\/\",\"name\":\"Grup Travi\",\"description\":\"\",\"potentialAction\":[{\"@type\":\"SearchAction\",\"target\":{\"@type\":\"EntryPoint\",\"urlTemplate\":\"https:\/\/gruptravi.com\/ca\/?s={search_term_string}\"},\"query-input\":{\"@type\":\"PropertyValueSpecification\",\"valueRequired\":true,\"valueName\":\"search_term_string\"}}],\"inLanguage\":\"ca\"}]}<\/script>\n<!-- \/ Yoast SEO plugin. -->","yoast_head_json":{"title":"Ofertes de treball - Grup Travi","robots":{"index":"index","follow":"follow","max-snippet":"max-snippet:-1","max-image-preview":"max-image-preview:large","max-video-preview":"max-video-preview:-1"},"canonical":"https:\/\/gruptravi.com\/ca\/ofertes-de-treball\/","og_locale":"ca_ES","og_type":"article","og_title":"Ofertes de treball - Grup Travi","og_description":"El Responsable del tractament d&#8217;acord amb la LO 3\/2018 i el RGPDUE 2016\/679 us informa que: Vost\u00e8 en la seva qualitat de candidat o postulant, en enviar el seu Curriculum Vitae autoritza GRUP TRAVI (MASIA CAN CORTADA SA \u2013 CAN...","og_url":"https:\/\/gruptravi.com\/ca\/ofertes-de-treball\/","og_site_name":"Grup Travi","article_modified_time":"2022-02-25T17:38:52+00:00","twitter_card":"summary_large_image","twitter_misc":{"Temps estimat de lectura":"1 minut"},"schema":{"@context":"https:\/\/schema.org","@graph":[{"@type":"WebPage","@id":"https:\/\/gruptravi.com\/ca\/ofertes-de-treball\/","url":"https:\/\/gruptravi.com\/ca\/ofertes-de-treball\/","name":"Ofertes de treball - Grup Travi","isPartOf":{"@id":"https:\/\/gruptravi.com\/ca\/#website"},"datePublished":"2022-02-07T13:04:15+00:00","dateModified":"2022-02-25T17:38:52+00:00","breadcrumb":{"@id":"https:\/\/gruptravi.com\/ca\/ofertes-de-treball\/#breadcrumb"},"inLanguage":"ca","potentialAction":[{"@type":"ReadAction","target":["https:\/\/gruptravi.com\/ca\/ofertes-de-treball\/"]}]},{"@type":"BreadcrumbList","@id":"https:\/\/gruptravi.com\/ca\/ofertes-de-treball\/#breadcrumb","itemListElement":[{"@type":"ListItem","position":1,"name":"Portada","item":"https:\/\/gruptravi.com\/ca\/"},{"@type":"ListItem","position":2,"name":"Ofertes de treball"}]},{"@type":"WebSite","@id":"https:\/\/gruptravi.com\/ca\/#website","url":"https:\/\/gruptravi.com\/ca\/","name":"Grup Travi","description":"","potentialAction":[{"@type":"SearchAction","target":{"@type":"EntryPoint","urlTemplate":"https:\/\/gruptravi.com\/ca\/?s={search_term_string}"},"query-input":{"@type":"PropertyValueSpecification","valueRequired":true,"valueName":"search_term_string"}}],"inLanguage":"ca"}]}},"_links":{"self":[{"href":"https:\/\/gruptravi.com\/ca\/wp-json\/wp\/v2\/pages\/15349"}],"collection":[{"href":"https:\/\/gruptravi.com\/ca\/wp-json\/wp\/v2\/pages"}],"about":[{"href":"https:\/\/gruptravi.com\/ca\/wp-json\/wp\/v2\/types\/page"}],"author":[{"embeddable":true,"href":"https:\/\/gruptravi.com\/ca\/wp-json\/wp\/v2\/users\/3"}],"replies":[{"embeddable":true,"href":"https:\/\/gruptravi.com\/ca\/wp-json\/wp\/v2\/comments?post=15349"}],"version-history":[{"count":3,"href":"https:\/\/gruptravi.com\/ca\/wp-json\/wp\/v2\/pages\/15349\/revisions"}],"predecessor-version":[{"id":15601,"href":"https:\/\/gruptravi.com\/ca\/wp-json\/wp\/v2\/pages\/15349\/revisions\/15601"}],"wp:attachment":[{"href":"https:\/\/gruptravi.com\/ca\/wp-json\/wp\/v2\/media?parent=15349"}],"curies":[{"name":"wp","href":"https:\/\/api.w.org\/{rel}","templated":true}]}}