{"id":15362,"date":"2022-02-07T13:13:07","date_gmt":"2022-02-07T13:13:07","guid":{"rendered":"https:\/\/gruptravi.com\/?page_id=15362"},"modified":"2022-02-25T18:31:38","modified_gmt":"2022-02-25T17:31:38","slug":"politica-de-cookies","status":"publish","type":"page","link":"https:\/\/gruptravi.com\/ca\/politica-de-cookies\/","title":{"rendered":"Pol\u00edtica de cookies"},"content":{"rendered":"<div class=\"limit-wrapper\"><div class=\"row \"><div class=\"vamtam-grid grid-1-1  vamtam-first-level grid-1-1  first unextended no-extended-padding\" style=\"padding-top:0.05px;padding-bottom:0.05px;\" id=\"vamtam-column-d459ccc0480bf26d2f6ce78d1078526a\" ><p>Les cookies s\u00f3n dades sobre l&#8217;usuari d&#8217;un lloc web que s&#8217;emmagatzemen a l&#8217;ordinador de l&#8217;usuari i s&#8217;hi pot accedir quan es torna a visitar el lloc web. Hi ha diversos tipus de cookies, els m\u00e9s gen\u00e8rics i utilitzats s\u00f3n: \u201ccookies de sessi\u00f3\u201d i \u201ccookies permanents\u201d. Les cookies de sessi\u00f3 nom\u00e9s resideixen a la mem\u00f2ria i per tant la galeta desapareix quan es tanca el navegador. Les cookies permanents, per altra banda, romanen a l&#8217;ordinador.<\/p>\n<p>Aquest web utilitza la informaci\u00f3 recopilada a trav\u00e9s d&#8217;ambd\u00f3s tipus de cookies (sessi\u00f3 i permanents) per millorar els continguts i l&#8217;\u00fas dels llocs web. Podeu esborrar o bloquejar les cookies a trav\u00e9s del navegador.<\/p>\n<p>Si no accepteu l&#8217;\u00fas de les cookies, podeu tancar el lloc web que esteu visitant.<\/p>\n<p><strong><u>TOTS ELS LLOCS WEB UTILITZEN COOKIES.<\/u><\/strong><\/p>\n<p><strong><u>Qu\u00e8 s\u00f3n les cookies?<\/u><\/strong><\/p>\n<p>Les cookies s\u00f3n dades sobre l&#8217;usuari d&#8217;un lloc web que s&#8217;emmagatzemen a l&#8217;ordinador de l&#8217;usuari i es recupera la informaci\u00f3 quan navegues en visitar el mateix lloc web.<\/p>\n<p>Hi ha diversos tipus de cookies, segons qui les gestiona, i l&#8217;equip o domini des d&#8217;on s&#8217;envien les cookies i tractin les dades que s&#8217;obtinguin, podem saber o distingir entre elles:<\/p>\n<p><strong><u>Cookies pr\u00f2pies<\/u><\/strong>: S\u00f3n aquelles que s&#8217;envien a l&#8217;equip terminal de l&#8217;usuari des d&#8217;un equip o domini gestionat pel mateix editor i des del qual es presta el servei sol\u00b7licitat per l&#8217;usuari.<\/p>\n<p><strong><u>Cookies de tercers<\/u><\/strong>: S\u00f3n aquelles que s&#8217;envien a l&#8217;equip terminal de l&#8217;usuari des d&#8217;un equip o domini que no \u00e9s gestionat per l&#8217;editor, sin\u00f3 per una altra entitat que tracta les dades obtingudes a trav\u00e9s de les cookies.<\/p>\n<p>En el cas que les cookies siguin instal\u00b7lades des d&#8217;un equip o domini gestionat pel mateix editor, per\u00f2 la informaci\u00f3 que es reculli mitjan\u00e7ant aquestes sigui gestionada per un tercer, no poden ser considerades com a cookies pr\u00f2pies.<\/p>\n<p><strong>Tipus de cookies segons el termini de temps que romanen activades:<\/strong><\/p>\n<p>Segons el termini de temps que romanen activades a l&#8217;equip terminal podem distingir:<\/p>\n<p><strong><u>Cookies de sessi\u00f3<\/u><\/strong>:<\/p>\n<p>S\u00f3n un tipus de cookies dissenyades per demanar i emmagatzemar dades mentre l&#8217;usuari accedeix a una p\u00e0gina web. Se solen emprar per emmagatzemar informaci\u00f3 que nom\u00e9s interessa conservar per a la prestaci\u00f3 del servei sol\u00b7licitat per l&#8217;usuari en una sola ocasi\u00f3 (per ex. una llista de productes adquirits).<\/p>\n<p><strong><u>Cookies persistents<\/u><\/strong>:<\/p>\n<p>S\u00f3n un tipus de cookies en qu\u00e8 les dades segueixen emmagatzemades al terminal i poden ser accedides i tractades durant un per\u00edode definit pel responsable de la galeta, i que pot anar d&#8217;uns minuts a diversos anys.<\/p>\n<p><strong>Tipus de cookies segons la finalitat:<\/strong><\/p>\n<p>Segons la finalitat per a la qual es tractin les dades obtingudes a trav\u00e9s de les cookies, podem distingir entre:<\/p>\n<p><strong><u>Cookies t\u00e8cniques<\/u><\/strong>:<\/p>\n<p>S\u00f3n aquelles que permeten a l&#8217;usuari la navegaci\u00f3 a trav\u00e9s d&#8217;una p\u00e0gina web, plataforma o aplicaci\u00f3 i la utilitzaci\u00f3 de les diferents opcions o serveis que hi hagi com, per exemple, controlar el tr\u00e0nsit i la comunicaci\u00f3 de dades, identificar la sessi\u00f3, accedir a parts d&#8217;acc\u00e9s restringit, recordar els elements que integren una comanda, fer el proc\u00e9s de compra d&#8217;una comanda, fer la sol\u00b7licitud d&#8217;inscripci\u00f3 o participaci\u00f3 en un esdeveniment, utilitzar elements de seguretat durant la navegaci\u00f3, emmagatzemar continguts per a la difusi\u00f3 de v\u00eddeos o so o compartir continguts a trav\u00e9s de xarxes socials.<\/p>\n<p><strong><u>Cookies de prefer\u00e8ncies o personalitzaci\u00f3<\/u><\/strong>:<\/p>\n<p>S\u00f3n aquelles que permeten a l&#8217;usuari accedir al servei amb algunes caracter\u00edstiques de car\u00e0cter general predefinides en funci\u00f3 d&#8217;una s\u00e8rie de criteris al terminal de l&#8217;usuari com ara serien l&#8217;idioma, el tipus de navegador a trav\u00e9s del qual accedeix al servei, la configuraci\u00f3 regional des d&#8217;on accedeix al servei, etc.<\/p>\n<p><strong><u>Cookies d&#8217;an\u00e0lisi o mesurament<\/u><\/strong>:<\/p>\n<p>S\u00f3n aquelles que permeten al responsable de les mateixes, el seguiment i l&#8217;an\u00e0lisi del comportament dels usuaris dels llocs web als quals estan vinculades. La informaci\u00f3 recollida mitjan\u00e7ant aquest tipus de cookies s&#8217;utilitza en el mesurament de l&#8217;activitat dels llocs web, aplicaci\u00f3 o plataforma i per a l&#8217;elaboraci\u00f3 de perfils de navegaci\u00f3 dels usuaris d&#8217;aquests llocs, aplicacions i plataformes, per introduir millores a funci\u00f3 de lan\u00e0lisi de les dades d\u00fas que fan els usuaris del servei.\u00a0<strong><u>Cookies publicit\u00e0ries<\/u><\/strong>: S\u00f3n aquelles que permeten la gesti\u00f3, de la manera m\u00e9s efica\u00e7 possible, dels espais publicitaris que, si escau, l&#8217;editor hagi incl\u00f2s en una p\u00e0gina web, aplicaci\u00f3 o plataforma des de la qual presta el servei sol\u00b7licitat en base a criteris com el contingut editat o la freq\u00fc\u00e8ncia en qu\u00e8 es mostren els anuncis.<\/p>\n<p><strong><u>Cookies de publicitat comportamental<\/u><\/strong>:<\/p>\n<p>S\u00f3n aquelles que permeten la gesti\u00f3, de la manera m\u00e9s efica\u00e7 possible, dels espais publicitaris que, si escau, l&#8217;editor hagi incl\u00f2s en una p\u00e0gina web, aplicaci\u00f3 o plataforma des de la qual presta el servei sol\u00b7licitat. Aquestes cookies emmagatzemen informaci\u00f3 del comportament dels usuaris obtinguda a trav\u00e9s de l&#8217;observaci\u00f3 continuada dels seus h\u00e0bits de navegaci\u00f3, cosa que permet desenvolupar un perfil espec\u00edfic per mostrar publicitat en funci\u00f3 del mateix.<\/p>\n<p><strong><u>Com desactivar les cookies des del vostre navegador web?<\/u><\/strong><\/p>\n<p>Per aix\u00f2 ha de saber que els navegadors permeten, bloquejar, restringir i fins i tot esborrar les cookies. Tots els navegadors tenen una configuraci\u00f3 per fer-ho, i pot fer-ho seguint un dels procediments seg\u00fcents que es detallen a continuaci\u00f3:<\/p>\n<ul>\n<li><a href=\"http:\/\/support.google.com\/chrome\/answer\/95647?hl=es\"><strong>Google Chrome\u00a0 <\/strong><\/a><\/li>\n<li><a href=\"http:\/\/support.mozilla.org\/es\/kb\/habilitar-y-deshabilitar-cookies-que-los-sitios-we\"><strong>Mozilla Firefox\u00a0 <\/strong><\/a><\/li>\n<li><a href=\"http:\/\/windows.microsoft.com\/es-es\/windows-vista\/block-or-allow-cookies\"><strong>Internet Explorer\u00a0 <\/strong><\/a><\/li>\n<li><a href=\"http:\/\/support.apple.com\/kb\/ph5042?viewlocale=es_es\"><strong>Safari\u00a0 <\/strong><\/a><\/li>\n<li><a href=\"http:\/\/help.opera.com\/Windows\/12.10\/en\/cookies.html\"><strong>Opera\u00a0 <\/strong><\/a><\/li>\n<li><a href=\"http:\/\/www.windowsphone.com\/es-es\/how-to\/wp7\/web\/changing-privacy-and-other-browser-settings\"><strong>Internet Explorer (Windows Phone)\u00a0 <\/strong><\/a><\/li>\n<li><a href=\"http:\/\/support.apple.com\/kb\/ht1677?viewlocale=es_es\"><strong>Safari para IOS (iPhone y iPad)\u00a0 <\/strong><\/a><\/li>\n<li><a href=\"http:\/\/support.google.com\/chrome\/answer\/2392971?hl=es\"><strong>Chrome para Android\u00a0 <\/strong><\/a><\/li>\n<\/ul>\n<p>Aquest web utilitza la informaci\u00f3 recopilada a trav\u00e9s dels tipus de cookies seg\u00fcents per millorar els continguts i l&#8217;\u00fas d&#8217;aquest lloc web.<\/p><\/div><\/div><\/div>\n","protected":false},"excerpt":{"rendered":"<p>Les cookies s\u00f3n dades sobre l&#8217;usuari d&#8217;un lloc web que s&#8217;emmagatzemen a l&#8217;ordinador de l&#8217;usuari i s&#8217;hi pot accedir quan es torna a visitar el lloc web. Hi ha diversos tipus de cookies, els m\u00e9s gen\u00e8rics i utilitzats s\u00f3n: \u201ccookies&#8230;<\/p>\n","protected":false},"author":3,"featured_media":0,"parent":0,"menu_order":0,"comment_status":"closed","ping_status":"open","template":"","meta":{"footnotes":""},"yoast_head":"<!-- This site is optimized with the Yoast SEO plugin v24.5 - https:\/\/yoast.com\/wordpress\/plugins\/seo\/ -->\n<title>Pol\u00edtica de cookies - Grup Travi<\/title>\n<meta name=\"robots\" content=\"index, follow, max-snippet:-1, max-image-preview:large, max-video-preview:-1\" \/>\n<link rel=\"canonical\" href=\"https:\/\/gruptravi.com\/ca\/politica-de-cookies\/\" \/>\n<meta property=\"og:locale\" content=\"ca_ES\" \/>\n<meta property=\"og:type\" content=\"article\" \/>\n<meta property=\"og:title\" content=\"Pol\u00edtica de cookies - Grup Travi\" \/>\n<meta property=\"og:description\" content=\"Les cookies s\u00f3n dades sobre l&#8217;usuari d&#8217;un lloc web que s&#8217;emmagatzemen a l&#8217;ordinador de l&#8217;usuari i s&#8217;hi pot accedir quan es torna a visitar el lloc web. Hi ha diversos tipus de cookies, els m\u00e9s gen\u00e8rics i utilitzats s\u00f3n: \u201ccookies...\" \/>\n<meta property=\"og:url\" content=\"https:\/\/gruptravi.com\/ca\/politica-de-cookies\/\" \/>\n<meta property=\"og:site_name\" content=\"Grup Travi\" \/>\n<meta property=\"article:modified_time\" content=\"2022-02-25T17:31:38+00:00\" \/>\n<meta name=\"twitter:card\" content=\"summary_large_image\" \/>\n<meta name=\"twitter:label1\" content=\"Temps estimat de lectura\" \/>\n\t<meta name=\"twitter:data1\" content=\"5 minuts\" \/>\n<script type=\"application\/ld+json\" class=\"yoast-schema-graph\">{\"@context\":\"https:\/\/schema.org\",\"@graph\":[{\"@type\":\"WebPage\",\"@id\":\"https:\/\/gruptravi.com\/ca\/politica-de-cookies\/\",\"url\":\"https:\/\/gruptravi.com\/ca\/politica-de-cookies\/\",\"name\":\"Pol\u00edtica de cookies - Grup Travi\",\"isPartOf\":{\"@id\":\"https:\/\/gruptravi.com\/ca\/#website\"},\"datePublished\":\"2022-02-07T13:13:07+00:00\",\"dateModified\":\"2022-02-25T17:31:38+00:00\",\"breadcrumb\":{\"@id\":\"https:\/\/gruptravi.com\/ca\/politica-de-cookies\/#breadcrumb\"},\"inLanguage\":\"ca\",\"potentialAction\":[{\"@type\":\"ReadAction\",\"target\":[\"https:\/\/gruptravi.com\/ca\/politica-de-cookies\/\"]}]},{\"@type\":\"BreadcrumbList\",\"@id\":\"https:\/\/gruptravi.com\/ca\/politica-de-cookies\/#breadcrumb\",\"itemListElement\":[{\"@type\":\"ListItem\",\"position\":1,\"name\":\"Portada\",\"item\":\"https:\/\/gruptravi.com\/ca\/\"},{\"@type\":\"ListItem\",\"position\":2,\"name\":\"Pol\u00edtica de cookies\"}]},{\"@type\":\"WebSite\",\"@id\":\"https:\/\/gruptravi.com\/ca\/#website\",\"url\":\"https:\/\/gruptravi.com\/ca\/\",\"name\":\"Grup Travi\",\"description\":\"\",\"potentialAction\":[{\"@type\":\"SearchAction\",\"target\":{\"@type\":\"EntryPoint\",\"urlTemplate\":\"https:\/\/gruptravi.com\/ca\/?s={search_term_string}\"},\"query-input\":{\"@type\":\"PropertyValueSpecification\",\"valueRequired\":true,\"valueName\":\"search_term_string\"}}],\"inLanguage\":\"ca\"}]}<\/script>\n<!-- \/ Yoast SEO plugin. -->","yoast_head_json":{"title":"Pol\u00edtica de cookies - Grup Travi","robots":{"index":"index","follow":"follow","max-snippet":"max-snippet:-1","max-image-preview":"max-image-preview:large","max-video-preview":"max-video-preview:-1"},"canonical":"https:\/\/gruptravi.com\/ca\/politica-de-cookies\/","og_locale":"ca_ES","og_type":"article","og_title":"Pol\u00edtica de cookies - Grup Travi","og_description":"Les cookies s\u00f3n dades sobre l&#8217;usuari d&#8217;un lloc web que s&#8217;emmagatzemen a l&#8217;ordinador de l&#8217;usuari i s&#8217;hi pot accedir quan es torna a visitar el lloc web. Hi ha diversos tipus de cookies, els m\u00e9s gen\u00e8rics i utilitzats s\u00f3n: \u201ccookies...","og_url":"https:\/\/gruptravi.com\/ca\/politica-de-cookies\/","og_site_name":"Grup Travi","article_modified_time":"2022-02-25T17:31:38+00:00","twitter_card":"summary_large_image","twitter_misc":{"Temps estimat de lectura":"5 minuts"},"schema":{"@context":"https:\/\/schema.org","@graph":[{"@type":"WebPage","@id":"https:\/\/gruptravi.com\/ca\/politica-de-cookies\/","url":"https:\/\/gruptravi.com\/ca\/politica-de-cookies\/","name":"Pol\u00edtica de cookies - Grup Travi","isPartOf":{"@id":"https:\/\/gruptravi.com\/ca\/#website"},"datePublished":"2022-02-07T13:13:07+00:00","dateModified":"2022-02-25T17:31:38+00:00","breadcrumb":{"@id":"https:\/\/gruptravi.com\/ca\/politica-de-cookies\/#breadcrumb"},"inLanguage":"ca","potentialAction":[{"@type":"ReadAction","target":["https:\/\/gruptravi.com\/ca\/politica-de-cookies\/"]}]},{"@type":"BreadcrumbList","@id":"https:\/\/gruptravi.com\/ca\/politica-de-cookies\/#breadcrumb","itemListElement":[{"@type":"ListItem","position":1,"name":"Portada","item":"https:\/\/gruptravi.com\/ca\/"},{"@type":"ListItem","position":2,"name":"Pol\u00edtica de cookies"}]},{"@type":"WebSite","@id":"https:\/\/gruptravi.com\/ca\/#website","url":"https:\/\/gruptravi.com\/ca\/","name":"Grup Travi","description":"","potentialAction":[{"@type":"SearchAction","target":{"@type":"EntryPoint","urlTemplate":"https:\/\/gruptravi.com\/ca\/?s={search_term_string}"},"query-input":{"@type":"PropertyValueSpecification","valueRequired":true,"valueName":"search_term_string"}}],"inLanguage":"ca"}]}},"_links":{"self":[{"href":"https:\/\/gruptravi.com\/ca\/wp-json\/wp\/v2\/pages\/15362"}],"collection":[{"href":"https:\/\/gruptravi.com\/ca\/wp-json\/wp\/v2\/pages"}],"about":[{"href":"https:\/\/gruptravi.com\/ca\/wp-json\/wp\/v2\/types\/page"}],"author":[{"embeddable":true,"href":"https:\/\/gruptravi.com\/ca\/wp-json\/wp\/v2\/users\/3"}],"replies":[{"embeddable":true,"href":"https:\/\/gruptravi.com\/ca\/wp-json\/wp\/v2\/comments?post=15362"}],"version-history":[{"count":2,"href":"https:\/\/gruptravi.com\/ca\/wp-json\/wp\/v2\/pages\/15362\/revisions"}],"predecessor-version":[{"id":15592,"href":"https:\/\/gruptravi.com\/ca\/wp-json\/wp\/v2\/pages\/15362\/revisions\/15592"}],"wp:attachment":[{"href":"https:\/\/gruptravi.com\/ca\/wp-json\/wp\/v2\/media?parent=15362"}],"curies":[{"name":"wp","href":"https:\/\/api.w.org\/{rel}","templated":true}]}}