{"id":15368,"date":"2022-02-07T14:49:06","date_gmt":"2022-02-07T14:49:06","guid":{"rendered":"https:\/\/gruptravi.com\/?page_id=15368"},"modified":"2022-02-25T18:27:21","modified_gmt":"2022-02-25T17:27:21","slug":"politica-de-privacitat","status":"publish","type":"page","link":"https:\/\/gruptravi.com\/ca\/politica-de-privacitat\/","title":{"rendered":"Pol\u00edtica de privacitat"},"content":{"rendered":"<div class=\"limit-wrapper\"><div class=\"row \"><div class=\"vamtam-grid grid-1-1  vamtam-first-level grid-1-1  first unextended no-extended-padding\" style=\"padding-top:0.05px;padding-bottom:0.05px;\" id=\"vamtam-column-34e66573baceafb16d17bf4d36f33cb9\" ><p><\/p>\r\n<p>El Responsable del tractament d&#8217;acord amb la LO 3\/2018 i el RGPDUE 2016\/679 us informa que:<\/p>\r\n<p>A trav\u00e9s d&#8217;aquest lloc web no es demanen dades de car\u00e0cter personal dels usuaris sense el seu coneixement, ni se cedeixen a tercers. Tota comunicaci\u00f3 amb GRUP TRAVI (MASIA CAN CORTADA SA \u2013 CAN TRAVI NOU SL \u2013 EL XALET DE MONTJUIC SL.) per qualsevol mitj\u00e0 oa trav\u00e9s de la seva adre\u00e7a de correu electr\u00f2nic, o dels formularis presents en aquest &#8216;web site&#8217; o al seu &#8216;e -mail&#8217;, suposa el consentiment expr\u00e9s perqu\u00e8 les vostres dades personals en qualitat de Client\/Prove\u00efdor\/Contacte, siguin incorporades al nostre Registre d&#8217;Activitats ia fitxers o bases de dades titularitat de GRUP TRAVI (MASIA CAN CORTADA SA \u2013 CAN TRAVI NOU SL \u2013 EL XALET DE MONTJUIC SL.) , que podeu consultar i es conservaran mentre es mantingui la relaci\u00f3 o durant els anys necessaris per complir les obligacions legals.<\/p>\r\n<p>Les dades de car\u00e0cter personal que es poguessin demanar directament de l&#8217;interessat seran tractades de forma confidencial i quedaran incorporades a la corresponent activitat de tractament<\/p>\r\n<p>La finalitat del tractament de les dades correspon a cadascuna de les activitats de tractament que realitza GRUP TRAVI (MASIA CAN CORTADA SA \u2013 CAN TRAVI NOU SL \u2013 EL XALET DE MONTJUIC SL.) i que vost\u00e8 t\u00e9 dret a obtenir confirmaci\u00f3 sobre si estem tractant les vostres dades personals, per tant teniu dret a accedir a les vostres dades personals, rectificar les dades inexactes o sol\u00b7licitar la vostra supressi\u00f3 quan les dades ja no siguin necess\u00e0ries, mitjan\u00e7ant comunicaci\u00f3 escrita a: PLAZA JOSEP PALLACH, 14 CP.08035 BARCELONA o a l&#8217;email : info@gruptravi.com<\/p>\r\n<p>L&#8217;usuari accepta l&#8217;\u00fas de les galetes \u201ccookies permanents\u201d d&#8217;aquesta web.<\/p>\r\n<p><strong><u>AMPLIAT\u00d2RIA DE LA POL\u00cdTICA DE PRIVACITAT<\/u><\/strong><\/p>\r\n<p>En aplicaci\u00f3 de la nova normativa vigent en mat\u00e8ria de protecci\u00f3 de dades de car\u00e0cter personal, informem que les dades personals que recollim dels clients, usuaris, prove\u00efdors i contactes, ho fem a trav\u00e9s de la nostra relaci\u00f3 comercial que ens uneix i tamb\u00e9 des del nostre lloc web.<\/p>\r\n<p>Aquestes dades s&#8217;inclouen a bases de dades o fitxers automatitzats espec\u00edfics per a cada cas i estan registrats al nostre Registre d&#8217;Activitats d&#8217;acord amb el tipus d&#8217;usuaris i dels serveis que els prestem o ens presten.<\/p>\r\n<p>Amb quina finalitat recollim les vostres dades personals?<\/p>\r\n<p>La recollida i el tractament automatitzat o manual de les dades de car\u00e0cter personal t\u00e9 com a finalitat el manteniment de la relaci\u00f3 comercial i l&#8217;exercici de tasques d&#8217;informaci\u00f3, i altres activitats pr\u00f2pies de la relaci\u00f3 comercial que ens uneix.<\/p>\r\n<p>Amb quina finalitat tractem les vostres dades personals?<\/p>\r\n<p>Les dades personals que formen part de la nostra base de dades es tracten per tal de gestionar la informaci\u00f3 que ens faciliten les persones interessades per tal de prestar el servei pel qual ens contracten o contractem i gestionar les sol\u00b7licituds enviades a trav\u00e9s de qualsevol mitj\u00e0, incl\u00f2s les comunicacions electr\u00f2niques comercials, promocionals, o publicit\u00e0ries.<\/p>\r\n<p>Adoptem les mesures necess\u00e0ries per garantir la seguretat, integritat i confidencialitat de les dades conforme al que disposa la Llei Org\u00e0nica 3\/2018, de 5 de desembre, de Protecci\u00f3 de Dades i Garantia dels Drets Digitals i al Reglament (UE) 2016\/ 679 del Parlament Europeu i del Consell, de 27 d&#8217;abril de 2016, relatiu a la protecci\u00f3 de les persones f\u00edsiques pel que fa al tractament de dades personals ia la lliure circulaci\u00f3 d&#8217;aquestes.<\/p>\r\n<p>A quins destinataris es comunicaran les vostres dades?<\/p>\r\n<p>Les vostres dades personals no seran cedides a tercers, excepte imperatiu legal. Com a encarregats de tractament, tenim contractats diferents prove\u00efdors de serveis, havent-se comprom\u00e8s al compliment de les disposicions normatives, d&#8217;aplicaci\u00f3 en mat\u00e8ria de protecci\u00f3 de dades, en el moment de la seva contractaci\u00f3.<\/p>\r\n<p>Per quant de temps conservarem les vostres dades?<\/p>\r\n<p>Les dades personals proporcionades es conservaran mentre es mantingui la relaci\u00f3 comercial o no sol\u00b7licitin la seva supressi\u00f3 o no es revoqui el consentiment i durant el termini pel qual es puguin derivar responsabilitats legals pels serveis prestats.<\/p>\r\n<p>Les dades personals que formen part de la nostra base de dades i tinguin una relaci\u00f3 contractual es conservaran durant un m\u00e0xim de cinc (5) anys a partir de la darrera factura emesa. En alguns casos, poden revocar el consentiment en qualsevol moment.<\/p>\r\n<p>Quina \u00e9s la legitimaci\u00f3 per al tractament de les vostres dades?<\/p>\r\n<p>En la relaci\u00f3 contractual vigent o que ens uneix, la base legal per al tractament de les seves dades \u00e9s la que consta i obliguen la Llei Org\u00e0nica 3\/2018, de 5 de desembre, de Protecci\u00f3 de Dades i Garantia dels Drets Digitals i al Reglament (UE) 2016\/679 del Parlament Europeu i del Consell, de 27 d&#8217;abril de 2016, relatiu a la protecci\u00f3 de les persones f\u00edsiques pel que fa al tractament de dades personals ia la lliure circulaci\u00f3 d&#8217;aquestes.<\/p>\r\n<p>Pel que fa al consentiment lliure, espec\u00edfic, informat i inequ\u00edvoc, en tant que us informem posant a la vostra disposici\u00f3 aquesta pol\u00edtica de privadesa, que despr\u00e9s de la lectura de la mateixa, en cas de no estar conforme, podeu sol\u00b7licitar l&#8217;acc\u00e9s a les vostres dades conforme al nostre Registre d&#8217;Activitats.<\/p>\r\n<p>Quins s\u00f3n els vostres drets quan ens facilita les vostres dades?<\/p>\r\n<p>Qualsevol persona t\u00e9 dret a obtenir confirmaci\u00f3 sobre si es tracten i com les dades personals.<\/p>\r\n<p>Les persones interessades tenen dret a accedir a les seves dades personals, aix\u00ed com a sol\u00b7licitar la rectificaci\u00f3 de les dades inexactes o, si escau, sol\u00b7licitar la seva supressi\u00f3 quan, entre altres motius, les dades ja no siguin necess\u00e0ries per als fins que van ser recollides.<\/p>\r\n<p>En determinades circumst\u00e0ncies, els interessats podran sol\u00b7licitar la limitaci\u00f3 del tractament de les seves dades, cas en qu\u00e8 \u00fanicament les conservarem per a l&#8217;exercici o la defensa de reclamacions.<\/p>\r\n<p>Aix\u00ed mateix, en determinades circumst\u00e0ncies i per motius relacionats amb la seva situaci\u00f3 particular, els interessats podran oposar-se al tractament de les dades.<\/p>\r\n<p>Tamb\u00e9 us informem que podem deixar de tractar les dades, excepte per motius leg\u00edtims imperiosos, o l&#8217;exercici o la defensa de possibles reclamacions.<\/p>\r\n<p>I us informem que podreu exercir els drets d&#8217;acc\u00e9s, rectificaci\u00f3, supressi\u00f3, oposici\u00f3 i limitaci\u00f3 del tractament segons les condicions i l\u00edmits previstos en la legislaci\u00f3 vigent, dirigint-vos a nosaltres per escrit, o b\u00e9 mitjan\u00e7ant email. En qualsevol cas, haureu d&#8217;aportar c\u00f2pia del vostre DNI, passaport o document equivalent. En cas de considerar-ho oport\u00fa, podeu presentar una reclamaci\u00f3 davant l&#8217;Ag\u00e8ncia Espanyola de Protecci\u00f3 de Dades (agpd.es).<\/p>\r\n<p>Com hem obtingut les vostres dades?<\/p>\r\n<p>Les dades personals que tractem procedeixen de les mateixes sol\u00b7licituds dels interessats.<\/p>\r\n<p>Les categories de dades que es tracten, segons la categoria dels usuaris i contactes, de manera general i no en particular poden ser:<\/p>\r\n<p>\u25aa Dades Tipificades: Caracter\u00edstiques personals, detalls de l&#8217;ocupaci\u00f3, o informaci\u00f3 comercial\/econ\u00f2mica\/financera<\/p>\r\n<p>\u25aa Dades de car\u00e0cter identificatives: Nom i cognoms, domicili, NIF\/DNI, tel\u00e8fon\/e-mail, compte bancari, i imatge.<\/p>\r\n<p>No es tracten dades especialment protegides.<\/p>\r\n<p>Drets dels interessats<\/p>\r\n<ol>\r\n<li>Dret d&#8217;acc\u00e9s: Dret a obtenir del responsable del tractament confirmaci\u00f3 de si es tracten o no dades personals que li concerneixen i, en aquest cas, dret d&#8217;acc\u00e9s a les vostres dades personals. Aix\u00ed com:<\/li>\r\n<li>Les finalitats del tractament;<\/li>\r\n<li>Les categories de dades personals de qu\u00e8 es tracti;<\/li>\r\n<li>Els destinataris o les categories de destinataris a qu\u00e8 es van comunicar o seran comunicades les dades personals, en particular destinataris en tercers o organitzacions internacionals;<\/li>\r\n<li>Si \u00e9s possible, el termini previst de conservaci\u00f3 de les dades personals o, si no \u00e9s possible, els criteris utilitzats per determinar aquest termini;<\/li>\r\n<li>L&#8217;exist\u00e8ncia del dret a sol\u00b7licitar del responsable la rectificaci\u00f3 o la supressi\u00f3 de dades personals o la limitaci\u00f3 del tractament de dades personals relatives a l&#8217;interessat, oa oposar-se a aquest tractament;<\/li>\r\n<li>El dret a presentar una reclamaci\u00f3 davant d&#8217;una autoritat de control;<\/li>\r\n<li>Quan les dades personals no s&#8217;hagin obtingut de l&#8217;interessat, qualsevol informaci\u00f3 disponible sobre l&#8217;origen;<\/li>\r\n<li>L&#8217;exist\u00e8ncia de decisions automatitzades, inclosa l&#8217;elaboraci\u00f3 de perfils, la l\u00f2gica aplicada, aix\u00ed com la import\u00e0ncia i les conseq\u00fc\u00e8ncies previstes del tractament esmentat.<\/li>\r\n<li>Dret de rectificaci\u00f3: Dret a obtenir del responsable del tractament la rectificaci\u00f3 de les dades personals inexactes que li concerneixin. Tenint en compte les finalitats del tractament, l&#8217;interessat tindr\u00e0 dret que es completin les dades personals que siguin incompletes, inclusivament mitjan\u00e7ant una declaraci\u00f3 addicional.<\/li>\r\n<li>Dret de supressi\u00f3: Dret a obtenir del responsable del tractament la supressi\u00f3 de les dades personals que li concerneixin, el qual estar\u00e0 obligat a suprimir sense dilaci\u00f3 indeguda les dades personals quan concorri alguna de les circumst\u00e0ncies seg\u00fcents:<\/li>\r\n<li>Les dades personals ja no siguin necess\u00e0ries en relaci\u00f3 amb les finalitats per a les quals van ser recollides o tractades altrament;<\/li>\r\n<li>L&#8217;interessat retiri el consentiment en qu\u00e8 es basa el tractament;<\/li>\r\n<li>L&#8217;interessat s&#8217;oposi al tractament;<\/li>\r\n<li>Les dades personals hagin estat tractades il\u00b7l\u00edcitament;<\/li>\r\n<li>Les dades personals s&#8217;han de suprimir per complir una obligaci\u00f3 legal establerta en el dret de la Uni\u00f3 o dels estats membres que s&#8217;apliqui al responsable del tractament;<\/li>\r\n<li>Les dades personals s&#8217;hagin obtingut en relaci\u00f3 amb l&#8217;oferta de serveis de la societat de la informaci\u00f3 adre\u00e7ada a menors.<\/li>\r\n<\/ol>\r\n<p>Aix\u00f2 no obstant, es regulen una s\u00e8rie d&#8217;excepcions en qu\u00e8 no \u00e9s procedent aquest dret. Per exemple, quan hagi de prevaldre el dret a la llibertat dexpressi\u00f3 i informaci\u00f3.<\/p>\r\n<ol start=\"4\">\r\n<li>Dret d&#8217;oposici\u00f3: Dret a oposar-se en qualsevol moment que les dades personals que li concerneixin siguin objecte d&#8217;un tractament.<\/li>\r\n<\/ol>\r\n<p>El responsable del tractament deixar\u00e0 de tractar les dades personals, llevat que acrediti motius leg\u00edtims imperiosos per al tractament que prevalguin sobre els interessos, els drets i les llibertats de l\u2019interessat, o per a la formulaci\u00f3, l\u2019exercici o la defensa de reclamacions.<\/p>\r\n<ol start=\"5\">\r\n<li>Dret a la limitaci\u00f3 del tractament: Dret a obtenir del responsable del tractament la limitaci\u00f3 del tractament de les dades quan es compleixi alguna de les condicions seg\u00fcents:<\/li>\r\n<li>L&#8217;interessat impugni l&#8217;exactitud de les dades personals, durant un termini que permeti al responsable verificar-ne l&#8217;exactitud;<\/li>\r\n<li>El tractament sigui il\u00b7l\u00edcit i l&#8217;interessat s&#8217;oposi a la supressi\u00f3 de les dades personals i sol\u00b7liciti al seu lloc la limitaci\u00f3 del seu \u00fas;<\/li>\r\n<li>El responsable ja no necessiti les dades personals per als fins del tractament, per\u00f2 linteressat les necessiti per a la formulaci\u00f3, l\u2019exercici o la defensa de reclamacions; i<\/li>\r\n<li>L&#8217;interessat s&#8217;ha oposat al tractament mentre es verifica si els motius leg\u00edtims del responsable prevalen sobre els de l&#8217;interessat.<\/li>\r\n<\/ol>\r\n<p>Comunicacions comercials<\/p>\r\n<p>En aplicaci\u00f3 de la LSSI-CE, no s&#8217;enviaran comunicacions publicit\u00e0ries o promocionals per correu electr\u00f2nic o altre mitj\u00e0 de comunicaci\u00f3 electr\u00f2nica equivalent que pr\u00e8viament no haguessin estat sol\u00b7licitades o expressament autoritzades pels destinataris de les mateixes.<\/p>\r\n<p>En el cas d&#8217;usuaris amb qu\u00e8 hi hagi una relaci\u00f3 contractual pr\u00e8via, s\u00ed aquesta contractaci\u00f3, autoritza a l&#8217;enviament de comunicacions comercials referents a productes o serveis que siguin iguals o similars als que inicialment van ser objecte de contractaci\u00f3 o d&#8217;inter\u00e8s professional o comercial amb el usuari, contacte, client o prove\u00efdor.<\/p>\r\n<p>En tot cas, l&#8217;usuari, despr\u00e9s d&#8217;acreditar-ne la identitat, podr\u00e0 sol\u00b7licitar que no se li faci arribar m\u00e9s informaci\u00f3 a trav\u00e9s dels canals corresponents a aquest efecte.<\/p>\r\n<p><\/p><\/div><\/div><\/div>","protected":false},"excerpt":{"rendered":"<p>El Responsable del tractament d&#8217;acord amb la LO 3\/2018 i el RGPDUE 2016\/679 us informa que: A trav\u00e9s d&#8217;aquest lloc web no es demanen dades de car\u00e0cter personal dels usuaris sense el seu coneixement, ni se cedeixen a tercers. Tota&#8230;<\/p>\n","protected":false},"author":3,"featured_media":0,"parent":0,"menu_order":0,"comment_status":"closed","ping_status":"open","template":"","meta":{"footnotes":""},"yoast_head":"<!-- This site is optimized with the Yoast SEO plugin v24.5 - https:\/\/yoast.com\/wordpress\/plugins\/seo\/ -->\n<title>Pol\u00edtica de privacitat - Grup Travi<\/title>\n<meta name=\"robots\" content=\"index, follow, max-snippet:-1, max-image-preview:large, max-video-preview:-1\" \/>\n<link rel=\"canonical\" href=\"https:\/\/gruptravi.com\/ca\/politica-de-privacitat\/\" \/>\n<meta property=\"og:locale\" content=\"ca_ES\" \/>\n<meta property=\"og:type\" content=\"article\" \/>\n<meta property=\"og:title\" content=\"Pol\u00edtica de privacitat - Grup Travi\" \/>\n<meta property=\"og:description\" content=\"El Responsable del tractament d&#8217;acord amb la LO 3\/2018 i el RGPDUE 2016\/679 us informa que: A trav\u00e9s d&#8217;aquest lloc web no es demanen dades de car\u00e0cter personal dels usuaris sense el seu coneixement, ni se cedeixen a tercers. Tota...\" \/>\n<meta property=\"og:url\" content=\"https:\/\/gruptravi.com\/ca\/politica-de-privacitat\/\" \/>\n<meta property=\"og:site_name\" content=\"Grup Travi\" \/>\n<meta property=\"article:modified_time\" content=\"2022-02-25T17:27:21+00:00\" \/>\n<meta name=\"twitter:card\" content=\"summary_large_image\" \/>\n<meta name=\"twitter:label1\" content=\"Temps estimat de lectura\" \/>\n\t<meta name=\"twitter:data1\" content=\"9 minuts\" \/>\n<script type=\"application\/ld+json\" class=\"yoast-schema-graph\">{\"@context\":\"https:\/\/schema.org\",\"@graph\":[{\"@type\":\"WebPage\",\"@id\":\"https:\/\/gruptravi.com\/ca\/politica-de-privacitat\/\",\"url\":\"https:\/\/gruptravi.com\/ca\/politica-de-privacitat\/\",\"name\":\"Pol\u00edtica de privacitat - Grup Travi\",\"isPartOf\":{\"@id\":\"https:\/\/gruptravi.com\/ca\/#website\"},\"datePublished\":\"2022-02-07T14:49:06+00:00\",\"dateModified\":\"2022-02-25T17:27:21+00:00\",\"breadcrumb\":{\"@id\":\"https:\/\/gruptravi.com\/ca\/politica-de-privacitat\/#breadcrumb\"},\"inLanguage\":\"ca\",\"potentialAction\":[{\"@type\":\"ReadAction\",\"target\":[\"https:\/\/gruptravi.com\/ca\/politica-de-privacitat\/\"]}]},{\"@type\":\"BreadcrumbList\",\"@id\":\"https:\/\/gruptravi.com\/ca\/politica-de-privacitat\/#breadcrumb\",\"itemListElement\":[{\"@type\":\"ListItem\",\"position\":1,\"name\":\"Portada\",\"item\":\"https:\/\/gruptravi.com\/ca\/\"},{\"@type\":\"ListItem\",\"position\":2,\"name\":\"Pol\u00edtica de privacitat\"}]},{\"@type\":\"WebSite\",\"@id\":\"https:\/\/gruptravi.com\/ca\/#website\",\"url\":\"https:\/\/gruptravi.com\/ca\/\",\"name\":\"Grup Travi\",\"description\":\"\",\"potentialAction\":[{\"@type\":\"SearchAction\",\"target\":{\"@type\":\"EntryPoint\",\"urlTemplate\":\"https:\/\/gruptravi.com\/ca\/?s={search_term_string}\"},\"query-input\":{\"@type\":\"PropertyValueSpecification\",\"valueRequired\":true,\"valueName\":\"search_term_string\"}}],\"inLanguage\":\"ca\"}]}<\/script>\n<!-- \/ Yoast SEO plugin. -->","yoast_head_json":{"title":"Pol\u00edtica de privacitat - Grup Travi","robots":{"index":"index","follow":"follow","max-snippet":"max-snippet:-1","max-image-preview":"max-image-preview:large","max-video-preview":"max-video-preview:-1"},"canonical":"https:\/\/gruptravi.com\/ca\/politica-de-privacitat\/","og_locale":"ca_ES","og_type":"article","og_title":"Pol\u00edtica de privacitat - Grup Travi","og_description":"El Responsable del tractament d&#8217;acord amb la LO 3\/2018 i el RGPDUE 2016\/679 us informa que: A trav\u00e9s d&#8217;aquest lloc web no es demanen dades de car\u00e0cter personal dels usuaris sense el seu coneixement, ni se cedeixen a tercers. Tota...","og_url":"https:\/\/gruptravi.com\/ca\/politica-de-privacitat\/","og_site_name":"Grup Travi","article_modified_time":"2022-02-25T17:27:21+00:00","twitter_card":"summary_large_image","twitter_misc":{"Temps estimat de lectura":"9 minuts"},"schema":{"@context":"https:\/\/schema.org","@graph":[{"@type":"WebPage","@id":"https:\/\/gruptravi.com\/ca\/politica-de-privacitat\/","url":"https:\/\/gruptravi.com\/ca\/politica-de-privacitat\/","name":"Pol\u00edtica de privacitat - Grup Travi","isPartOf":{"@id":"https:\/\/gruptravi.com\/ca\/#website"},"datePublished":"2022-02-07T14:49:06+00:00","dateModified":"2022-02-25T17:27:21+00:00","breadcrumb":{"@id":"https:\/\/gruptravi.com\/ca\/politica-de-privacitat\/#breadcrumb"},"inLanguage":"ca","potentialAction":[{"@type":"ReadAction","target":["https:\/\/gruptravi.com\/ca\/politica-de-privacitat\/"]}]},{"@type":"BreadcrumbList","@id":"https:\/\/gruptravi.com\/ca\/politica-de-privacitat\/#breadcrumb","itemListElement":[{"@type":"ListItem","position":1,"name":"Portada","item":"https:\/\/gruptravi.com\/ca\/"},{"@type":"ListItem","position":2,"name":"Pol\u00edtica de privacitat"}]},{"@type":"WebSite","@id":"https:\/\/gruptravi.com\/ca\/#website","url":"https:\/\/gruptravi.com\/ca\/","name":"Grup Travi","description":"","potentialAction":[{"@type":"SearchAction","target":{"@type":"EntryPoint","urlTemplate":"https:\/\/gruptravi.com\/ca\/?s={search_term_string}"},"query-input":{"@type":"PropertyValueSpecification","valueRequired":true,"valueName":"search_term_string"}}],"inLanguage":"ca"}]}},"_links":{"self":[{"href":"https:\/\/gruptravi.com\/ca\/wp-json\/wp\/v2\/pages\/15368"}],"collection":[{"href":"https:\/\/gruptravi.com\/ca\/wp-json\/wp\/v2\/pages"}],"about":[{"href":"https:\/\/gruptravi.com\/ca\/wp-json\/wp\/v2\/types\/page"}],"author":[{"embeddable":true,"href":"https:\/\/gruptravi.com\/ca\/wp-json\/wp\/v2\/users\/3"}],"replies":[{"embeddable":true,"href":"https:\/\/gruptravi.com\/ca\/wp-json\/wp\/v2\/comments?post=15368"}],"version-history":[{"count":4,"href":"https:\/\/gruptravi.com\/ca\/wp-json\/wp\/v2\/pages\/15368\/revisions"}],"predecessor-version":[{"id":15587,"href":"https:\/\/gruptravi.com\/ca\/wp-json\/wp\/v2\/pages\/15368\/revisions\/15587"}],"wp:attachment":[{"href":"https:\/\/gruptravi.com\/ca\/wp-json\/wp\/v2\/media?parent=15368"}],"curies":[{"name":"wp","href":"https:\/\/api.w.org\/{rel}","templated":true}]}}