{"id":15374,"date":"2022-02-07T14:55:36","date_gmt":"2022-02-07T14:55:36","guid":{"rendered":"https:\/\/gruptravi.com\/?page_id=15374"},"modified":"2022-02-25T18:35:56","modified_gmt":"2022-02-25T17:35:56","slug":"advertencia-de-privacitat-per-a-contactes","status":"publish","type":"page","link":"https:\/\/gruptravi.com\/ca\/advertencia-de-privacitat-per-a-contactes\/","title":{"rendered":"Advert\u00e8ncia de privacitat per a contactes"},"content":{"rendered":"<div class=\"limit-wrapper\"><div class=\"row \"><div class=\"vamtam-grid grid-1-1  vamtam-first-level grid-1-1  first unextended no-extended-padding\" style=\"padding-top:0.05px;padding-bottom:0.05px;\" id=\"vamtam-column-ca5a08faba1cdb2312e380490aed4868\" ><p><\/p>\r\n<p>El Responsable del tractament d&#8217;acord amb la LO 3\/2018 i el RGPDUE 2016\/679 us informa que:<\/p>\r\n<p>Vost\u00e8 per aquest mitj\u00e0, autoritza i d\u00f3na la seva conformitat perqu\u00e8 les seves dades siguin recollides i tractades en la seva qualitat de Contacte, i en proporcionar-les siguin tractades de forma confidencial i quedin incorporades a la corresponent activitat de tractament al nostre Registre d&#8217;Activitats que vost\u00e8 pot consultar i es conservaran mentre es mantingui la relaci\u00f3 o durant els anys necessaris per complir amb les obligacions legals i no se cediran a tercers excepte en els casos en qu\u00e8 hi hagi una obligaci\u00f3 legal accepta l&#8217;\u00fas de les cookies \u201ccookies permanents\u201d d&#8217;aquesta web en aquest apartat. Vost\u00e8 t\u00e9 dret a obtenir confirmaci\u00f3 sobre si estem tractant les seves dades personals, per tant, t\u00e9 dret a accedir a les seves dades personals, rectificar les dades inexactes o sol\u00b7licitar la seva supressi\u00f3 quan les dades ja no siguin necess\u00e0ries, mitjan\u00e7ant comunicaci\u00f3 escrita a: PLAZA JOSEP PALLACH, 14 CP.08035 BARCELONA \u2013 BARCELONA o info@gruptravi.com<\/p>\r\n<p><\/p><\/div><\/div><\/div>","protected":false},"excerpt":{"rendered":"<p>El Responsable del tractament d&#8217;acord amb la LO 3\/2018 i el RGPDUE 2016\/679 us informa que: Vost\u00e8 per aquest mitj\u00e0, autoritza i d\u00f3na la seva conformitat perqu\u00e8 les seves dades siguin recollides i tractades en la seva qualitat de Contacte,&#8230;<\/p>\n","protected":false},"author":3,"featured_media":0,"parent":0,"menu_order":0,"comment_status":"closed","ping_status":"open","template":"","meta":{"footnotes":""},"yoast_head":"<!-- This site is optimized with the Yoast SEO plugin v24.5 - https:\/\/yoast.com\/wordpress\/plugins\/seo\/ -->\n<title>Advert\u00e8ncia de privacitat per a contactes - Grup Travi<\/title>\n<meta name=\"robots\" content=\"index, follow, max-snippet:-1, max-image-preview:large, max-video-preview:-1\" \/>\n<link rel=\"canonical\" href=\"https:\/\/gruptravi.com\/ca\/advertencia-de-privacitat-per-a-contactes\/\" \/>\n<meta property=\"og:locale\" content=\"ca_ES\" \/>\n<meta property=\"og:type\" content=\"article\" \/>\n<meta property=\"og:title\" content=\"Advert\u00e8ncia de privacitat per a contactes - Grup Travi\" \/>\n<meta property=\"og:description\" content=\"El Responsable del tractament d&#8217;acord amb la LO 3\/2018 i el RGPDUE 2016\/679 us informa que: Vost\u00e8 per aquest mitj\u00e0, autoritza i d\u00f3na la seva conformitat perqu\u00e8 les seves dades siguin recollides i tractades en la seva qualitat de Contacte,...\" \/>\n<meta property=\"og:url\" content=\"https:\/\/gruptravi.com\/ca\/advertencia-de-privacitat-per-a-contactes\/\" \/>\n<meta property=\"og:site_name\" content=\"Grup Travi\" \/>\n<meta property=\"article:modified_time\" content=\"2022-02-25T17:35:56+00:00\" \/>\n<meta name=\"twitter:card\" content=\"summary_large_image\" \/>\n<meta name=\"twitter:label1\" content=\"Temps estimat de lectura\" \/>\n\t<meta name=\"twitter:data1\" content=\"1 minut\" \/>\n<script type=\"application\/ld+json\" class=\"yoast-schema-graph\">{\"@context\":\"https:\/\/schema.org\",\"@graph\":[{\"@type\":\"WebPage\",\"@id\":\"https:\/\/gruptravi.com\/ca\/advertencia-de-privacitat-per-a-contactes\/\",\"url\":\"https:\/\/gruptravi.com\/ca\/advertencia-de-privacitat-per-a-contactes\/\",\"name\":\"Advert\u00e8ncia de privacitat per a contactes - Grup Travi\",\"isPartOf\":{\"@id\":\"https:\/\/gruptravi.com\/ca\/#website\"},\"datePublished\":\"2022-02-07T14:55:36+00:00\",\"dateModified\":\"2022-02-25T17:35:56+00:00\",\"breadcrumb\":{\"@id\":\"https:\/\/gruptravi.com\/ca\/advertencia-de-privacitat-per-a-contactes\/#breadcrumb\"},\"inLanguage\":\"ca\",\"potentialAction\":[{\"@type\":\"ReadAction\",\"target\":[\"https:\/\/gruptravi.com\/ca\/advertencia-de-privacitat-per-a-contactes\/\"]}]},{\"@type\":\"BreadcrumbList\",\"@id\":\"https:\/\/gruptravi.com\/ca\/advertencia-de-privacitat-per-a-contactes\/#breadcrumb\",\"itemListElement\":[{\"@type\":\"ListItem\",\"position\":1,\"name\":\"Portada\",\"item\":\"https:\/\/gruptravi.com\/ca\/\"},{\"@type\":\"ListItem\",\"position\":2,\"name\":\"Advert\u00e8ncia de privacitat per a contactes\"}]},{\"@type\":\"WebSite\",\"@id\":\"https:\/\/gruptravi.com\/ca\/#website\",\"url\":\"https:\/\/gruptravi.com\/ca\/\",\"name\":\"Grup Travi\",\"description\":\"\",\"potentialAction\":[{\"@type\":\"SearchAction\",\"target\":{\"@type\":\"EntryPoint\",\"urlTemplate\":\"https:\/\/gruptravi.com\/ca\/?s={search_term_string}\"},\"query-input\":{\"@type\":\"PropertyValueSpecification\",\"valueRequired\":true,\"valueName\":\"search_term_string\"}}],\"inLanguage\":\"ca\"}]}<\/script>\n<!-- \/ Yoast SEO plugin. -->","yoast_head_json":{"title":"Advert\u00e8ncia de privacitat per a contactes - Grup Travi","robots":{"index":"index","follow":"follow","max-snippet":"max-snippet:-1","max-image-preview":"max-image-preview:large","max-video-preview":"max-video-preview:-1"},"canonical":"https:\/\/gruptravi.com\/ca\/advertencia-de-privacitat-per-a-contactes\/","og_locale":"ca_ES","og_type":"article","og_title":"Advert\u00e8ncia de privacitat per a contactes - Grup Travi","og_description":"El Responsable del tractament d&#8217;acord amb la LO 3\/2018 i el RGPDUE 2016\/679 us informa que: Vost\u00e8 per aquest mitj\u00e0, autoritza i d\u00f3na la seva conformitat perqu\u00e8 les seves dades siguin recollides i tractades en la seva qualitat de Contacte,...","og_url":"https:\/\/gruptravi.com\/ca\/advertencia-de-privacitat-per-a-contactes\/","og_site_name":"Grup Travi","article_modified_time":"2022-02-25T17:35:56+00:00","twitter_card":"summary_large_image","twitter_misc":{"Temps estimat de lectura":"1 minut"},"schema":{"@context":"https:\/\/schema.org","@graph":[{"@type":"WebPage","@id":"https:\/\/gruptravi.com\/ca\/advertencia-de-privacitat-per-a-contactes\/","url":"https:\/\/gruptravi.com\/ca\/advertencia-de-privacitat-per-a-contactes\/","name":"Advert\u00e8ncia de privacitat per a contactes - Grup Travi","isPartOf":{"@id":"https:\/\/gruptravi.com\/ca\/#website"},"datePublished":"2022-02-07T14:55:36+00:00","dateModified":"2022-02-25T17:35:56+00:00","breadcrumb":{"@id":"https:\/\/gruptravi.com\/ca\/advertencia-de-privacitat-per-a-contactes\/#breadcrumb"},"inLanguage":"ca","potentialAction":[{"@type":"ReadAction","target":["https:\/\/gruptravi.com\/ca\/advertencia-de-privacitat-per-a-contactes\/"]}]},{"@type":"BreadcrumbList","@id":"https:\/\/gruptravi.com\/ca\/advertencia-de-privacitat-per-a-contactes\/#breadcrumb","itemListElement":[{"@type":"ListItem","position":1,"name":"Portada","item":"https:\/\/gruptravi.com\/ca\/"},{"@type":"ListItem","position":2,"name":"Advert\u00e8ncia de privacitat per a contactes"}]},{"@type":"WebSite","@id":"https:\/\/gruptravi.com\/ca\/#website","url":"https:\/\/gruptravi.com\/ca\/","name":"Grup Travi","description":"","potentialAction":[{"@type":"SearchAction","target":{"@type":"EntryPoint","urlTemplate":"https:\/\/gruptravi.com\/ca\/?s={search_term_string}"},"query-input":{"@type":"PropertyValueSpecification","valueRequired":true,"valueName":"search_term_string"}}],"inLanguage":"ca"}]}},"_links":{"self":[{"href":"https:\/\/gruptravi.com\/ca\/wp-json\/wp\/v2\/pages\/15374"}],"collection":[{"href":"https:\/\/gruptravi.com\/ca\/wp-json\/wp\/v2\/pages"}],"about":[{"href":"https:\/\/gruptravi.com\/ca\/wp-json\/wp\/v2\/types\/page"}],"author":[{"embeddable":true,"href":"https:\/\/gruptravi.com\/ca\/wp-json\/wp\/v2\/users\/3"}],"replies":[{"embeddable":true,"href":"https:\/\/gruptravi.com\/ca\/wp-json\/wp\/v2\/comments?post=15374"}],"version-history":[{"count":1,"href":"https:\/\/gruptravi.com\/ca\/wp-json\/wp\/v2\/pages\/15374\/revisions"}],"predecessor-version":[{"id":15595,"href":"https:\/\/gruptravi.com\/ca\/wp-json\/wp\/v2\/pages\/15374\/revisions\/15595"}],"wp:attachment":[{"href":"https:\/\/gruptravi.com\/ca\/wp-json\/wp\/v2\/media?parent=15374"}],"curies":[{"name":"wp","href":"https:\/\/api.w.org\/{rel}","templated":true}]}}