{"id":15348,"date":"2022-02-07T13:00:03","date_gmt":"2022-02-07T13:00:03","guid":{"rendered":"https:\/\/gruptravi.com\/?page_id=15348"},"modified":"2022-02-25T18:37:55","modified_gmt":"2022-02-25T17:37:55","slug":"ofertas-de-trabajo","status":"publish","type":"page","link":"https:\/\/gruptravi.com\/es\/ofertas-de-trabajo\/","title":{"rendered":"Ofertas de trabajo"},"content":{"rendered":"<div class=\"limit-wrapper\"><div class=\"row \"><div class=\"vamtam-grid grid-1-1  vamtam-first-level grid-1-1  first unextended no-extended-padding\" style=\"padding-top:0.05px;padding-bottom:0.05px;\" id=\"vamtam-column-ed7b2356225752c03dceb8c4ad4a0c4e\" ><p>El Responsable del tratamiento de acuerdo con la LO 3\/2018 y el RGPDUE 2016\/679 le informa que:<\/p>\n<p>Usted en su calidad de candidato o postulante, al enviar su Curriculum Vitae autoriza a GRUP TRAVI (MASIA CAN CORTADA SA &#8211; CAN TRAVI NOU S.L. &#8211; EL XALET DE MONTJUIC SL.) \u00a0con CIF N\u00ba\u00a0 A58628348\u00a0 \/ B08904062\u00a0 \/ B63246839\u00a0 u otras\u00a0 empresas o compa\u00f1\u00edas del grupo, participadas o asociadas, a la recogida, almacenamiento, tratamiento y cesi\u00f3n de sus datos personales, as\u00ed como de la informaci\u00f3n que pueda existir en un futuro contenida de sus informes laborales y evaluaciones, y cualquier otra \u00fatil a tales fines, para la prestaci\u00f3n de servicios vinculados a la relaci\u00f3n laboral u otras relaciones que pudieran establecerse en el futuro con la empresa o compa\u00f1\u00edas del grupo, participadas o asociadas, as\u00ed como para posibilitar el cumplimiento de las obligaciones legales de la empresa y dem\u00e1s derivadas de cualquier relaci\u00f3n laboral existente o a existir en el futuro.<\/p>\n<p>Los presentes datos podr\u00edan ser cedidos a terceros para prop\u00f3sitos administrativos, evaluatorios o laborales, siendo GRUP TRAVI (MASIA CAN CORTADA SA &#8211; CAN TRAVI NOU S.L. &#8211; EL XALET DE MONTJUIC SL.)\u00a0 \u00a0garante de la seguridad y protecci\u00f3n de dichos datos.<\/p>\n<p>Usted tiene derecho a obtener confirmaci\u00f3n sobre si estamos tratando sus datos personales, por tanto tiene derecho a acceder a sus datos personales, rectificar los datos inexactos o solicitar su supresi\u00f3n cuando los datos ya no sean necesarios, mediante comunicaci\u00f3n escrita a: PLAZA JOSEP PALLACH, 14\u00a0 CP.08035 BARCELONA o info@gruptravi.com<\/p>\n<p>Y acepta el uso de las cookies\u00a0 \u00abcookies permanentes\u00bb de esta web en este apartado.<\/p>\n<p>Por lo general, mantenemos la informaci\u00f3n por usted facilitada hasta el momento en que finalice o se anule la oferta o hasta el vencimiento de cualquier per\u00edodo de selecci\u00f3n.<\/p><\/div><\/div><\/div>\n","protected":false},"excerpt":{"rendered":"<p>El Responsable del tratamiento de acuerdo con la LO 3\/2018 y el RGPDUE 2016\/679 le informa que: Usted en su calidad de candidato o postulante, al enviar su Curriculum Vitae autoriza a GRUP TRAVI (MASIA CAN CORTADA SA &#8211; CAN&#8230;<\/p>\n","protected":false},"author":3,"featured_media":0,"parent":0,"menu_order":0,"comment_status":"closed","ping_status":"open","template":"","meta":{"footnotes":""},"yoast_head":"<!-- This site is optimized with the Yoast SEO plugin v24.5 - https:\/\/yoast.com\/wordpress\/plugins\/seo\/ -->\n<title>Ofertas de trabajo - Grup Travi<\/title>\n<meta name=\"robots\" content=\"index, follow, max-snippet:-1, max-image-preview:large, max-video-preview:-1\" \/>\n<link rel=\"canonical\" href=\"https:\/\/gruptravi.com\/es\/ofertas-de-trabajo\/\" \/>\n<meta property=\"og:locale\" content=\"es_ES\" \/>\n<meta property=\"og:type\" content=\"article\" \/>\n<meta property=\"og:title\" content=\"Ofertas de trabajo - Grup Travi\" \/>\n<meta property=\"og:description\" content=\"El Responsable del tratamiento de acuerdo con la LO 3\/2018 y el RGPDUE 2016\/679 le informa que: Usted en su calidad de candidato o postulante, al enviar su Curriculum Vitae autoriza a GRUP TRAVI (MASIA CAN CORTADA SA &#8211; CAN...\" \/>\n<meta property=\"og:url\" content=\"https:\/\/gruptravi.com\/es\/ofertas-de-trabajo\/\" \/>\n<meta property=\"og:site_name\" content=\"Grup Travi\" \/>\n<meta property=\"article:modified_time\" content=\"2022-02-25T17:37:55+00:00\" \/>\n<meta name=\"twitter:card\" content=\"summary_large_image\" \/>\n<meta name=\"twitter:label1\" content=\"Tiempo de lectura\" \/>\n\t<meta name=\"twitter:data1\" content=\"2 minutos\" \/>\n<script type=\"application\/ld+json\" class=\"yoast-schema-graph\">{\"@context\":\"https:\/\/schema.org\",\"@graph\":[{\"@type\":\"WebPage\",\"@id\":\"https:\/\/gruptravi.com\/es\/ofertas-de-trabajo\/\",\"url\":\"https:\/\/gruptravi.com\/es\/ofertas-de-trabajo\/\",\"name\":\"Ofertas de trabajo - Grup Travi\",\"isPartOf\":{\"@id\":\"https:\/\/gruptravi.com\/ca\/#website\"},\"datePublished\":\"2022-02-07T13:00:03+00:00\",\"dateModified\":\"2022-02-25T17:37:55+00:00\",\"breadcrumb\":{\"@id\":\"https:\/\/gruptravi.com\/es\/ofertas-de-trabajo\/#breadcrumb\"},\"inLanguage\":\"es\",\"potentialAction\":[{\"@type\":\"ReadAction\",\"target\":[\"https:\/\/gruptravi.com\/es\/ofertas-de-trabajo\/\"]}]},{\"@type\":\"BreadcrumbList\",\"@id\":\"https:\/\/gruptravi.com\/es\/ofertas-de-trabajo\/#breadcrumb\",\"itemListElement\":[{\"@type\":\"ListItem\",\"position\":1,\"name\":\"Portada\",\"item\":\"https:\/\/gruptravi.com\/es\/\"},{\"@type\":\"ListItem\",\"position\":2,\"name\":\"Ofertas de trabajo\"}]},{\"@type\":\"WebSite\",\"@id\":\"https:\/\/gruptravi.com\/ca\/#website\",\"url\":\"https:\/\/gruptravi.com\/ca\/\",\"name\":\"Grup Travi\",\"description\":\"\",\"potentialAction\":[{\"@type\":\"SearchAction\",\"target\":{\"@type\":\"EntryPoint\",\"urlTemplate\":\"https:\/\/gruptravi.com\/ca\/?s={search_term_string}\"},\"query-input\":{\"@type\":\"PropertyValueSpecification\",\"valueRequired\":true,\"valueName\":\"search_term_string\"}}],\"inLanguage\":\"es\"}]}<\/script>\n<!-- \/ Yoast SEO plugin. -->","yoast_head_json":{"title":"Ofertas de trabajo - Grup Travi","robots":{"index":"index","follow":"follow","max-snippet":"max-snippet:-1","max-image-preview":"max-image-preview:large","max-video-preview":"max-video-preview:-1"},"canonical":"https:\/\/gruptravi.com\/es\/ofertas-de-trabajo\/","og_locale":"es_ES","og_type":"article","og_title":"Ofertas de trabajo - Grup Travi","og_description":"El Responsable del tratamiento de acuerdo con la LO 3\/2018 y el RGPDUE 2016\/679 le informa que: Usted en su calidad de candidato o postulante, al enviar su Curriculum Vitae autoriza a GRUP TRAVI (MASIA CAN CORTADA SA &#8211; CAN...","og_url":"https:\/\/gruptravi.com\/es\/ofertas-de-trabajo\/","og_site_name":"Grup Travi","article_modified_time":"2022-02-25T17:37:55+00:00","twitter_card":"summary_large_image","twitter_misc":{"Tiempo de lectura":"2 minutos"},"schema":{"@context":"https:\/\/schema.org","@graph":[{"@type":"WebPage","@id":"https:\/\/gruptravi.com\/es\/ofertas-de-trabajo\/","url":"https:\/\/gruptravi.com\/es\/ofertas-de-trabajo\/","name":"Ofertas de trabajo - Grup Travi","isPartOf":{"@id":"https:\/\/gruptravi.com\/ca\/#website"},"datePublished":"2022-02-07T13:00:03+00:00","dateModified":"2022-02-25T17:37:55+00:00","breadcrumb":{"@id":"https:\/\/gruptravi.com\/es\/ofertas-de-trabajo\/#breadcrumb"},"inLanguage":"es","potentialAction":[{"@type":"ReadAction","target":["https:\/\/gruptravi.com\/es\/ofertas-de-trabajo\/"]}]},{"@type":"BreadcrumbList","@id":"https:\/\/gruptravi.com\/es\/ofertas-de-trabajo\/#breadcrumb","itemListElement":[{"@type":"ListItem","position":1,"name":"Portada","item":"https:\/\/gruptravi.com\/es\/"},{"@type":"ListItem","position":2,"name":"Ofertas de trabajo"}]},{"@type":"WebSite","@id":"https:\/\/gruptravi.com\/ca\/#website","url":"https:\/\/gruptravi.com\/ca\/","name":"Grup Travi","description":"","potentialAction":[{"@type":"SearchAction","target":{"@type":"EntryPoint","urlTemplate":"https:\/\/gruptravi.com\/ca\/?s={search_term_string}"},"query-input":{"@type":"PropertyValueSpecification","valueRequired":true,"valueName":"search_term_string"}}],"inLanguage":"es"}]}},"_links":{"self":[{"href":"https:\/\/gruptravi.com\/es\/wp-json\/wp\/v2\/pages\/15348"}],"collection":[{"href":"https:\/\/gruptravi.com\/es\/wp-json\/wp\/v2\/pages"}],"about":[{"href":"https:\/\/gruptravi.com\/es\/wp-json\/wp\/v2\/types\/page"}],"author":[{"embeddable":true,"href":"https:\/\/gruptravi.com\/es\/wp-json\/wp\/v2\/users\/3"}],"replies":[{"embeddable":true,"href":"https:\/\/gruptravi.com\/es\/wp-json\/wp\/v2\/comments?post=15348"}],"version-history":[{"count":3,"href":"https:\/\/gruptravi.com\/es\/wp-json\/wp\/v2\/pages\/15348\/revisions"}],"predecessor-version":[{"id":15598,"href":"https:\/\/gruptravi.com\/es\/wp-json\/wp\/v2\/pages\/15348\/revisions\/15598"}],"wp:attachment":[{"href":"https:\/\/gruptravi.com\/es\/wp-json\/wp\/v2\/media?parent=15348"}],"curies":[{"name":"wp","href":"https:\/\/api.w.org\/{rel}","templated":true}]}}