{"id":15367,"date":"2022-02-07T14:47:12","date_gmt":"2022-02-07T14:47:12","guid":{"rendered":"https:\/\/gruptravi.com\/?page_id=15367"},"modified":"2022-02-25T18:42:20","modified_gmt":"2022-02-25T17:42:20","slug":"politica-de-privacidad","status":"publish","type":"page","link":"https:\/\/gruptravi.com\/es\/politica-de-privacidad\/","title":{"rendered":"Pol\u00edtica de privacidad"},"content":{"rendered":"<div class=\"limit-wrapper\"><div class=\"row \"><div class=\"vamtam-grid grid-1-1  vamtam-first-level grid-1-1  first unextended no-extended-padding\" style=\"padding-top:0.05px;padding-bottom:0.05px;\" id=\"vamtam-column-8c38614bf168a8b37c0487f088a84f72\" ><p><\/p>\r\n<p>El Responsable del tratamiento de acuerdo con la LO 3\/2018 y el RGPDUE 2016\/679 le informa que:<\/p>\r\n<p>A trav\u00e9s de este sitio web no se recaban datos de car\u00e1cter personal de los usuarios sin su conocimiento, ni se ceden a terceros. Toda comunicaci\u00f3n con GRUP TRAVI (MASIA CAN CORTADA SA &#8211; CAN TRAVI NOU S.L. &#8211; EL XALET DE MONTJUIC SL.)\u00a0 por cualquier medio o a trav\u00e9s de su direcci\u00f3n de correo electr\u00f3nico, o de los formularios presentes en este \u2018web site\u2019 o a su \u2018e-mail\u2019, supone el consentimiento expreso para que sus datos personales en calidad de Cliente\/Proveedor\/Contacto, sean incorporados en nuestro Registro de Actividades y a ficheros o bases de datos titularidad de GRUP TRAVI (MASIA CAN CORTADA SA &#8211; CAN TRAVI NOU S.L. &#8211; EL XALET DE MONTJUIC SL.)\u00a0 , que usted puede consultar y se conservar\u00e1n mientras se mantenga la relaci\u00f3n o durante los a\u00f1os necesarios para cumplir con las obligaciones legales.<\/p>\r\n<p>Los datos de car\u00e1cter personal que se pudieran recabar directamente del interesado ser\u00e1n tratados de forma confidencial y quedar\u00e1n incorporados a la correspondiente actividad de tratamiento<\/p>\r\n<p>La finalidad del tratamiento de los datos corresponde a cada una de las actividades de tratamiento que realiza GRUP TRAVI (MASIA CAN CORTADA SA &#8211; CAN TRAVI NOU S.L. &#8211; EL XALET DE MONTJUIC SL.)\u00a0 \u00a0y que Usted tiene derecho a obtener confirmaci\u00f3n sobre si estamos tratando sus datos personales, por tanto tiene derecho a acceder a sus datos personales, rectificar los datos inexactos o solicitar su supresi\u00f3n cuando los datos ya no sean necesarios, mediante comunicaci\u00f3n escrita a: PLAZA JOSEP PALLACH, 14\u00a0 CP.08035 BARCELONA o al e-mail: info@gruptravi.com<\/p>\r\n<p>El usuario acepta el uso de las cookies\u00a0 \u00abcookies permanentes\u00bb de esta web.<\/p>\r\n<p><strong><u>AMPLIATORIA DE LA POL\u00cdTICA DE PRIVACIDAD<\/u><\/strong><\/p>\r\n<p>En aplicaci\u00f3n de la nueva normativa vigente en materia de protecci\u00f3n de datos de car\u00e1cter personal, informamos que los datos personales que recogemos de los clientes, usuarios, proveedores y contactos, lo hacemos a trav\u00e9s de nuestra relaci\u00f3n comercial que nos une y tambi\u00e9n desde nuestro sitio web.<\/p>\r\n<p>Estos datos se incluyen en bases de datos o ficheros automatizados espec\u00edficos para cada caso y est\u00e1n registrados en nuestro Registro de Actividades de acuerdo al tipo de usuarios y de los servicios que les prestamos o nos prestan.<\/p>\r\n<p>\u00bfCon qu\u00e9 finalidad recogemos sus datos personales?<\/p>\r\n<p>La recogida y tratamiento automatizado o manual de los datos de car\u00e1cter personal tiene como finalidad el mantenimiento de la relaci\u00f3n comercial y el desempe\u00f1o de tareas de informaci\u00f3n, y otras actividades propias de la relaci\u00f3n comercial que nos une.<\/p>\r\n<p>\u00bfCon qu\u00e9 finalidad tratamos sus datos personales?<\/p>\r\n<p>Los datos personales que forman parte de nuestra base de datos se tratan con el fin de gestionar la informaci\u00f3n que nos facilitan las personas interesadas al fin de prestar el servicio por el que nos contratan o contratamos y gestionar las solicitudes enviadas a trav\u00e9s cualquier medio, incluido las comunicaciones electr\u00f3nicas comerciales, promocionales, o publicitarias.<\/p>\r\n<p>Adoptamos las medidas necesarias para garantizar la seguridad, integridad y confidencialidad de los datos conforme a lo dispuesto la Ley Org\u00e1nica 3\/2018, de 5 de diciembre, de Protecci\u00f3n de Datos y Garant\u00eda de los Derechos Digitales y en el Reglamento (UE) 2016\/679 del Parlamento Europeo y del Consejo, de 27 de abril de 2016, relativo a la protecci\u00f3n de las personas f\u00edsicas en lo que respecta al tratamiento de datos personales y a la libre circulaci\u00f3n de los mismos.<\/p>\r\n<p>\u00bfA qu\u00e9 destinatarios se comunicar\u00e1n sus datos?<\/p>\r\n<p>Sus datos personales no ser\u00e1n cedidos a terceros, salvo imperativo legal. \u00a0Como encargados de tratamiento, tenemos contratados a distintos proveedores de servicios, habi\u00e9ndose comprometido al cumplimiento de las disposiciones normativas, de aplicaci\u00f3n en materia de protecci\u00f3n de datos, en el momento de su contrataci\u00f3n.<\/p>\r\n<p>\u00bfPor cu\u00e1nto tiempo conservaremos sus datos?<\/p>\r\n<p>Los datos personales proporcionados se conservar\u00e1n mientras se mantenga la relaci\u00f3n comercial o no soliciten su supresi\u00f3n o no se revoque el consentimiento y durante el plazo por el cu\u00e1l pudieran derivarse responsabilidades legales por los servicios prestados.<\/p>\r\n<p>Los datos personales que forman parte de nuestra base de datos y tengan una relaci\u00f3n contractual se conservar\u00e1n durante un m\u00e1ximo de cinco (5) a\u00f1os a partir de la \u00faltima factura emitida. \u00a0En algunos casos pueden revocar el consentimiento en cualquier momento.<\/p>\r\n<p>\u00bfCu\u00e1l es la legitimaci\u00f3n para el tratamiento de sus datos?<\/p>\r\n<p>En la relaci\u00f3n contractual vigente o que nos une, la base legal para el tratamiento de sus datos es la que consta y obligan la Ley Org\u00e1nica 3\/2018, de 5 de diciembre, de Protecci\u00f3n de Datos y Garant\u00eda de los Derechos Digitales y en el Reglamento (UE) 2016\/679 del Parlamento Europeo y del Consejo, de 27 de abril de 2016, relativo a la protecci\u00f3n de las personas f\u00edsicas en lo que respecta al tratamiento de datos personales y a la libre circulaci\u00f3n de los mismos.<\/p>\r\n<p>Con respecto al consentimiento libre, espec\u00edfico, informado e inequ\u00edvoco, en tanto que le informamos poniendo a tu disposici\u00f3n la presente pol\u00edtica de privacidad, que tras la lectura de la misma, en caso de no estar conforme, puede solicitar el acceso a sus datos conforme a nuestro Registro de Actividades.<\/p>\r\n<p>\u00bfCu\u00e1les son sus derechos cuando nos facilita sus datos?<\/p>\r\n<p>Cualquier persona tiene derecho a obtener confirmaci\u00f3n sobre si se tratan y como sus datos personales.<\/p>\r\n<p>Las personas interesadas tienen derecho a acceder a sus datos personales, as\u00ed como a solicitar la rectificaci\u00f3n de los datos inexactos o en su caso, solicitar su supresi\u00f3n cuando, entre otros motivos, los datos ya no sean necesarios para los fines que fueron recogidos.<\/p>\r\n<p>En determinadas circunstancias, los interesados podr\u00e1n solicitar la limitaci\u00f3n del tratamiento de sus datos, en cuyo caso \u00fanicamente los conservaremos para el ejercicio o la defensa de reclamaciones.<\/p>\r\n<p>Asimismo, en determinadas circunstancias y por motivos relacionados con su situaci\u00f3n particular, los interesados podr\u00e1n oponerse al tratamiento de sus datos.<\/p>\r\n<p>Tambi\u00e9n le informamos que podemos dejar de tratar los datos, salvo por motivos leg\u00edtimos imperiosos, o el ejercicio o la defensa de posibles reclamaciones.<\/p>\r\n<p>Y le informamos que podr\u00e1 ejercer los derechos de acceso, rectificaci\u00f3n, supresi\u00f3n, oposici\u00f3n y limitaci\u00f3n del tratamiento seg\u00fan las condiciones y l\u00edmites previstos en la vigente legislaci\u00f3n, dirigi\u00e9ndose a nosotros por escrito, o bien mediante email. En cualquier caso, deber\u00e1 aportar copia de su DNI, pasaporte o documento equivalente. En caso de considerarlo oportuno, puede presentar una reclamaci\u00f3n ante la Agencia Espa\u00f1ola de Protecci\u00f3n de Datos (agpd.es).<\/p>\r\n<p>\u00bfC\u00f3mo hemos obtenido sus datos?<\/p>\r\n<p>Los datos personales que tratamos proceden de las propias solicitudes de los interesados.<\/p>\r\n<p>Las categor\u00edas de datos que se tratan, seg\u00fan la categor\u00eda de los usuarios y contactos, en forma general y no en particular pueden ser:<\/p>\r\n<p>\u25aa Datos Tipificados: Caracter\u00edsticas personales, detalles del empleo, o informaci\u00f3n comercial \/ econ\u00f3mica \/ financiera<\/p>\r\n<p>\u25aa Datos de car\u00e1cter identificativos: Nombre y apellidos, domicilio, NIF \/ DNI, tel\u00e9fono\/e-mail, cuenta bancaria, e imagen.<\/p>\r\n<p>No se tratan datos especialmente protegidos.<\/p>\r\n<p>Derechos de los interesados<\/p>\r\n<ol>\r\n<li>Derecho de acceso: Derecho a obtener del responsable del tratamiento confirmaci\u00f3n de si se est\u00e1n tratando o no datos personales que le conciernen y, en tal caso, derecho de acceso a sus datos personales. As\u00ed como:<\/li>\r\n<li>Los fines del tratamiento;<\/li>\r\n<li>Las categor\u00edas de datos personales de que se trate;<\/li>\r\n<li>Los destinatarios o las categor\u00edas de destinatarios a los que se comunicaron o ser\u00e1n comunicados los datos personales, en particular destinatarios en terceros u organizaciones internacionales;<\/li>\r\n<li>De ser posible, el plazo previsto de conservaci\u00f3n de los datos personales o, de no ser posible, los criterios utilizados para determinar este plazo;<\/li>\r\n<li>La existencia del derecho a solicitar del responsable la rectificaci\u00f3n o supresi\u00f3n de datos personales o la limitaci\u00f3n del tratamiento de datos personales relativos al interesado, o a oponerse a dicho tratamiento;<\/li>\r\n<li>El derecho a presentar una reclamaci\u00f3n ante una autoridad de control;<\/li>\r\n<li>Cuando los datos personales no se hayan obtenido del interesado, cualquier informaci\u00f3n disponible sobre su origen;<\/li>\r\n<li>La existencia de decisiones automatizadas, incluida la elaboraci\u00f3n de perfiles, la l\u00f3gica aplicada, as\u00ed como la importancia y las consecuencias previstas de dicho tratamiento.<\/li>\r\n<li>Derecho de rectificaci\u00f3n: Derecho a obtener del responsable del tratamiento la rectificaci\u00f3n de los datos personales inexactos que le conciernan. Teniendo en cuenta los fines del tratamiento, el interesado tendr\u00e1 derecho a que se completen los datos personales que sean incompletos, inclusive mediante una declaraci\u00f3n adicional.<\/li>\r\n<li>Derecho de supresi\u00f3n: Derecho a obtener del responsable del tratamiento la supresi\u00f3n de los datos personales que le conciernan, el cual estar\u00e1 obligado a suprimir sin dilaci\u00f3n indebida los datos personales cuando concurra alguna de las circunstancias siguientes:<\/li>\r\n<li>Los datos personales ya no sean necesarios en relaci\u00f3n con los fines para los que fueron recogidos o tratados de otro modo;<\/li>\r\n<li>El interesado retire el consentimiento en que se basa el tratamiento;<\/li>\r\n<li>El interesado se oponga al tratamiento;<\/li>\r\n<li>Los datos personales hayan sido tratados il\u00edcitamente;<\/li>\r\n<li>Los datos personales deban suprimirse para el cumplimiento de una obligaci\u00f3n legal establecida en el Derecho de la Uni\u00f3n o de los Estados miembros que se aplique al responsable del tratamiento;<\/li>\r\n<li>Los datos personales se hayan obtenido en relaci\u00f3n con la oferta de servicios de la sociedad de la informaci\u00f3n dirigida a menores.<\/li>\r\n<\/ol>\r\n<p>No obstante, se regulan una serie de excepciones en las que no proceder\u00e1 este derecho. Por ejemplo, cuando deba prevalecer el derecho a la libertad de expresi\u00f3n e informaci\u00f3n.<\/p>\r\n<ol start=\"4\">\r\n<li>Derecho de oposici\u00f3n: Derecho a oponerse en cualquier momento a que datos personales que le conciernan sean objeto de un tratamiento.<\/li>\r\n<\/ol>\r\n<p>El responsable del tratamiento dejar\u00e1 de tratar los datos personales, salvo que acredite motivos leg\u00edtimos imperiosos para el tratamiento que prevalezcan sobre los intereses, los derechos y las libertades del interesado, o para la formulaci\u00f3n, el ejercicio o la defensa de reclamaciones.<\/p>\r\n<ol start=\"5\">\r\n<li>Derecho a la limitaci\u00f3n del tratamiento: Derecho a obtener del responsable del tratamiento la limitaci\u00f3n del tratamiento de los datos cuando se cumpla alguna de las condiciones siguientes:<\/li>\r\n<li>El interesado impugne la exactitud de los datos personales, durante un plazo que permita al responsable verificar la exactitud de estos;<\/li>\r\n<li>El tratamiento sea il\u00edcito y el interesado se oponga a la supresi\u00f3n de los datos personales y solicite en su lugar la limitaci\u00f3n de su uso;<\/li>\r\n<li>El responsable ya no necesite los datos personales para los fines del tratamiento, pero el interesado los necesite para la formulaci\u00f3n, el ejercicio o la defensa de reclamaciones; y<\/li>\r\n<li>El interesado se haya opuesto al tratamiento mientras se verifica si los motivos leg\u00edtimos del responsable prevalecen sobre los del interesado.<\/li>\r\n<\/ol>\r\n<p>Comunicaciones comerciales<\/p>\r\n<p>En aplicaci\u00f3n de la LSSI-CE, no se enviar\u00e1n comunicaciones publicitarias o promocionales por correo electr\u00f3nico u otro medio de comunicaci\u00f3n electr\u00f3nica equivalente que previamente no hubieran sido solicitadas o expresamente autorizadas por los destinatarios de las mismas.<\/p>\r\n<p>En el caso de usuarios con los que exista una relaci\u00f3n contractual previa, s\u00ed esta contrataci\u00f3n, autoriza al env\u00edo de comunicaciones comerciales referentes a productos o servicios que sean iguales o similares a los que inicialmente fueron objeto de contrataci\u00f3n o de inter\u00e9s profesional o comercial con el usuario, contacto, cliente o proveedor.<\/p>\r\n<p>En todo caso, el usuario, tras acreditar su identidad, podr\u00e1 solicitar que no se le haga llegar m\u00e1s informaci\u00f3n a trav\u00e9s de los canales correspondientes al efecto.<\/p>\r\n<p><\/p><\/div><\/div><\/div>","protected":false},"excerpt":{"rendered":"<p>El Responsable del tratamiento de acuerdo con la LO 3\/2018 y el RGPDUE 2016\/679 le informa que: A trav\u00e9s de este sitio web no se recaban datos de car\u00e1cter personal de los usuarios sin su conocimiento, ni se ceden a&#8230;<\/p>\n","protected":false},"author":3,"featured_media":0,"parent":0,"menu_order":0,"comment_status":"closed","ping_status":"open","template":"","meta":{"footnotes":""},"yoast_head":"<!-- This site is optimized with the Yoast SEO plugin v24.5 - https:\/\/yoast.com\/wordpress\/plugins\/seo\/ -->\n<title>Pol\u00edtica de privacidad - Grup Travi<\/title>\n<meta name=\"robots\" content=\"index, follow, max-snippet:-1, max-image-preview:large, max-video-preview:-1\" \/>\n<link rel=\"canonical\" href=\"https:\/\/gruptravi.com\/es\/politica-de-privacidad\/\" \/>\n<meta property=\"og:locale\" content=\"es_ES\" \/>\n<meta property=\"og:type\" content=\"article\" \/>\n<meta property=\"og:title\" content=\"Pol\u00edtica de privacidad - Grup Travi\" \/>\n<meta property=\"og:description\" content=\"El Responsable del tratamiento de acuerdo con la LO 3\/2018 y el RGPDUE 2016\/679 le informa que: A trav\u00e9s de este sitio web no se recaban datos de car\u00e1cter personal de los usuarios sin su conocimiento, ni se ceden a...\" \/>\n<meta property=\"og:url\" content=\"https:\/\/gruptravi.com\/es\/politica-de-privacidad\/\" \/>\n<meta property=\"og:site_name\" content=\"Grup Travi\" \/>\n<meta property=\"article:modified_time\" content=\"2022-02-25T17:42:20+00:00\" \/>\n<meta name=\"twitter:card\" content=\"summary_large_image\" \/>\n<meta name=\"twitter:label1\" content=\"Tiempo de lectura\" \/>\n\t<meta name=\"twitter:data1\" content=\"10 minutos\" \/>\n<script type=\"application\/ld+json\" class=\"yoast-schema-graph\">{\"@context\":\"https:\/\/schema.org\",\"@graph\":[{\"@type\":\"WebPage\",\"@id\":\"https:\/\/gruptravi.com\/es\/politica-de-privacidad\/\",\"url\":\"https:\/\/gruptravi.com\/es\/politica-de-privacidad\/\",\"name\":\"Pol\u00edtica de privacidad - Grup Travi\",\"isPartOf\":{\"@id\":\"https:\/\/gruptravi.com\/ca\/#website\"},\"datePublished\":\"2022-02-07T14:47:12+00:00\",\"dateModified\":\"2022-02-25T17:42:20+00:00\",\"breadcrumb\":{\"@id\":\"https:\/\/gruptravi.com\/es\/politica-de-privacidad\/#breadcrumb\"},\"inLanguage\":\"es\",\"potentialAction\":[{\"@type\":\"ReadAction\",\"target\":[\"https:\/\/gruptravi.com\/es\/politica-de-privacidad\/\"]}]},{\"@type\":\"BreadcrumbList\",\"@id\":\"https:\/\/gruptravi.com\/es\/politica-de-privacidad\/#breadcrumb\",\"itemListElement\":[{\"@type\":\"ListItem\",\"position\":1,\"name\":\"Portada\",\"item\":\"https:\/\/gruptravi.com\/es\/\"},{\"@type\":\"ListItem\",\"position\":2,\"name\":\"Pol\u00edtica de privacidad\"}]},{\"@type\":\"WebSite\",\"@id\":\"https:\/\/gruptravi.com\/ca\/#website\",\"url\":\"https:\/\/gruptravi.com\/ca\/\",\"name\":\"Grup Travi\",\"description\":\"\",\"potentialAction\":[{\"@type\":\"SearchAction\",\"target\":{\"@type\":\"EntryPoint\",\"urlTemplate\":\"https:\/\/gruptravi.com\/ca\/?s={search_term_string}\"},\"query-input\":{\"@type\":\"PropertyValueSpecification\",\"valueRequired\":true,\"valueName\":\"search_term_string\"}}],\"inLanguage\":\"es\"}]}<\/script>\n<!-- \/ Yoast SEO plugin. -->","yoast_head_json":{"title":"Pol\u00edtica de privacidad - Grup Travi","robots":{"index":"index","follow":"follow","max-snippet":"max-snippet:-1","max-image-preview":"max-image-preview:large","max-video-preview":"max-video-preview:-1"},"canonical":"https:\/\/gruptravi.com\/es\/politica-de-privacidad\/","og_locale":"es_ES","og_type":"article","og_title":"Pol\u00edtica de privacidad - Grup Travi","og_description":"El Responsable del tratamiento de acuerdo con la LO 3\/2018 y el RGPDUE 2016\/679 le informa que: A trav\u00e9s de este sitio web no se recaban datos de car\u00e1cter personal de los usuarios sin su conocimiento, ni se ceden a...","og_url":"https:\/\/gruptravi.com\/es\/politica-de-privacidad\/","og_site_name":"Grup Travi","article_modified_time":"2022-02-25T17:42:20+00:00","twitter_card":"summary_large_image","twitter_misc":{"Tiempo de lectura":"10 minutos"},"schema":{"@context":"https:\/\/schema.org","@graph":[{"@type":"WebPage","@id":"https:\/\/gruptravi.com\/es\/politica-de-privacidad\/","url":"https:\/\/gruptravi.com\/es\/politica-de-privacidad\/","name":"Pol\u00edtica de privacidad - Grup Travi","isPartOf":{"@id":"https:\/\/gruptravi.com\/ca\/#website"},"datePublished":"2022-02-07T14:47:12+00:00","dateModified":"2022-02-25T17:42:20+00:00","breadcrumb":{"@id":"https:\/\/gruptravi.com\/es\/politica-de-privacidad\/#breadcrumb"},"inLanguage":"es","potentialAction":[{"@type":"ReadAction","target":["https:\/\/gruptravi.com\/es\/politica-de-privacidad\/"]}]},{"@type":"BreadcrumbList","@id":"https:\/\/gruptravi.com\/es\/politica-de-privacidad\/#breadcrumb","itemListElement":[{"@type":"ListItem","position":1,"name":"Portada","item":"https:\/\/gruptravi.com\/es\/"},{"@type":"ListItem","position":2,"name":"Pol\u00edtica de privacidad"}]},{"@type":"WebSite","@id":"https:\/\/gruptravi.com\/ca\/#website","url":"https:\/\/gruptravi.com\/ca\/","name":"Grup Travi","description":"","potentialAction":[{"@type":"SearchAction","target":{"@type":"EntryPoint","urlTemplate":"https:\/\/gruptravi.com\/ca\/?s={search_term_string}"},"query-input":{"@type":"PropertyValueSpecification","valueRequired":true,"valueName":"search_term_string"}}],"inLanguage":"es"}]}},"_links":{"self":[{"href":"https:\/\/gruptravi.com\/es\/wp-json\/wp\/v2\/pages\/15367"}],"collection":[{"href":"https:\/\/gruptravi.com\/es\/wp-json\/wp\/v2\/pages"}],"about":[{"href":"https:\/\/gruptravi.com\/es\/wp-json\/wp\/v2\/types\/page"}],"author":[{"embeddable":true,"href":"https:\/\/gruptravi.com\/es\/wp-json\/wp\/v2\/users\/3"}],"replies":[{"embeddable":true,"href":"https:\/\/gruptravi.com\/es\/wp-json\/wp\/v2\/comments?post=15367"}],"version-history":[{"count":1,"href":"https:\/\/gruptravi.com\/es\/wp-json\/wp\/v2\/pages\/15367\/revisions"}],"predecessor-version":[{"id":15604,"href":"https:\/\/gruptravi.com\/es\/wp-json\/wp\/v2\/pages\/15367\/revisions\/15604"}],"wp:attachment":[{"href":"https:\/\/gruptravi.com\/es\/wp-json\/wp\/v2\/media?parent=15367"}],"curies":[{"name":"wp","href":"https:\/\/api.w.org\/{rel}","templated":true}]}}