{"id":15373,"date":"2022-02-07T14:54:15","date_gmt":"2022-02-07T14:54:15","guid":{"rendered":"https:\/\/gruptravi.com\/?page_id=15373"},"modified":"2022-02-25T18:36:44","modified_gmt":"2022-02-25T17:36:44","slug":"advertencia-de-privacidad-para-contactos","status":"publish","type":"page","link":"https:\/\/gruptravi.com\/es\/advertencia-de-privacidad-para-contactos\/","title":{"rendered":"Advertencia de privacidad para contactos"},"content":{"rendered":"<div class=\"limit-wrapper\"><div class=\"row \"><div class=\"vamtam-grid grid-1-1  vamtam-first-level grid-1-1  first unextended no-extended-padding\" style=\"padding-top:0.05px;padding-bottom:0.05px;\" id=\"vamtam-column-59aadd274d81daeedf4cbcdd709161e3\" ><p><\/p>\r\n<p>El Responsable del tratamiento de acuerdo con la LO 3\/2018 y el RGPDUE 2016\/679 le informa que:<\/p>\r\n<p>Usted por este medio, autoriza y da su conformidad para que sus datos sean recogidos y tratados en su calidad de Contacto, y al proporcionarlos sean tratados de forma confidencial y queden incorporados a la correspondiente actividad de tratamiento en nuestro Registro de Actividades que usted puede consultar y se conservar\u00e1n mientras se mantenga la relaci\u00f3n o durante los a\u00f1os necesarios para cumplir con las obligaciones legales y no se ceder\u00e1n a terceros salvo en los casos en que exista una obligaci\u00f3n legal acepta el uso de las cookies\u00a0 \u00abcookies permanentes\u00bb de esta web en este apartado. Usted tiene derecho a obtener confirmaci\u00f3n sobre si estamos tratando sus datos personales, por tanto tiene derecho a acceder a sus datos personales, rectificar los datos inexactos o solicitar su supresi\u00f3n cuando los datos ya no sean necesarios, mediante comunicaci\u00f3n escrita a: PLAZA JOSEP PALLACH, 14\u00a0 CP.08035 BARCELONA\u00a0 &#8211;\u00a0 BARCELONA o info@gruptravi.com<\/p>\r\n<p><\/p><\/div><\/div><\/div>","protected":false},"excerpt":{"rendered":"<p>El Responsable del tratamiento de acuerdo con la LO 3\/2018 y el RGPDUE 2016\/679 le informa que: Usted por este medio, autoriza y da su conformidad para que sus datos sean recogidos y tratados en su calidad de Contacto, y&#8230;<\/p>\n","protected":false},"author":3,"featured_media":0,"parent":0,"menu_order":0,"comment_status":"closed","ping_status":"open","template":"","meta":{"footnotes":""},"yoast_head":"<!-- This site is optimized with the Yoast SEO plugin v24.5 - https:\/\/yoast.com\/wordpress\/plugins\/seo\/ -->\n<title>Advertencia de privacidad para contactos - Grup Travi<\/title>\n<meta name=\"robots\" content=\"index, follow, max-snippet:-1, max-image-preview:large, max-video-preview:-1\" \/>\n<link rel=\"canonical\" href=\"https:\/\/gruptravi.com\/es\/advertencia-de-privacidad-para-contactos\/\" \/>\n<meta property=\"og:locale\" content=\"es_ES\" \/>\n<meta property=\"og:type\" content=\"article\" \/>\n<meta property=\"og:title\" content=\"Advertencia de privacidad para contactos - Grup Travi\" \/>\n<meta property=\"og:description\" content=\"El Responsable del tratamiento de acuerdo con la LO 3\/2018 y el RGPDUE 2016\/679 le informa que: Usted por este medio, autoriza y da su conformidad para que sus datos sean recogidos y tratados en su calidad de Contacto, y...\" \/>\n<meta property=\"og:url\" content=\"https:\/\/gruptravi.com\/es\/advertencia-de-privacidad-para-contactos\/\" \/>\n<meta property=\"og:site_name\" content=\"Grup Travi\" \/>\n<meta property=\"article:modified_time\" content=\"2022-02-25T17:36:44+00:00\" \/>\n<meta name=\"twitter:card\" content=\"summary_large_image\" \/>\n<meta name=\"twitter:label1\" content=\"Tiempo de lectura\" \/>\n\t<meta name=\"twitter:data1\" content=\"1 minuto\" \/>\n<script type=\"application\/ld+json\" class=\"yoast-schema-graph\">{\"@context\":\"https:\/\/schema.org\",\"@graph\":[{\"@type\":\"WebPage\",\"@id\":\"https:\/\/gruptravi.com\/es\/advertencia-de-privacidad-para-contactos\/\",\"url\":\"https:\/\/gruptravi.com\/es\/advertencia-de-privacidad-para-contactos\/\",\"name\":\"Advertencia de privacidad para contactos - Grup Travi\",\"isPartOf\":{\"@id\":\"https:\/\/gruptravi.com\/ca\/#website\"},\"datePublished\":\"2022-02-07T14:54:15+00:00\",\"dateModified\":\"2022-02-25T17:36:44+00:00\",\"breadcrumb\":{\"@id\":\"https:\/\/gruptravi.com\/es\/advertencia-de-privacidad-para-contactos\/#breadcrumb\"},\"inLanguage\":\"es\",\"potentialAction\":[{\"@type\":\"ReadAction\",\"target\":[\"https:\/\/gruptravi.com\/es\/advertencia-de-privacidad-para-contactos\/\"]}]},{\"@type\":\"BreadcrumbList\",\"@id\":\"https:\/\/gruptravi.com\/es\/advertencia-de-privacidad-para-contactos\/#breadcrumb\",\"itemListElement\":[{\"@type\":\"ListItem\",\"position\":1,\"name\":\"Portada\",\"item\":\"https:\/\/gruptravi.com\/es\/\"},{\"@type\":\"ListItem\",\"position\":2,\"name\":\"Advertencia de privacidad para contactos\"}]},{\"@type\":\"WebSite\",\"@id\":\"https:\/\/gruptravi.com\/ca\/#website\",\"url\":\"https:\/\/gruptravi.com\/ca\/\",\"name\":\"Grup Travi\",\"description\":\"\",\"potentialAction\":[{\"@type\":\"SearchAction\",\"target\":{\"@type\":\"EntryPoint\",\"urlTemplate\":\"https:\/\/gruptravi.com\/ca\/?s={search_term_string}\"},\"query-input\":{\"@type\":\"PropertyValueSpecification\",\"valueRequired\":true,\"valueName\":\"search_term_string\"}}],\"inLanguage\":\"es\"}]}<\/script>\n<!-- \/ Yoast SEO plugin. -->","yoast_head_json":{"title":"Advertencia de privacidad para contactos - Grup Travi","robots":{"index":"index","follow":"follow","max-snippet":"max-snippet:-1","max-image-preview":"max-image-preview:large","max-video-preview":"max-video-preview:-1"},"canonical":"https:\/\/gruptravi.com\/es\/advertencia-de-privacidad-para-contactos\/","og_locale":"es_ES","og_type":"article","og_title":"Advertencia de privacidad para contactos - Grup Travi","og_description":"El Responsable del tratamiento de acuerdo con la LO 3\/2018 y el RGPDUE 2016\/679 le informa que: Usted por este medio, autoriza y da su conformidad para que sus datos sean recogidos y tratados en su calidad de Contacto, y...","og_url":"https:\/\/gruptravi.com\/es\/advertencia-de-privacidad-para-contactos\/","og_site_name":"Grup Travi","article_modified_time":"2022-02-25T17:36:44+00:00","twitter_card":"summary_large_image","twitter_misc":{"Tiempo de lectura":"1 minuto"},"schema":{"@context":"https:\/\/schema.org","@graph":[{"@type":"WebPage","@id":"https:\/\/gruptravi.com\/es\/advertencia-de-privacidad-para-contactos\/","url":"https:\/\/gruptravi.com\/es\/advertencia-de-privacidad-para-contactos\/","name":"Advertencia de privacidad para contactos - Grup Travi","isPartOf":{"@id":"https:\/\/gruptravi.com\/ca\/#website"},"datePublished":"2022-02-07T14:54:15+00:00","dateModified":"2022-02-25T17:36:44+00:00","breadcrumb":{"@id":"https:\/\/gruptravi.com\/es\/advertencia-de-privacidad-para-contactos\/#breadcrumb"},"inLanguage":"es","potentialAction":[{"@type":"ReadAction","target":["https:\/\/gruptravi.com\/es\/advertencia-de-privacidad-para-contactos\/"]}]},{"@type":"BreadcrumbList","@id":"https:\/\/gruptravi.com\/es\/advertencia-de-privacidad-para-contactos\/#breadcrumb","itemListElement":[{"@type":"ListItem","position":1,"name":"Portada","item":"https:\/\/gruptravi.com\/es\/"},{"@type":"ListItem","position":2,"name":"Advertencia de privacidad para contactos"}]},{"@type":"WebSite","@id":"https:\/\/gruptravi.com\/ca\/#website","url":"https:\/\/gruptravi.com\/ca\/","name":"Grup Travi","description":"","potentialAction":[{"@type":"SearchAction","target":{"@type":"EntryPoint","urlTemplate":"https:\/\/gruptravi.com\/ca\/?s={search_term_string}"},"query-input":{"@type":"PropertyValueSpecification","valueRequired":true,"valueName":"search_term_string"}}],"inLanguage":"es"}]}},"_links":{"self":[{"href":"https:\/\/gruptravi.com\/es\/wp-json\/wp\/v2\/pages\/15373"}],"collection":[{"href":"https:\/\/gruptravi.com\/es\/wp-json\/wp\/v2\/pages"}],"about":[{"href":"https:\/\/gruptravi.com\/es\/wp-json\/wp\/v2\/types\/page"}],"author":[{"embeddable":true,"href":"https:\/\/gruptravi.com\/es\/wp-json\/wp\/v2\/users\/3"}],"replies":[{"embeddable":true,"href":"https:\/\/gruptravi.com\/es\/wp-json\/wp\/v2\/comments?post=15373"}],"version-history":[{"count":1,"href":"https:\/\/gruptravi.com\/es\/wp-json\/wp\/v2\/pages\/15373\/revisions"}],"predecessor-version":[{"id":15597,"href":"https:\/\/gruptravi.com\/es\/wp-json\/wp\/v2\/pages\/15373\/revisions\/15597"}],"wp:attachment":[{"href":"https:\/\/gruptravi.com\/es\/wp-json\/wp\/v2\/media?parent=15373"}],"curies":[{"name":"wp","href":"https:\/\/api.w.org\/{rel}","templated":true}]}}