{"id":8024,"date":"2014-07-04T23:25:06","date_gmt":"2014-07-04T23:25:06","guid":{"rendered":"https:\/\/vip-restaurant.vamtam.com\/?page_id=8024"},"modified":"2021-07-08T10:59:17","modified_gmt":"2021-07-08T10:59:17","slug":"enviar-cv","status":"publish","type":"page","link":"https:\/\/gruptravi.com\/es\/enviar-cv\/","title":{"rendered":"Enviar CV"},"content":{"rendered":"<div class=\"vamtam-blank-space  vamtam-hide-lowres\" style=\"height:30px\"><\/div>\n<div class=\"limit-wrapper\"><div class=\"row \"><div class=\"vamtam-grid grid-1-1  vamtam-first-level grid-1-1  first unextended no-extended-padding\" style=\"padding-top:0.05px;padding-bottom:0.05px;\" id=\"vamtam-column-4083d037aa66455bdd00d9e58ce3550e\" ><h4 style=\"text-align: center;\">\u00bfQuieres trabajar con nosotros?<\/h4>\n<p style=\"text-align: center;\">En <strong>Grup Travi<\/strong> buscamos personas apasionadas y dedicadas para unirse a nuestro equipo. Estamos ansiosos por dar la bienvenida a personas capaces de aportar su grano de arena a nuestro equipo, a aquellos con hambre de aprender y un deseo innato de conectarse con los dem\u00e1s para formar parte de nuestra historia. Damos la bienvenida a todos quienes tengan pasi\u00f3n por la cocina y coraz\u00f3n para aprender.<\/p><\/div><\/div><\/div>\n<div class=\"limit-wrapper\"><div class=\"sep-3\"><\/div><\/div>\n<div class=\"vamtam-blank-space \" style=\"height:80px\"><\/div>\n<div class=\"limit-wrapper\"><div class=\"row \"><div class=\"vamtam-grid grid-1-1  vamtam-first-level grid-1-1 vamtam-add-ornaments-bottom first unextended no-extended-padding\" style=\"padding-top:0.05px;padding-bottom:0.05px;\" id=\"vamtam-column-2a5191ed0b686a6d815c0cdd73802bf3\" ><div class=\"vamtam-blank-space \" style=\"height:30px\"><\/div><\/div><\/div><\/div>\n<div class=\"row \"><div class=\"vamtam-grid grid-1-1  vamtam-first-level parallax-bg grid-1-1  first vamtam-cover-bg has-background extended has-extended-padding\" style=\"\n\t\t\t\tbackground: url( &#039;http:\/\/gruptravi.com\/wp-content\/uploads\/2021\/06\/3F5A6305-scaled.jpg&#039; ) no-repeat center top;\n\t\t\t\tbackground-size: cover;\n\t\t\tbackground-attachment: scroll;background-color:#292929;padding-top:30px;padding-bottom:60px;\" id=\"vamtam-column-0c3722d4c82e8f1933a6831a49cac94c\"  data-parallax-method=\"fixed\" data-parallax-inertia=\"-0.2\"><div class=\"limit-wrapper\"><div class=\"extended-column-inner\"><style>#vamtam-column-0c3722d4c82e8f1933a6831a49cac94c,#vamtam-column-0c3722d4c82e8f1933a6831a49cac94c p,#vamtam-column-0c3722d4c82e8f1933a6831a49cac94c em,#vamtam-column-0c3722d4c82e8f1933a6831a49cac94c h1,#vamtam-column-0c3722d4c82e8f1933a6831a49cac94c h2,#vamtam-column-0c3722d4c82e8f1933a6831a49cac94c h3,#vamtam-column-0c3722d4c82e8f1933a6831a49cac94c h4,#vamtam-column-0c3722d4c82e8f1933a6831a49cac94c h5,#vamtam-column-0c3722d4c82e8f1933a6831a49cac94c h6,#vamtam-column-0c3722d4c82e8f1933a6831a49cac94c h1 a:not(:hover),#vamtam-column-0c3722d4c82e8f1933a6831a49cac94c h2 a:not(:hover),#vamtam-column-0c3722d4c82e8f1933a6831a49cac94c h3 a:not(:hover),#vamtam-column-0c3722d4c82e8f1933a6831a49cac94c h4 a:not(:hover),#vamtam-column-0c3722d4c82e8f1933a6831a49cac94c h5 a:not(:hover),#vamtam-column-0c3722d4c82e8f1933a6831a49cac94c h6 a:not(:hover),#vamtam-column-0c3722d4c82e8f1933a6831a49cac94c .column-title,#vamtam-column-0c3722d4c82e8f1933a6831a49cac94c .sep-text h2.regular-title-wrapper,#vamtam-column-0c3722d4c82e8f1933a6831a49cac94c .text-divider-double,#vamtam-column-0c3722d4c82e8f1933a6831a49cac94c .sep-text .sep-text-line,#vamtam-column-0c3722d4c82e8f1933a6831a49cac94c .sep,#vamtam-column-0c3722d4c82e8f1933a6831a49cac94c .sep-2,#vamtam-column-0c3722d4c82e8f1933a6831a49cac94c .sep-3,#vamtam-column-0c3722d4c82e8f1933a6831a49cac94c .portfolio-filters .inner-wrapper .cbp-filter-item,#vamtam-column-0c3722d4c82e8f1933a6831a49cac94c .portfolio-filters .inner-wrapper .cbp-filter-item:hover,#vamtam-column-0c3722d4c82e8f1933a6831a49cac94c .portfolio-filters .inner-wrapper .cbp-filter-item.cbp-filter-item-active,#vamtam-column-0c3722d4c82e8f1933a6831a49cac94c td,#vamtam-column-0c3722d4c82e8f1933a6831a49cac94c th,#vamtam-column-0c3722d4c82e8f1933a6831a49cac94c caption{color:#f5f5f5;}<\/style><div class=\"vamtam-blank-space  vamtam-hide-lowres\" style=\"height:100px\"><\/div>\n<div class=\"row \"><div class=\"vamtam-grid grid-1-4  grid-1-4  first unextended has-extended-padding\" style=\"padding-top:0.05px;padding-bottom:0.05px;\" id=\"vamtam-column-680b172a6946c5f95376b2521224cdc4\" ><\/div>\n<div class=\"vamtam-grid grid-1-2  grid-1-2 vamtam-add-ornaments-all has-background has-horizontal-padding unextended no-extended-padding\" style=\"background-color:#ffffff;padding-top:30px;padding-bottom:30px;padding-left:55px;padding-right:55px;\" id=\"vamtam-column-0d5a12d10b6069cf48f38aeb7e058d1a\" ><style>#vamtam-column-0d5a12d10b6069cf48f38aeb7e058d1a,#vamtam-column-0d5a12d10b6069cf48f38aeb7e058d1a p,#vamtam-column-0d5a12d10b6069cf48f38aeb7e058d1a em,#vamtam-column-0d5a12d10b6069cf48f38aeb7e058d1a h1,#vamtam-column-0d5a12d10b6069cf48f38aeb7e058d1a h2,#vamtam-column-0d5a12d10b6069cf48f38aeb7e058d1a h3,#vamtam-column-0d5a12d10b6069cf48f38aeb7e058d1a h4,#vamtam-column-0d5a12d10b6069cf48f38aeb7e058d1a h5,#vamtam-column-0d5a12d10b6069cf48f38aeb7e058d1a h6,#vamtam-column-0d5a12d10b6069cf48f38aeb7e058d1a h1 a:not(:hover),#vamtam-column-0d5a12d10b6069cf48f38aeb7e058d1a h2 a:not(:hover),#vamtam-column-0d5a12d10b6069cf48f38aeb7e058d1a h3 a:not(:hover),#vamtam-column-0d5a12d10b6069cf48f38aeb7e058d1a h4 a:not(:hover),#vamtam-column-0d5a12d10b6069cf48f38aeb7e058d1a h5 a:not(:hover),#vamtam-column-0d5a12d10b6069cf48f38aeb7e058d1a h6 a:not(:hover),#vamtam-column-0d5a12d10b6069cf48f38aeb7e058d1a .column-title,#vamtam-column-0d5a12d10b6069cf48f38aeb7e058d1a .sep-text h2.regular-title-wrapper,#vamtam-column-0d5a12d10b6069cf48f38aeb7e058d1a .text-divider-double,#vamtam-column-0d5a12d10b6069cf48f38aeb7e058d1a .sep-text .sep-text-line,#vamtam-column-0d5a12d10b6069cf48f38aeb7e058d1a .sep,#vamtam-column-0d5a12d10b6069cf48f38aeb7e058d1a .sep-2,#vamtam-column-0d5a12d10b6069cf48f38aeb7e058d1a .sep-3,#vamtam-column-0d5a12d10b6069cf48f38aeb7e058d1a .portfolio-filters .inner-wrapper .cbp-filter-item,#vamtam-column-0d5a12d10b6069cf48f38aeb7e058d1a .portfolio-filters .inner-wrapper .cbp-filter-item:hover,#vamtam-column-0d5a12d10b6069cf48f38aeb7e058d1a .portfolio-filters .inner-wrapper .cbp-filter-item.cbp-filter-item-active,#vamtam-column-0d5a12d10b6069cf48f38aeb7e058d1a td,#vamtam-column-0d5a12d10b6069cf48f38aeb7e058d1a th,#vamtam-column-0d5a12d10b6069cf48f38aeb7e058d1a caption{color:#333;}#vamtam-column-0d5a12d10b6069cf48f38aeb7e058d1a:before{background-color:#fff;}#vamtam-column-0d5a12d10b6069cf48f38aeb7e058d1a:after{background-color:#fff;}<\/style><div class=\"row \"><div class=\"vamtam-grid grid-1-1  grid-1-1  first unextended animation-fade-in animated-active no-extended-padding\" style=\"padding-top:0.05px;padding-bottom:0.05px;\" id=\"vamtam-column-906277c0bd987f1637312e3f2de61b98\" ><p><noscript class=\"ninja-forms-noscript-message\">\n\tAviso: Se requiere JavaScript para este contenido.<\/noscript>\n<div id=\"nf-form-4-cont\" class=\"nf-form-cont\" aria-live=\"polite\" aria-labelledby=\"nf-form-title-4\" aria-describedby=\"nf-form-errors-4\" role=\"form\">\n\n    <div class=\"nf-loading-spinner\"><\/div>\n\n<\/div>\n        <!-- That data is being printed as a workaround to page builders reordering the order of the scripts loaded-->\n        <script>var formDisplay=1;var nfForms=nfForms||[];var form=[];form.id='4';form.settings={\"objectType\":\"Form Setting\",\"editActive\":true,\"title\":\"Rellena los campos\",\"show_title\":1,\"allow_public_link\":0,\"embed_form\":\"\",\"clear_complete\":1,\"hide_complete\":1,\"default_label_pos\":\"above\",\"wrapper_class\":\"\",\"element_class\":\"\",\"key\":\"\",\"add_submit\":0,\"changeEmailErrorMsg\":\"Introduce una direcci\\u00f3n de correo electr\\u00f3nico v\\u00e1lida.\",\"changeDateErrorMsg\":\"\\u00a1Introduce una fecha v\\u00e1lida!\",\"confirmFieldErrorMsg\":\"Estos campos deben coincidir.\",\"fieldNumberNumMinError\":\"Error de n\\u00famero m\\u00ednimo\",\"fieldNumberNumMaxError\":\"Error de n\\u00famero m\\u00e1ximo\",\"fieldNumberIncrementBy\":\"Increm\\u00e9ntalo por \",\"formErrorsCorrectErrors\":\"Corrige los errores antes de enviar este formulario.\",\"validateRequiredField\":\"Esto es un campo obligatorio.\",\"honeypotHoneypotError\":\"Error de Honeypot\",\"fieldsMarkedRequired\":\"Los campos marcados con <span class=\\\"ninja-forms-req-symbol\\\">*<\\\/span> son obligatorios\",\"currency\":\"\",\"repeatable_fieldsets\":\"\",\"unique_field_error\":\"Ya se ha enviado un formulario con este valor.\",\"logged_in\":false,\"not_logged_in_msg\":\"\",\"sub_limit_msg\":\"Has alcanzado el l\\u00edmite de env\\u00edos en el formulario.\",\"calculations\":[],\"formContentData\":[\"firstname_1624333324131\",\"lastname_1624333326705\",\"email_1624333341208\",\"phone_1624333461493\",\"poblacion_1624333437407\",\"carta_de_presentacion_1742490219290\",\"subir_tu_cv_en_pdf_1624337635109\",\"he_leido_y_acepto_la_menys_que_a_href_politica-de-privacidad_target_blank_mes_que_politica_de_privacidad_menys_que_a_mes_que_1644251314990\",\"he_leido_y_acepto_la_advertencia_de_las_menys_que_a_href_es_ofertas-de-trabajo_target_blank_mes_que_ofertas_de_trebajo_menys_que_a_mes_que_1644252053576\",\"submit_1624333681899\"],\"drawerDisabled\":false,\"form_title_heading_level\":\"3\",\"ninjaForms\":\"Ninja Forms\",\"fieldTextareaRTEInsertLink\":\"Insertar enlace\",\"fieldTextareaRTEInsertMedia\":\"Insertar medios\",\"fieldTextareaRTESelectAFile\":\"Seleccione un archivo\",\"formHoneypot\":\"Si eres un ser humano y est\\u00e1s viendo este campo, por favor d\\u00e9jalo vac\\u00edo.\",\"fileUploadOldCodeFileUploadInProgress\":\"Subida de archivo en curso.\",\"fileUploadOldCodeFileUpload\":\"SUBIDA DE ARCHIVO\",\"currencySymbol\":\"&euro;\",\"thousands_sep\":\".\",\"decimal_point\":\",\",\"siteLocale\":\"es_ES\",\"dateFormat\":\"m\\\/d\\\/Y\",\"startOfWeek\":\"1\",\"of\":\"de\",\"previousMonth\":\"Mes anterior\",\"nextMonth\":\"Pr\\u00f3ximo mes\",\"months\":[\"Enero\",\"Febrero\",\"Marzo\",\"Abril\",\"Mayo\",\"Junio\",\"Julio\",\"Agosto\",\"Septiembre\",\"Octubre\",\"Noviembre\",\"Diciembre\"],\"monthsShort\":[\"Ene\",\"Feb\",\"Mar\",\"Abr\",\"Mayo\",\"Jun\",\"Jul\",\"Ago\",\"Sep\",\"Oct\",\"Nov\",\"Dic\"],\"weekdays\":[\"Domingo\",\"Lunes\",\"Martes\",\"Mi\\u00e9rcoles\",\"Jueves\",\"Viernes\",\"S\\u00e1bado\"],\"weekdaysShort\":[\"Dom\",\"Lun\",\"Mar\",\"Mi\\u00e9\",\"Jue\",\"Vie\",\"S\\u00e1b\"],\"weekdaysMin\":[\"Do\",\"Lu\",\"Ma\",\"Mi\",\"Ju\",\"Vi\",\"S\\u00e1\"],\"recaptchaConsentMissing\":\"reCaptcha validation couldn&#039;t load.\",\"recaptchaMissingCookie\":\"reCaptcha v3 validation couldn&#039;t load the cookie needed to submit the form.\",\"recaptchaConsentEvent\":\"Accept reCaptcha cookies before sending the form.\",\"currency_symbol\":\"\",\"beforeForm\":\"\",\"beforeFields\":\"\",\"afterFields\":\"\",\"afterForm\":\"\"};form.fields=[{\"objectType\":\"Field\",\"objectDomain\":\"fields\",\"editActive\":false,\"order\":1,\"idAttribute\":\"id\",\"type\":\"firstname\",\"label\":\"Nombre\",\"key\":\"firstname_1624333324131\",\"label_pos\":\"above\",\"required\":1,\"default\":\"\",\"placeholder\":\"Escribe tu nombre aqu\\u00ed\",\"container_class\":\"\",\"element_class\":\"\",\"admin_label\":\"\",\"help_text\":\"\",\"custom_name_attribute\":\"fname\",\"personally_identifiable\":1,\"value\":\"\",\"drawerDisabled\":false,\"id\":48,\"beforeField\":\"\",\"afterField\":\"\",\"parentType\":\"firstname\",\"element_templates\":[\"firstname\",\"input\"],\"old_classname\":\"\",\"wrap_template\":\"wrap\"},{\"objectType\":\"Field\",\"objectDomain\":\"fields\",\"editActive\":false,\"order\":2,\"idAttribute\":\"id\",\"type\":\"lastname\",\"label\":\"Apellidos\",\"key\":\"lastname_1624333326705\",\"label_pos\":\"above\",\"required\":1,\"default\":\"\",\"placeholder\":\"Escribe tus apellidos\",\"container_class\":\"\",\"element_class\":\"\",\"admin_label\":\"\",\"help_text\":\"\",\"custom_name_attribute\":\"lname\",\"personally_identifiable\":1,\"value\":\"\",\"id\":49,\"beforeField\":\"\",\"afterField\":\"\",\"parentType\":\"lastname\",\"element_templates\":[\"lastname\",\"input\"],\"old_classname\":\"\",\"wrap_template\":\"wrap\"},{\"objectType\":\"Field\",\"objectDomain\":\"fields\",\"editActive\":false,\"order\":3,\"idAttribute\":\"id\",\"type\":\"email\",\"label\":\"Correo electr\\u00f3nico\",\"key\":\"email_1624333341208\",\"label_pos\":\"above\",\"required\":1,\"default\":\"\",\"placeholder\":\"Escribe tu e-mail\",\"container_class\":\"\",\"element_class\":\"\",\"admin_label\":\"\",\"help_text\":\"\",\"custom_name_attribute\":\"email\",\"personally_identifiable\":1,\"value\":\"\",\"id\":50,\"beforeField\":\"\",\"afterField\":\"\",\"parentType\":\"email\",\"element_templates\":[\"email\",\"input\"],\"old_classname\":\"\",\"wrap_template\":\"wrap\"},{\"objectType\":\"Field\",\"objectDomain\":\"fields\",\"editActive\":false,\"order\":4,\"idAttribute\":\"id\",\"type\":\"phone\",\"label\":\"Tel\\u00e9fono\",\"key\":\"phone_1624333461493\",\"label_pos\":\"above\",\"required\":1,\"default\":\"\",\"placeholder\":\"Escribe tu tel\\u00e9fono\",\"container_class\":\"\",\"element_class\":\"\",\"input_limit\":\"\",\"input_limit_type\":\"characters\",\"input_limit_msg\":\"Caracteres restantes\",\"manual_key\":false,\"admin_label\":\"\",\"help_text\":\"\",\"mask\":\"\",\"custom_mask\":\"\",\"custom_name_attribute\":\"phone\",\"personally_identifiable\":1,\"value\":\"\",\"id\":51,\"beforeField\":\"\",\"afterField\":\"\",\"parentType\":\"textbox\",\"element_templates\":[\"tel\",\"textbox\",\"input\"],\"old_classname\":\"\",\"wrap_template\":\"wrap\"},{\"objectType\":\"Field\",\"objectDomain\":\"fields\",\"editActive\":false,\"order\":5,\"idAttribute\":\"id\",\"type\":\"city\",\"label\":\"Poblaci\\u00f3n\",\"key\":\"poblacion_1624333437407\",\"label_pos\":\"above\",\"required\":1,\"default\":\"\",\"placeholder\":\"\\u00bfQual es tu poblaci\\u00f3n?\",\"container_class\":\"\",\"element_class\":\"\",\"input_limit\":\"\",\"input_limit_type\":\"characters\",\"input_limit_msg\":\"Caracteres restantes\",\"manual_key\":false,\"admin_label\":\"\",\"help_text\":\"\",\"mask\":\"\",\"custom_mask\":\"\",\"custom_name_attribute\":\"city\",\"personally_identifiable\":\"\",\"value\":\"\",\"drawerDisabled\":false,\"id\":52,\"beforeField\":\"\",\"afterField\":\"\",\"parentType\":\"city\",\"element_templates\":[\"city\",\"textbox\",\"input\"],\"old_classname\":\"\",\"wrap_template\":\"wrap\"},{\"objectType\":\"Field\",\"objectDomain\":\"fields\",\"editActive\":false,\"order\":5,\"idAttribute\":\"id\",\"type\":\"city\",\"label\":\"Carta de presentaci\\u00f3n\",\"key\":\"carta_de_presentacion_1742490219290\",\"label_pos\":\"above\",\"required\":0,\"default\":\"\",\"placeholder\":\"Si deseas ampliar informaci\\u00f3n sobre tu perfil laboral\",\"container_class\":\"\",\"element_class\":\"\",\"input_limit\":\"\",\"input_limit_type\":\"characters\",\"input_limit_msg\":\"Caracteres restantes\",\"manual_key\":false,\"admin_label\":\"\",\"help_text\":\"\",\"mask\":\"\",\"custom_mask\":\"\",\"custom_name_attribute\":\"city\",\"personally_identifiable\":\"\",\"value\":\"\",\"drawerDisabled\":false,\"id\":87,\"beforeField\":\"\",\"afterField\":\"\",\"parentType\":\"city\",\"element_templates\":[\"city\",\"textbox\",\"input\"],\"old_classname\":\"\",\"wrap_template\":\"wrap\"},{\"objectType\":\"Field\",\"objectDomain\":\"fields\",\"editActive\":false,\"order\":6,\"idAttribute\":\"id\",\"type\":\"file_upload\",\"label\":\"Subir tu CV en PDF\",\"key\":\"subir_tu_cv_en_pdf_1624337635109\",\"label_pos\":\"above\",\"required\":1,\"container_class\":\"\",\"element_class\":\"\",\"manual_key\":false,\"help_text\":\"\",\"save_to_server\":1,\"upload_rename\":\"\",\"media_library\":1,\"upload_multi_count\":1,\"max_file_size\":2097152,\"upload_types\":\".PDF\",\"select_files_text\":\"Seleccionar archivo\",\"drawerDisabled\":false,\"id\":54,\"beforeField\":\"\",\"afterField\":\"\",\"value\":\"\",\"parentType\":\"textbox\",\"element_templates\":[\"file-upload\",\"input\"],\"old_classname\":\"\",\"wrap_template\":\"wrap\",\"max_file_size_mb\":2,\"uploadNonce\":\"7594c75778\"},{\"objectType\":\"Field\",\"objectDomain\":\"fields\",\"editActive\":false,\"order\":7,\"idAttribute\":\"id\",\"type\":\"checkbox\",\"label\":\"He leido y acepto la Pol\\u00edtica de privacidad\",\"key\":\"he_leido_y_acepto_la_menys_que_a_href_politica-de-privacidad_target_blank_mes_que_politica_de_privacidad_menys_que_a_mes_que_1644251314990\",\"label_pos\":\"right\",\"required\":1,\"container_class\":\"\",\"element_class\":\"\",\"manual_key\":false,\"admin_label\":\"\",\"help_text\":\"\",\"default_value\":\"unchecked\",\"checked_value\":\"Marcado\",\"unchecked_value\":\"Desmarcado\",\"checked_calc_value\":\"\",\"unchecked_calc_value\":\"\",\"drawerDisabled\":false,\"id\":55,\"beforeField\":\"\",\"afterField\":\"\",\"value\":\"\",\"parentType\":\"checkbox\",\"element_templates\":[\"checkbox\",\"input\"],\"old_classname\":\"\",\"wrap_template\":\"wrap\"},{\"objectType\":\"Field\",\"objectDomain\":\"fields\",\"editActive\":false,\"order\":7,\"idAttribute\":\"id\",\"type\":\"checkbox\",\"label\":\"He leido y acepto la advertencia de las Ofertas de trebajo\",\"key\":\"he_leido_y_acepto_la_advertencia_de_las_menys_que_a_href_es_ofertas-de-trabajo_target_blank_mes_que_ofertas_de_trebajo_menys_que_a_mes_que_1644252053576\",\"label_pos\":\"right\",\"required\":1,\"container_class\":\"\",\"element_class\":\"\",\"manual_key\":false,\"admin_label\":\"\",\"help_text\":\"\",\"default_value\":\"unchecked\",\"checked_value\":\"Marcado\",\"unchecked_value\":\"Desmarcado\",\"checked_calc_value\":\"\",\"unchecked_calc_value\":\"\",\"drawerDisabled\":false,\"id\":82,\"beforeField\":\"\",\"afterField\":\"\",\"value\":\"\",\"parentType\":\"checkbox\",\"element_templates\":[\"checkbox\",\"input\"],\"old_classname\":\"\",\"wrap_template\":\"wrap\"},{\"objectType\":\"Field\",\"objectDomain\":\"fields\",\"editActive\":false,\"order\":8,\"idAttribute\":\"id\",\"type\":\"submit\",\"label\":\"Enviar\",\"processing_label\":\"Procesando\",\"container_class\":\"\",\"element_class\":\"\",\"key\":\"submit_1624333681899\",\"drawerDisabled\":false,\"id\":53,\"beforeField\":\"\",\"afterField\":\"\",\"value\":\"\",\"label_pos\":\"above\",\"parentType\":\"textbox\",\"element_templates\":[\"submit\",\"button\",\"input\"],\"old_classname\":\"\",\"wrap_template\":\"wrap-no-label\"}];nfForms.push(form);<\/script>\n        <\/p><\/div><\/div><\/div><\/div>\n<div class=\"vamtam-blank-space  vamtam-hide-lowres\" style=\"height:70px\"><\/div><\/div><\/div><\/div><\/div>\n","protected":false},"excerpt":{"rendered":"<p>\u00bfQuieres trabajar con nosotros? En Grup Travi buscamos personas apasionadas y dedicadas para unirse a nuestro equipo. Estamos ansiosos por dar la bienvenida a personas capaces de aportar su grano de arena a nuestro equipo, a aquellos con hambre de&#8230;<\/p>\n","protected":false},"author":1,"featured_media":0,"parent":0,"menu_order":0,"comment_status":"closed","ping_status":"open","template":"","meta":{"footnotes":""},"yoast_head":"<!-- This site is optimized with the Yoast SEO plugin v24.5 - https:\/\/yoast.com\/wordpress\/plugins\/seo\/ -->\n<title>Enviar CV - Grup Travi<\/title>\n<meta name=\"robots\" content=\"index, follow, max-snippet:-1, max-image-preview:large, max-video-preview:-1\" \/>\n<link rel=\"canonical\" href=\"https:\/\/gruptravi.com\/es\/enviar-cv\/\" \/>\n<meta property=\"og:locale\" content=\"es_ES\" \/>\n<meta property=\"og:type\" content=\"article\" \/>\n<meta property=\"og:title\" content=\"Enviar CV - Grup Travi\" \/>\n<meta property=\"og:description\" content=\"\u00bfQuieres trabajar con nosotros? En Grup Travi buscamos personas apasionadas y dedicadas para unirse a nuestro equipo. Estamos ansiosos por dar la bienvenida a personas capaces de aportar su grano de arena a nuestro equipo, a aquellos con hambre de...\" \/>\n<meta property=\"og:url\" content=\"https:\/\/gruptravi.com\/es\/enviar-cv\/\" \/>\n<meta property=\"og:site_name\" content=\"Grup Travi\" \/>\n<meta property=\"article:modified_time\" content=\"2021-07-08T10:59:17+00:00\" \/>\n<meta name=\"twitter:card\" content=\"summary_large_image\" \/>\n<meta name=\"twitter:label1\" content=\"Tiempo de lectura\" \/>\n\t<meta name=\"twitter:data1\" content=\"2 minutos\" \/>\n<script type=\"application\/ld+json\" class=\"yoast-schema-graph\">{\"@context\":\"https:\/\/schema.org\",\"@graph\":[{\"@type\":\"WebPage\",\"@id\":\"https:\/\/gruptravi.com\/es\/enviar-cv\/\",\"url\":\"https:\/\/gruptravi.com\/es\/enviar-cv\/\",\"name\":\"Enviar CV - Grup Travi\",\"isPartOf\":{\"@id\":\"https:\/\/gruptravi.com\/ca\/#website\"},\"datePublished\":\"2014-07-04T23:25:06+00:00\",\"dateModified\":\"2021-07-08T10:59:17+00:00\",\"breadcrumb\":{\"@id\":\"https:\/\/gruptravi.com\/es\/enviar-cv\/#breadcrumb\"},\"inLanguage\":\"es\",\"potentialAction\":[{\"@type\":\"ReadAction\",\"target\":[\"https:\/\/gruptravi.com\/es\/enviar-cv\/\"]}]},{\"@type\":\"BreadcrumbList\",\"@id\":\"https:\/\/gruptravi.com\/es\/enviar-cv\/#breadcrumb\",\"itemListElement\":[{\"@type\":\"ListItem\",\"position\":1,\"name\":\"Portada\",\"item\":\"https:\/\/gruptravi.com\/es\/\"},{\"@type\":\"ListItem\",\"position\":2,\"name\":\"Enviar CV\"}]},{\"@type\":\"WebSite\",\"@id\":\"https:\/\/gruptravi.com\/ca\/#website\",\"url\":\"https:\/\/gruptravi.com\/ca\/\",\"name\":\"Grup Travi\",\"description\":\"\",\"potentialAction\":[{\"@type\":\"SearchAction\",\"target\":{\"@type\":\"EntryPoint\",\"urlTemplate\":\"https:\/\/gruptravi.com\/ca\/?s={search_term_string}\"},\"query-input\":{\"@type\":\"PropertyValueSpecification\",\"valueRequired\":true,\"valueName\":\"search_term_string\"}}],\"inLanguage\":\"es\"}]}<\/script>\n<!-- \/ Yoast SEO plugin. -->","yoast_head_json":{"title":"Enviar CV - Grup Travi","robots":{"index":"index","follow":"follow","max-snippet":"max-snippet:-1","max-image-preview":"max-image-preview:large","max-video-preview":"max-video-preview:-1"},"canonical":"https:\/\/gruptravi.com\/es\/enviar-cv\/","og_locale":"es_ES","og_type":"article","og_title":"Enviar CV - Grup Travi","og_description":"\u00bfQuieres trabajar con nosotros? En Grup Travi buscamos personas apasionadas y dedicadas para unirse a nuestro equipo. Estamos ansiosos por dar la bienvenida a personas capaces de aportar su grano de arena a nuestro equipo, a aquellos con hambre de...","og_url":"https:\/\/gruptravi.com\/es\/enviar-cv\/","og_site_name":"Grup Travi","article_modified_time":"2021-07-08T10:59:17+00:00","twitter_card":"summary_large_image","twitter_misc":{"Tiempo de lectura":"2 minutos"},"schema":{"@context":"https:\/\/schema.org","@graph":[{"@type":"WebPage","@id":"https:\/\/gruptravi.com\/es\/enviar-cv\/","url":"https:\/\/gruptravi.com\/es\/enviar-cv\/","name":"Enviar CV - Grup Travi","isPartOf":{"@id":"https:\/\/gruptravi.com\/ca\/#website"},"datePublished":"2014-07-04T23:25:06+00:00","dateModified":"2021-07-08T10:59:17+00:00","breadcrumb":{"@id":"https:\/\/gruptravi.com\/es\/enviar-cv\/#breadcrumb"},"inLanguage":"es","potentialAction":[{"@type":"ReadAction","target":["https:\/\/gruptravi.com\/es\/enviar-cv\/"]}]},{"@type":"BreadcrumbList","@id":"https:\/\/gruptravi.com\/es\/enviar-cv\/#breadcrumb","itemListElement":[{"@type":"ListItem","position":1,"name":"Portada","item":"https:\/\/gruptravi.com\/es\/"},{"@type":"ListItem","position":2,"name":"Enviar CV"}]},{"@type":"WebSite","@id":"https:\/\/gruptravi.com\/ca\/#website","url":"https:\/\/gruptravi.com\/ca\/","name":"Grup Travi","description":"","potentialAction":[{"@type":"SearchAction","target":{"@type":"EntryPoint","urlTemplate":"https:\/\/gruptravi.com\/ca\/?s={search_term_string}"},"query-input":{"@type":"PropertyValueSpecification","valueRequired":true,"valueName":"search_term_string"}}],"inLanguage":"es"}]}},"_links":{"self":[{"href":"https:\/\/gruptravi.com\/es\/wp-json\/wp\/v2\/pages\/8024"}],"collection":[{"href":"https:\/\/gruptravi.com\/es\/wp-json\/wp\/v2\/pages"}],"about":[{"href":"https:\/\/gruptravi.com\/es\/wp-json\/wp\/v2\/types\/page"}],"author":[{"embeddable":true,"href":"https:\/\/gruptravi.com\/es\/wp-json\/wp\/v2\/users\/1"}],"replies":[{"embeddable":true,"href":"https:\/\/gruptravi.com\/es\/wp-json\/wp\/v2\/comments?post=8024"}],"version-history":[{"count":0,"href":"https:\/\/gruptravi.com\/es\/wp-json\/wp\/v2\/pages\/8024\/revisions"}],"wp:attachment":[{"href":"https:\/\/gruptravi.com\/es\/wp-json\/wp\/v2\/media?parent=8024"}],"curies":[{"name":"wp","href":"https:\/\/api.w.org\/{rel}","templated":true}]}}