{"id":9982,"date":"2015-02-16T02:45:49","date_gmt":"2015-02-16T02:45:49","guid":{"rendered":"https:\/\/vip-restaurant.vamtam.com\/?page_id=9982"},"modified":"2022-08-17T08:47:11","modified_gmt":"2022-08-17T07:47:11","slug":"reserva-el-pintor","status":"publish","type":"page","link":"https:\/\/gruptravi.com\/es\/reserva-el-pintor\/","title":{"rendered":"Reserva El Pintor"},"content":{"rendered":"<div class=\"row \"><div class=\"vamtam-grid grid-1-1  vamtam-first-level grid-1-1  first has-background extended no-extended-padding\" style=\"background-color:#F5F3F0;padding-top:0.05px;padding-bottom:40px;\" id=\"vamtam-column-5d78f14c86b814fc751e622b247631f7\" ><div class=\"limit-wrapper\"><div class=\"extended-column-inner\"><style>#vamtam-column-5d78f14c86b814fc751e622b247631f7,#vamtam-column-5d78f14c86b814fc751e622b247631f7 p,#vamtam-column-5d78f14c86b814fc751e622b247631f7 em,#vamtam-column-5d78f14c86b814fc751e622b247631f7 h1,#vamtam-column-5d78f14c86b814fc751e622b247631f7 h2,#vamtam-column-5d78f14c86b814fc751e622b247631f7 h3,#vamtam-column-5d78f14c86b814fc751e622b247631f7 h4,#vamtam-column-5d78f14c86b814fc751e622b247631f7 h5,#vamtam-column-5d78f14c86b814fc751e622b247631f7 h6,#vamtam-column-5d78f14c86b814fc751e622b247631f7 h1 a:not(:hover),#vamtam-column-5d78f14c86b814fc751e622b247631f7 h2 a:not(:hover),#vamtam-column-5d78f14c86b814fc751e622b247631f7 h3 a:not(:hover),#vamtam-column-5d78f14c86b814fc751e622b247631f7 h4 a:not(:hover),#vamtam-column-5d78f14c86b814fc751e622b247631f7 h5 a:not(:hover),#vamtam-column-5d78f14c86b814fc751e622b247631f7 h6 a:not(:hover),#vamtam-column-5d78f14c86b814fc751e622b247631f7 .column-title,#vamtam-column-5d78f14c86b814fc751e622b247631f7 .sep-text h2.regular-title-wrapper,#vamtam-column-5d78f14c86b814fc751e622b247631f7 .text-divider-double,#vamtam-column-5d78f14c86b814fc751e622b247631f7 .sep-text .sep-text-line,#vamtam-column-5d78f14c86b814fc751e622b247631f7 .sep,#vamtam-column-5d78f14c86b814fc751e622b247631f7 .sep-2,#vamtam-column-5d78f14c86b814fc751e622b247631f7 .sep-3,#vamtam-column-5d78f14c86b814fc751e622b247631f7 .portfolio-filters .inner-wrapper .cbp-filter-item,#vamtam-column-5d78f14c86b814fc751e622b247631f7 .portfolio-filters .inner-wrapper .cbp-filter-item:hover,#vamtam-column-5d78f14c86b814fc751e622b247631f7 .portfolio-filters .inner-wrapper .cbp-filter-item.cbp-filter-item-active,#vamtam-column-5d78f14c86b814fc751e622b247631f7 td,#vamtam-column-5d78f14c86b814fc751e622b247631f7 th,#vamtam-column-5d78f14c86b814fc751e622b247631f7 caption{color:#272727;}<\/style><div class=\"vamtam-blank-space  vamtam-hide-lowres\" style=\"margin-bottom:-40px\"><\/div>\n<div class=\"row \"><div class=\"vamtam-grid grid-1-4  grid-1-4  first unextended has-extended-padding\" style=\"padding-top:0.05px;padding-bottom:0.05px;\" id=\"vamtam-column-f2b90c45f94f2078f51cb8b86790bdb9\" ><\/div>\n<div class=\"vamtam-grid grid-1-2  grid-1-2 vamtam-add-ornaments-all has-background unextended no-extended-padding\" style=\"background-color:#ffffff;padding-top:20px;padding-bottom:10px;\" id=\"vamtam-column-e7e91013c333717d74ac0d179a9a8163\" ><style>#vamtam-column-e7e91013c333717d74ac0d179a9a8163,#vamtam-column-e7e91013c333717d74ac0d179a9a8163 p,#vamtam-column-e7e91013c333717d74ac0d179a9a8163 em,#vamtam-column-e7e91013c333717d74ac0d179a9a8163 h1,#vamtam-column-e7e91013c333717d74ac0d179a9a8163 h2,#vamtam-column-e7e91013c333717d74ac0d179a9a8163 h3,#vamtam-column-e7e91013c333717d74ac0d179a9a8163 h4,#vamtam-column-e7e91013c333717d74ac0d179a9a8163 h5,#vamtam-column-e7e91013c333717d74ac0d179a9a8163 h6,#vamtam-column-e7e91013c333717d74ac0d179a9a8163 h1 a:not(:hover),#vamtam-column-e7e91013c333717d74ac0d179a9a8163 h2 a:not(:hover),#vamtam-column-e7e91013c333717d74ac0d179a9a8163 h3 a:not(:hover),#vamtam-column-e7e91013c333717d74ac0d179a9a8163 h4 a:not(:hover),#vamtam-column-e7e91013c333717d74ac0d179a9a8163 h5 a:not(:hover),#vamtam-column-e7e91013c333717d74ac0d179a9a8163 h6 a:not(:hover),#vamtam-column-e7e91013c333717d74ac0d179a9a8163 .column-title,#vamtam-column-e7e91013c333717d74ac0d179a9a8163 .sep-text h2.regular-title-wrapper,#vamtam-column-e7e91013c333717d74ac0d179a9a8163 .text-divider-double,#vamtam-column-e7e91013c333717d74ac0d179a9a8163 .sep-text .sep-text-line,#vamtam-column-e7e91013c333717d74ac0d179a9a8163 .sep,#vamtam-column-e7e91013c333717d74ac0d179a9a8163 .sep-2,#vamtam-column-e7e91013c333717d74ac0d179a9a8163 .sep-3,#vamtam-column-e7e91013c333717d74ac0d179a9a8163 .portfolio-filters .inner-wrapper .cbp-filter-item,#vamtam-column-e7e91013c333717d74ac0d179a9a8163 .portfolio-filters .inner-wrapper .cbp-filter-item:hover,#vamtam-column-e7e91013c333717d74ac0d179a9a8163 .portfolio-filters .inner-wrapper .cbp-filter-item.cbp-filter-item-active,#vamtam-column-e7e91013c333717d74ac0d179a9a8163 td,#vamtam-column-e7e91013c333717d74ac0d179a9a8163 th,#vamtam-column-e7e91013c333717d74ac0d179a9a8163 caption{color:#333;}#vamtam-column-e7e91013c333717d74ac0d179a9a8163:before{background-color:#fff;}#vamtam-column-e7e91013c333717d74ac0d179a9a8163:after{background-color:#fff;}<\/style><div class=\"row \"><div class=\"vamtam-grid grid-1-1  grid-1-1  first unextended no-extended-padding\" style=\"padding-top:0.05px;padding-bottom:0.05px;\" id=\"vamtam-column-cf85f3d873dfb2f6fc8060b1a830be96\" ><p style=\"text-align: center;\">\u2748<\/p><\/div><\/div>\n<div class=\"row \"><div class=\"vamtam-grid grid-1-1  grid-1-1  first unextended no-extended-padding\" style=\"padding-top:0.05px;padding-bottom:0.05px;\" id=\"vamtam-column-d2f18c6ba2e54d13329e1dcb7865d786\" ><p>\n<div class=\"wpcf7 no-js\" id=\"wpcf7-f15012-o1\" lang=\"ca\" dir=\"ltr\">\n<div class=\"screen-reader-response\"><p role=\"status\" aria-live=\"polite\" aria-atomic=\"true\"><\/p> <ul><\/ul><\/div>\n<form action=\"\/es\/wp-json\/wp\/v2\/pages\/9982#wpcf7-f15012-o1\" method=\"post\" class=\"wpcf7-form init\" aria-label=\"Formulari de contacte\" novalidate=\"novalidate\" data-status=\"init\">\n<div style=\"display: none;\">\n<input type=\"hidden\" name=\"_wpcf7\" value=\"15012\" \/>\n<input type=\"hidden\" name=\"_wpcf7_version\" value=\"5.9.8\" \/>\n<input type=\"hidden\" name=\"_wpcf7_locale\" value=\"ca\" \/>\n<input type=\"hidden\" name=\"_wpcf7_unit_tag\" value=\"wpcf7-f15012-o1\" \/>\n<input type=\"hidden\" name=\"_wpcf7_container_post\" value=\"0\" \/>\n<input type=\"hidden\" name=\"_wpcf7_posted_data_hash\" value=\"\" \/>\n<input type=\"hidden\" name=\"_wpcf7_recaptcha_response\" value=\"\" \/>\n<\/div>\n<p><label> Su nombre y apellidos*<br \/>\n<span class=\"wpcf7-form-control-wrap\" data-name=\"your-name\"><input size=\"40\" maxlength=\"400\" class=\"wpcf7-form-control wpcf7-text wpcf7-validates-as-required\" aria-required=\"true\" aria-invalid=\"false\" value=\"\" type=\"text\" name=\"your-name\" \/><\/span> <\/label>\n<\/p>\n<p><label> Su correo electr\u00f3nico*<br \/>\n<span class=\"wpcf7-form-control-wrap\" data-name=\"your-email\"><input size=\"40\" maxlength=\"400\" class=\"wpcf7-form-control wpcf7-email wpcf7-validates-as-required wpcf7-text wpcf7-validates-as-email\" aria-required=\"true\" aria-invalid=\"false\" value=\"\" type=\"email\" name=\"your-email\" \/><\/span> <\/label>\n<\/p>\n<p><label> Fecha*<br \/>\n<span class=\"wpcf7-form-control-wrap\" data-name=\"date-580\"><input class=\"wpcf7-form-control wpcf7-date wpcf7-validates-as-required wpcf7-validates-as-date\" aria-required=\"true\" aria-invalid=\"false\" value=\"\" type=\"date\" name=\"date-580\" \/><\/span><\/label>\n<\/p>\n<p><label> Hora*<br \/>\n<span class=\"wpcf7-form-control-wrap\" data-name=\"tu-hora\"><input size=\"40\" maxlength=\"400\" class=\"wpcf7-form-control wpcf7-text wpcf7-validates-as-required\" aria-required=\"true\" aria-invalid=\"false\" value=\"\" type=\"text\" name=\"tu-hora\" \/><\/span><\/label>\n<\/p>\n<p><label> Comensales*<br \/>\n<span class=\"wpcf7-form-control-wrap\" data-name=\"comensales\"><input class=\"wpcf7-form-control wpcf7-number wpcf7-validates-as-required wpcf7-validates-as-number\" min=\"1\" aria-required=\"true\" aria-invalid=\"false\" value=\"1\" type=\"number\" name=\"comensales\" \/><\/span><\/label>\n<\/p>\n<p><label>Tel\u00e9fono*<br \/>\n<span class=\"wpcf7-form-control-wrap\" data-name=\"tel-704\"><input size=\"40\" maxlength=\"400\" class=\"wpcf7-form-control wpcf7-tel wpcf7-validates-as-required wpcf7-text wpcf7-validates-as-tel\" aria-required=\"true\" aria-invalid=\"false\" value=\"\" type=\"tel\" name=\"tel-704\" \/><\/span><\/label>\n<\/p>\n<p><label> Su mensaje (opcional)<br \/>\n<span class=\"wpcf7-form-control-wrap\" data-name=\"your-message\"><textarea cols=\"40\" rows=\"10\" maxlength=\"2000\" class=\"wpcf7-form-control wpcf7-textarea\" aria-invalid=\"false\" name=\"your-message\"><\/textarea><\/span> <\/label>\n<\/p>\n<p><span class=\"wpcf7-form-control-wrap\" data-name=\"acceptance-761\"><span class=\"wpcf7-form-control wpcf7-acceptance\"><span class=\"wpcf7-list-item\"><label><input type=\"checkbox\" name=\"acceptance-761\" value=\"1\" aria-invalid=\"false\" \/><span class=\"wpcf7-list-item-label\">He leido y acepto la <a href=\"\/es\/politica-de-privacidad\" target=\"_blank\">Pol\u00edtica de privacidad<\/a><\/span><\/label><\/span><\/span><\/span>\n<\/p>\n<p><input class=\"wpcf7-form-control wpcf7-submit has-spinner\" type=\"submit\" value=\"Enviar\" \/>\n<\/p>\n<p>Importante: La reserva no queda completa hasta la confirmaci\u00f3n del restaurante v\u00eda e-mail o v\u00eda telef\u00f3nica.<br \/>\n*Campos obligatorios\n<\/p><p style=\"display: none !important;\" class=\"akismet-fields-container\" data-prefix=\"_wpcf7_ak_\"><label>&#916;<textarea name=\"_wpcf7_ak_hp_textarea\" cols=\"45\" rows=\"8\" maxlength=\"100\"><\/textarea><\/label><input type=\"hidden\" id=\"ak_js_1\" name=\"_wpcf7_ak_js\" value=\"205\"\/><script>document.getElementById( \"ak_js_1\" ).setAttribute( \"value\", ( new Date() ).getTime() );<\/script><\/p><div class=\"wpcf7-response-output\" aria-hidden=\"true\"><\/div>\n<\/form>\n<\/div>\n<\/p><\/div><\/div><\/div><\/div>\n<div class=\"vamtam-blank-space \" style=\"height:60px\"><\/div>\n<div class=\"row \"><div class=\"vamtam-grid grid-1-1  grid-1-1  first unextended no-extended-padding\" style=\"padding-top:0.05px;padding-bottom:0.05px;\" id=\"vamtam-column-d0ff3a9840a2f81d745417c5f92f9de0\" ><p style=\"text-align: center;\">\u2748<\/p><\/div><\/div>\n<div class=\"vamtam-blank-space  vamtam-hide-lowres\" style=\"height:60px\"><\/div><\/div><\/div><\/div><\/div>\n<div class=\"vamtam-blank-space  vamtam-hide-lowres\" style=\"margin-bottom:-40px\"><\/div>\n<div class=\"limit-wrapper\"><div class=\"row \"><div class=\"vamtam-grid grid-1-3  vamtam-first-level grid-1-3  first unextended no-extended-padding\" style=\"padding-top:40px;padding-bottom:60px;\" id=\"vamtam-column-eb675982b6ec8934472b8837752d55b3\" ><\/div>\n<div class=\"vamtam-grid grid-1-3  vamtam-first-level grid-1-3 vamtam-add-ornaments-all has-background unextended left-border no-extended-padding\" style=\"background-color:#23282F;padding-top:0.05px;padding-bottom:40px;\" id=\"vamtam-column-436d27ff760a60a3c3ad445fd87f9468\" ><style>#vamtam-column-436d27ff760a60a3c3ad445fd87f9468,#vamtam-column-436d27ff760a60a3c3ad445fd87f9468 p,#vamtam-column-436d27ff760a60a3c3ad445fd87f9468 em,#vamtam-column-436d27ff760a60a3c3ad445fd87f9468 h1,#vamtam-column-436d27ff760a60a3c3ad445fd87f9468 h2,#vamtam-column-436d27ff760a60a3c3ad445fd87f9468 h3,#vamtam-column-436d27ff760a60a3c3ad445fd87f9468 h4,#vamtam-column-436d27ff760a60a3c3ad445fd87f9468 h5,#vamtam-column-436d27ff760a60a3c3ad445fd87f9468 h6,#vamtam-column-436d27ff760a60a3c3ad445fd87f9468 h1 a:not(:hover),#vamtam-column-436d27ff760a60a3c3ad445fd87f9468 h2 a:not(:hover),#vamtam-column-436d27ff760a60a3c3ad445fd87f9468 h3 a:not(:hover),#vamtam-column-436d27ff760a60a3c3ad445fd87f9468 h4 a:not(:hover),#vamtam-column-436d27ff760a60a3c3ad445fd87f9468 h5 a:not(:hover),#vamtam-column-436d27ff760a60a3c3ad445fd87f9468 h6 a:not(:hover),#vamtam-column-436d27ff760a60a3c3ad445fd87f9468 .column-title,#vamtam-column-436d27ff760a60a3c3ad445fd87f9468 .sep-text h2.regular-title-wrapper,#vamtam-column-436d27ff760a60a3c3ad445fd87f9468 .text-divider-double,#vamtam-column-436d27ff760a60a3c3ad445fd87f9468 .sep-text .sep-text-line,#vamtam-column-436d27ff760a60a3c3ad445fd87f9468 .sep,#vamtam-column-436d27ff760a60a3c3ad445fd87f9468 .sep-2,#vamtam-column-436d27ff760a60a3c3ad445fd87f9468 .sep-3,#vamtam-column-436d27ff760a60a3c3ad445fd87f9468 .portfolio-filters .inner-wrapper .cbp-filter-item,#vamtam-column-436d27ff760a60a3c3ad445fd87f9468 .portfolio-filters .inner-wrapper .cbp-filter-item:hover,#vamtam-column-436d27ff760a60a3c3ad445fd87f9468 .portfolio-filters .inner-wrapper .cbp-filter-item.cbp-filter-item-active,#vamtam-column-436d27ff760a60a3c3ad445fd87f9468 td,#vamtam-column-436d27ff760a60a3c3ad445fd87f9468 th,#vamtam-column-436d27ff760a60a3c3ad445fd87f9468 caption{color:#f5f5f5;}#vamtam-column-436d27ff760a60a3c3ad445fd87f9468:before{background-color:#23282f;}#vamtam-column-436d27ff760a60a3c3ad445fd87f9468:after{background-color:#23282f;}<\/style><div class=\"row \"><div class=\"vamtam-grid grid-1-1  grid-1-1 vamtam-add-ornaments-all first has-background unextended no-extended-padding\" style=\"background-color:#cd9b33;padding-top:20px;padding-bottom:20px;\" id=\"vamtam-column-b38f9674ecf824d52545424cfa3f8097\" ><style>#vamtam-column-b38f9674ecf824d52545424cfa3f8097,#vamtam-column-b38f9674ecf824d52545424cfa3f8097 p,#vamtam-column-b38f9674ecf824d52545424cfa3f8097 em,#vamtam-column-b38f9674ecf824d52545424cfa3f8097 h1,#vamtam-column-b38f9674ecf824d52545424cfa3f8097 h2,#vamtam-column-b38f9674ecf824d52545424cfa3f8097 h3,#vamtam-column-b38f9674ecf824d52545424cfa3f8097 h4,#vamtam-column-b38f9674ecf824d52545424cfa3f8097 h5,#vamtam-column-b38f9674ecf824d52545424cfa3f8097 h6,#vamtam-column-b38f9674ecf824d52545424cfa3f8097 h1 a:not(:hover),#vamtam-column-b38f9674ecf824d52545424cfa3f8097 h2 a:not(:hover),#vamtam-column-b38f9674ecf824d52545424cfa3f8097 h3 a:not(:hover),#vamtam-column-b38f9674ecf824d52545424cfa3f8097 h4 a:not(:hover),#vamtam-column-b38f9674ecf824d52545424cfa3f8097 h5 a:not(:hover),#vamtam-column-b38f9674ecf824d52545424cfa3f8097 h6 a:not(:hover),#vamtam-column-b38f9674ecf824d52545424cfa3f8097 .column-title,#vamtam-column-b38f9674ecf824d52545424cfa3f8097 .sep-text h2.regular-title-wrapper,#vamtam-column-b38f9674ecf824d52545424cfa3f8097 .text-divider-double,#vamtam-column-b38f9674ecf824d52545424cfa3f8097 .sep-text .sep-text-line,#vamtam-column-b38f9674ecf824d52545424cfa3f8097 .sep,#vamtam-column-b38f9674ecf824d52545424cfa3f8097 .sep-2,#vamtam-column-b38f9674ecf824d52545424cfa3f8097 .sep-3,#vamtam-column-b38f9674ecf824d52545424cfa3f8097 .portfolio-filters .inner-wrapper .cbp-filter-item,#vamtam-column-b38f9674ecf824d52545424cfa3f8097 .portfolio-filters .inner-wrapper .cbp-filter-item:hover,#vamtam-column-b38f9674ecf824d52545424cfa3f8097 .portfolio-filters .inner-wrapper .cbp-filter-item.cbp-filter-item-active,#vamtam-column-b38f9674ecf824d52545424cfa3f8097 td,#vamtam-column-b38f9674ecf824d52545424cfa3f8097 th,#vamtam-column-b38f9674ecf824d52545424cfa3f8097 caption{color:#fff;}#vamtam-column-b38f9674ecf824d52545424cfa3f8097:before{background-color:#cd9b33;}#vamtam-column-b38f9674ecf824d52545424cfa3f8097:after{background-color:#cd9b33;}<\/style><div class=\"row \"><div class=\"vamtam-grid grid-1-1  grid-1-1  first unextended animation-fade-in animated-active no-extended-padding\" style=\"padding-top:0.05px;padding-bottom:0.05px;\" id=\"vamtam-column-0719283fc086b849cc950020879947ae\" ><p style=\"text-align: center;\"><span class='icon shortcode theme  use-hover' style='color:#ffffff;font-size:120px !important;'>&#59656;<\/span>\n<span class=\"vamtam-blank-space \" style=\"margin-bottom:-10px\"><\/span>\n<h3 style=\"text-align: center;\">Ll\u00e1menos<\/h3>\n<h5 style=\"text-align: center;\">(+34) 93 301 40 65<\/h5>\n<p style=\"text-align: center;\">HAGANOS SU CONSULTA<\/p>\n<p style=\"text-align: center;\"><a href=\"https:\/\/www.tripadvisor.es\/Restaurant_Review-g187497-d717238-Reviews-El_Pintor-Barcelona_Catalonia.html\"> <span class='icon shortcode theme  use-hover' style='color:#ffffff;font-size:38px !important;'>&#59657;<\/span><\/a><\/p>\n<p style=\"text-align: center;\"><a href=\"https:\/\/www.instagram.com\/restaurantelpintor\/?hl=es\"><span class='icon shortcode   use-hover' style='color:#ffffff;font-size:20px !important;'>&#58158;<\/span><\/a>\u00a0 <a href=\"https:\/\/www.facebook.com\/Restaurant-El-Pintor-1074767496015304\/\"><span class='icon shortcode   use-hover' style='color:#ffffff;font-size:20px !important;'>&#58155;<\/span><\/a><\/p>\n<p style=\"text-align: center;\"><\/div><\/div><\/div><\/div>\n<div class=\"vamtam-blank-space \" style=\"height:50px\"><\/div>\n<div class=\"row \"><div class=\"vamtam-grid grid-1-1  grid-1-1  first unextended animation-fade-in animated-active no-extended-padding\" style=\"padding-top:0.05px;padding-bottom:0.05px;\" id=\"vamtam-column-d94bb972467cefecd42267c44e0c2ea5\" ><span class=\"vamtam-blank-space  vamtam-hide-lowres\" style=\"height:30px\"><\/span>\n<h5 style=\"text-align: center;\">Horario de Cocina<\/h5>\n<p class=\"color-accent-4\" style=\"text-align: center;\">De lunes a domingo<br \/>\n13:00 \u2013 16:00h.<br \/>\n20:00 \u2013 23:00h.<\/p>\n<p style=\"text-align: center;\"><\/div><\/div><\/div>\n<div class=\"vamtam-grid grid-1-3  vamtam-first-level grid-1-3  unextended no-extended-padding\" style=\"padding-top:40px;padding-bottom:0.05px;\" id=\"vamtam-column-7ccd9c56a4691242e1c3bb3f6557569b\" ><\/div><\/div><\/div>\n<div class=\"limit-wrapper\"><div class=\"row \"><div class=\"vamtam-grid grid-1-1  vamtam-first-level grid-1-1  first vamtam-hide-lowres unextended no-extended-padding\" style=\"padding-top:60px;padding-bottom:10px;\" id=\"vamtam-column-2b8538a5dfa657e018e312fa577a9280\" ><div class=\"row \"><div class=\"vamtam-grid grid-1-1  grid-1-1  first unextended no-extended-padding\" style=\"padding-top:0.05px;padding-bottom:0.05px;\" id=\"vamtam-column-a818928dbbe436248b9636160f790768\" ><p style=\"text-align: center;\">\u2748<\/p><\/div><\/div><\/div><\/div><\/div>\n","protected":false},"excerpt":{"rendered":"<p>\u2748 \u2748 Ll\u00e1menos (+34) 93 301 40 65 HAGANOS SU CONSULTA \u00a0 Horario de Cocina De lunes a domingo 13:00 \u2013 16:00h. 20:00 \u2013 23:00h. \u2748<\/p>\n","protected":false},"author":3,"featured_media":0,"parent":0,"menu_order":0,"comment_status":"closed","ping_status":"closed","template":"","meta":{"footnotes":""},"yoast_head":"<!-- This site is optimized with the Yoast SEO plugin v24.5 - https:\/\/yoast.com\/wordpress\/plugins\/seo\/ -->\n<title>Reserva El Pintor - Grup Travi<\/title>\n<meta name=\"description\" content=\"Reserva El Pintor. Aqu\u00ed podr\u00e1s hacer tu reserva a nuestro restaurante El Pintor. Rellena nuestro formulario o ll\u00e1manos al 93 301 40 65.\" \/>\n<meta name=\"robots\" content=\"index, follow, max-snippet:-1, max-image-preview:large, max-video-preview:-1\" \/>\n<link rel=\"canonical\" href=\"https:\/\/gruptravi.com\/es\/reserva-el-pintor\/\" \/>\n<meta property=\"og:locale\" content=\"es_ES\" \/>\n<meta property=\"og:type\" content=\"article\" \/>\n<meta property=\"og:title\" content=\"Reserva El Pintor\" \/>\n<meta property=\"og:description\" content=\"Reserva El Pintor. Aqu\u00ed podr\u00e1s hacer tu reserva a nuestro restaurante El Pintor. Rellena nuestro formulario o ll\u00e1manos al 93 301 40 65.\" \/>\n<meta property=\"og:url\" content=\"https:\/\/gruptravi.com\/es\/reserva-el-pintor\/\" \/>\n<meta property=\"og:site_name\" content=\"Grup Travi\" \/>\n<meta property=\"article:modified_time\" content=\"2022-08-17T07:47:11+00:00\" \/>\n<meta property=\"og:image\" content=\"https:\/\/gruptravi.com\/wp-content\/uploads\/2021\/07\/ElXalet_local_noche-10.jpg\" \/>\n\t<meta property=\"og:image:width\" content=\"2000\" \/>\n\t<meta property=\"og:image:height\" content=\"1333\" \/>\n\t<meta property=\"og:image:type\" content=\"image\/jpeg\" \/>\n<meta name=\"twitter:card\" content=\"summary_large_image\" \/>\n<meta name=\"twitter:title\" content=\"Reserva El Pintor\" \/>\n<meta name=\"twitter:description\" content=\"Reserva El Pintor. Aqu\u00ed podr\u00e1s hacer tu reserva a nuestro restaurante El Pintor. Rellena nuestro formulario o ll\u00e1manos al 93 301 40 65.\" \/>\n<meta name=\"twitter:image\" content=\"https:\/\/gruptravi.com\/wp-content\/uploads\/2021\/07\/ElXalet_local_noche-10.jpg\" \/>\n<meta name=\"twitter:label1\" content=\"Tiempo de lectura\" \/>\n\t<meta name=\"twitter:data1\" content=\"2 minutos\" \/>\n<script type=\"application\/ld+json\" class=\"yoast-schema-graph\">{\"@context\":\"https:\/\/schema.org\",\"@graph\":[{\"@type\":\"WebPage\",\"@id\":\"https:\/\/gruptravi.com\/es\/reserva-el-pintor\/\",\"url\":\"https:\/\/gruptravi.com\/es\/reserva-el-pintor\/\",\"name\":\"Reserva El Pintor - Grup Travi\",\"isPartOf\":{\"@id\":\"https:\/\/gruptravi.com\/ca\/#website\"},\"datePublished\":\"2015-02-16T02:45:49+00:00\",\"dateModified\":\"2022-08-17T07:47:11+00:00\",\"description\":\"Reserva El Pintor. Aqu\u00ed podr\u00e1s hacer tu reserva a nuestro restaurante El Pintor. Rellena nuestro formulario o ll\u00e1manos al 93 301 40 65.\",\"breadcrumb\":{\"@id\":\"https:\/\/gruptravi.com\/es\/reserva-el-pintor\/#breadcrumb\"},\"inLanguage\":\"es\",\"potentialAction\":[{\"@type\":\"ReadAction\",\"target\":[\"https:\/\/gruptravi.com\/es\/reserva-el-pintor\/\"]}]},{\"@type\":\"BreadcrumbList\",\"@id\":\"https:\/\/gruptravi.com\/es\/reserva-el-pintor\/#breadcrumb\",\"itemListElement\":[{\"@type\":\"ListItem\",\"position\":1,\"name\":\"Portada\",\"item\":\"https:\/\/gruptravi.com\/es\/\"},{\"@type\":\"ListItem\",\"position\":2,\"name\":\"Reserva El Pintor\"}]},{\"@type\":\"WebSite\",\"@id\":\"https:\/\/gruptravi.com\/ca\/#website\",\"url\":\"https:\/\/gruptravi.com\/ca\/\",\"name\":\"Grup Travi\",\"description\":\"\",\"potentialAction\":[{\"@type\":\"SearchAction\",\"target\":{\"@type\":\"EntryPoint\",\"urlTemplate\":\"https:\/\/gruptravi.com\/ca\/?s={search_term_string}\"},\"query-input\":{\"@type\":\"PropertyValueSpecification\",\"valueRequired\":true,\"valueName\":\"search_term_string\"}}],\"inLanguage\":\"es\"}]}<\/script>\n<!-- \/ Yoast SEO plugin. -->","yoast_head_json":{"title":"Reserva El Pintor - Grup Travi","description":"Reserva El Pintor. Aqu\u00ed podr\u00e1s hacer tu reserva a nuestro restaurante El Pintor. Rellena nuestro formulario o ll\u00e1manos al 93 301 40 65.","robots":{"index":"index","follow":"follow","max-snippet":"max-snippet:-1","max-image-preview":"max-image-preview:large","max-video-preview":"max-video-preview:-1"},"canonical":"https:\/\/gruptravi.com\/es\/reserva-el-pintor\/","og_locale":"es_ES","og_type":"article","og_title":"Reserva El Pintor","og_description":"Reserva El Pintor. Aqu\u00ed podr\u00e1s hacer tu reserva a nuestro restaurante El Pintor. Rellena nuestro formulario o ll\u00e1manos al 93 301 40 65.","og_url":"https:\/\/gruptravi.com\/es\/reserva-el-pintor\/","og_site_name":"Grup Travi","article_modified_time":"2022-08-17T07:47:11+00:00","og_image":[{"width":2000,"height":1333,"url":"https:\/\/gruptravi.com\/wp-content\/uploads\/2021\/07\/ElXalet_local_noche-10.jpg","type":"image\/jpeg"}],"twitter_card":"summary_large_image","twitter_title":"Reserva El Pintor","twitter_description":"Reserva El Pintor. Aqu\u00ed podr\u00e1s hacer tu reserva a nuestro restaurante El Pintor. Rellena nuestro formulario o ll\u00e1manos al 93 301 40 65.","twitter_image":"https:\/\/gruptravi.com\/wp-content\/uploads\/2021\/07\/ElXalet_local_noche-10.jpg","twitter_misc":{"Tiempo de lectura":"2 minutos"},"schema":{"@context":"https:\/\/schema.org","@graph":[{"@type":"WebPage","@id":"https:\/\/gruptravi.com\/es\/reserva-el-pintor\/","url":"https:\/\/gruptravi.com\/es\/reserva-el-pintor\/","name":"Reserva El Pintor - Grup Travi","isPartOf":{"@id":"https:\/\/gruptravi.com\/ca\/#website"},"datePublished":"2015-02-16T02:45:49+00:00","dateModified":"2022-08-17T07:47:11+00:00","description":"Reserva El Pintor. Aqu\u00ed podr\u00e1s hacer tu reserva a nuestro restaurante El Pintor. Rellena nuestro formulario o ll\u00e1manos al 93 301 40 65.","breadcrumb":{"@id":"https:\/\/gruptravi.com\/es\/reserva-el-pintor\/#breadcrumb"},"inLanguage":"es","potentialAction":[{"@type":"ReadAction","target":["https:\/\/gruptravi.com\/es\/reserva-el-pintor\/"]}]},{"@type":"BreadcrumbList","@id":"https:\/\/gruptravi.com\/es\/reserva-el-pintor\/#breadcrumb","itemListElement":[{"@type":"ListItem","position":1,"name":"Portada","item":"https:\/\/gruptravi.com\/es\/"},{"@type":"ListItem","position":2,"name":"Reserva El Pintor"}]},{"@type":"WebSite","@id":"https:\/\/gruptravi.com\/ca\/#website","url":"https:\/\/gruptravi.com\/ca\/","name":"Grup Travi","description":"","potentialAction":[{"@type":"SearchAction","target":{"@type":"EntryPoint","urlTemplate":"https:\/\/gruptravi.com\/ca\/?s={search_term_string}"},"query-input":{"@type":"PropertyValueSpecification","valueRequired":true,"valueName":"search_term_string"}}],"inLanguage":"es"}]}},"_links":{"self":[{"href":"https:\/\/gruptravi.com\/es\/wp-json\/wp\/v2\/pages\/9982"}],"collection":[{"href":"https:\/\/gruptravi.com\/es\/wp-json\/wp\/v2\/pages"}],"about":[{"href":"https:\/\/gruptravi.com\/es\/wp-json\/wp\/v2\/types\/page"}],"author":[{"embeddable":true,"href":"https:\/\/gruptravi.com\/es\/wp-json\/wp\/v2\/users\/3"}],"replies":[{"embeddable":true,"href":"https:\/\/gruptravi.com\/es\/wp-json\/wp\/v2\/comments?post=9982"}],"version-history":[{"count":4,"href":"https:\/\/gruptravi.com\/es\/wp-json\/wp\/v2\/pages\/9982\/revisions"}],"predecessor-version":[{"id":15737,"href":"https:\/\/gruptravi.com\/es\/wp-json\/wp\/v2\/pages\/9982\/revisions\/15737"}],"wp:attachment":[{"href":"https:\/\/gruptravi.com\/es\/wp-json\/wp\/v2\/media?parent=9982"}],"curies":[{"name":"wp","href":"https:\/\/api.w.org\/{rel}","templated":true}]}}